{"id":867,"date":"2012-02-29T23:13:11","date_gmt":"2012-02-29T23:13:11","guid":{"rendered":"http:\/\/www.interrapax.org\/?page_id=867"},"modified":"2012-07-23T13:29:38","modified_gmt":"2012-07-23T13:29:38","slug":"media","status":"publish","type":"page","link":"http:\/\/www.interrapax.org\/pl\/historia\/media\/","title":{"rendered":"Media"},"content":{"rendered":"<h2>Media<\/h2>\n<p>Film dokumentalny o &#8222;in terra pax&#8221; (autor: Ars\u00e8ne Kapikian, 2011) <\/p>\n<p><div style=\"width: 640px;\" class=\"wp-video\"><video class=\"wp-video-shortcode\" id=\"video-867-1\" width=\"640\" height=\"380\" preload=\"metadata\" controls=\"controls\"><source type=\"video\/mp4\" src=\"http:\/\/users.grummel.net\/interrapax\/itp_docu.mp4?_=1\" \/><a href=\"http:\/\/users.grummel.net\/interrapax\/itp_docu.mp4\">http:\/\/users.grummel.net\/interrapax\/itp_docu.mp4<\/a><\/video><\/div><br \/>\n<\/p>\n<p>Wyst\u0119p ch\u00f3ru &#8222;in terra pax&#8221; na koncercie galowym World Choir Championships (Graz, Austria, 2011)<\/p>\n<p><object style=\"height: 390px; width: 640px\"><param name=\"movie\" value=\"http:\/\/www.youtube.com\/v\/9ZNKADgLkrg?version=3&#038;feature=player_detailpage\"><param name=\"allowFullScreen\" value=\"true\"><param name=\"allowScriptAccess\" value=\"always\"><embed src=\"http:\/\/www.youtube.com\/v\/9ZNKADgLkrg?version=3&#038;feature=player_detailpage\" type=\"application\/x-shockwave-flash\" allowfullscreen=\"true\" allowScriptAccess=\"always\" width=\"640\" height=\"360\"><\/object><\/p>\n","protected":false},"excerpt":{"rendered":"<p>Media Film dokumentalny o &#8222;in terra pax&#8221; (autor: Ars\u00e8ne Kapikian, 2011) Wyst\u0119p ch\u00f3ru &#8222;in terra pax&#8221; na koncercie galowym World Choir Championships (Graz, Austria, 2011)<\/p>\n","protected":false},"author":13,"featured_media":0,"parent":373,"menu_order":3,"comment_status":"closed","ping_status":"open","template":"","meta":{"footnotes":""},"class_list":["post-867","page","type-page","status-publish","hentry"],"_links":{"self":[{"href":"http:\/\/www.interrapax.org\/pl\/wp-json\/wp\/v2\/pages\/867","targetHints":{"allow":["GET"]}}],"collection":[{"href":"http:\/\/www.interrapax.org\/pl\/wp-json\/wp\/v2\/pages"}],"about":[{"href":"http:\/\/www.interrapax.org\/pl\/wp-json\/wp\/v2\/types\/page"}],"author":[{"embeddable":true,"href":"http:\/\/www.interrapax.org\/pl\/wp-json\/wp\/v2\/users\/13"}],"replies":[{"embeddable":true,"href":"http:\/\/www.interrapax.org\/pl\/wp-json\/wp\/v2\/comments?post=867"}],"version-history":[{"count":5,"href":"http:\/\/www.interrapax.org\/pl\/wp-json\/wp\/v2\/pages\/867\/revisions"}],"predecessor-version":[{"id":1167,"href":"http:\/\/www.interrapax.org\/pl\/wp-json\/wp\/v2\/pages\/867\/revisions\/1167"}],"up":[{"embeddable":true,"href":"http:\/\/www.interrapax.org\/pl\/wp-json\/wp\/v2\/pages\/373"}],"wp:attachment":[{"href":"http:\/\/www.interrapax.org\/pl\/wp-json\/wp\/v2\/media?parent=867"}],"curies":[{"name":"wp","href":"https:\/\/api.w.org\/{rel}","templated":true}]}}