{"id":643,"date":"2012-02-04T03:05:02","date_gmt":"2012-02-04T03:05:02","guid":{"rendered":"http:\/\/www.interrapax.org\/?page_id=643"},"modified":"2015-07-03T15:09:16","modified_gmt":"2015-07-03T15:09:16","slug":"koncertow","status":"publish","type":"page","link":"http:\/\/www.interrapax.org\/pl\/historia\/koncertow\/","title":{"rendered":"Koncerty"},"content":{"rendered":"<h2>Trasy koncertowe<\/h2>\n<p>Po tygodniu warsztat\u00f3w w Mi\u0119dzyzdrojach, ch\u00f3r &#8222;in terra pax&#8221; rusza w trasy koncertowe po Polsce i zagranicy. Miejsca koncert\u00f3w zmieniaj\u0105 si\u0119 co roku. Dotychczas koncertowali\u015bmy w nast\u0119puj\u0105cych miastach:<\/p>\n<ul>\n<li>2015 trasa koncertowa po Polsce: Wroc\u0142aw, Krak\u00f3w, Rzesz\u00f3w<\/li>\n<li>2014 Hannover, Barsinghausen, Steinheim (Niemcy)<\/li>\n<li>2013 Abtei Marienm\u00fcnster (Niemcy) i Festival des Collines Chantantes w Cottance (Francja)<\/li>\n<li>2012 Steinheim-Bergheim, Empelde, Ronnenberg ko\u0142o Hannoweru (Niemcy)<\/li>\n<li>2011 World Choir Championships w Graz (Austria)<\/li>\n<li>2010 letni festiwal muzyczny w Batie d\u2019Urf\u00e9 ko\u0142o St. Etienne (Francja) oraz Stuttgart (Niemcy)<\/li>\n<li>2009 letni festiwal muzyczny w St. Etienne (Francja)<\/li>\n<li>2007 Steinheim, Westfalia (Niemcy)<\/li>\n<li>2005 Steinheim, Westfalia (Niemcy)<\/li>\n<li>2004 letni festiwal muzyczny w Saint-Bonnet-le-Ch\u00e2teau ko\u0142o St. Etienne (Francja)<\/li>\n<li>2003 letni festiwal muzyczny w Saint-Bonnet-le-Ch\u00e2teau ko\u0142o St. Etienne (Francja) oraz Nordrhein-Westfalen (Niemcy)<\/li>\n<li>2002 letni festiwal muzyczny w Saint-Bonnet-le-Ch\u00e2teau near St. Etienne (Francja) oraz Nordrhein-Westfalen (Niemcy)<\/li>\n<li>2001 Festival \u201cMillennium Pace\u201d w Walencji (Hiszpania)<\/li>\n<li>2000 EXPO 2000 w Hannowerze (Niemcy)<\/li>\n<li>1998 trasa koncertowa wzd\u0142u\u017c niemieckiego wybrze\u017ca Ba\u0142tyku (Ahlbeck, R\u00fcgen, Timmendorfer Strand, L\u00fcbeck) oraz Steinheim, Westfalia (Niemcy)<\/li>\n<li>1997 Marienm\u00fcnster, Steinheim, Paderborn, Bielefeld, Detmold, Rostock (Niemcy) oraz Szczecin <\/li>\n<li>1996 Jawor, \u015awidnica <\/li>\n<li>1995 Jawor, \u015awidnica <\/li>\n<li>1992 Szczecin oraz L\u00f6cknitz i Prenzlau (Niemcy)<\/li>\n<\/ul>\n","protected":false},"excerpt":{"rendered":"<p>Trasy koncertowe Po tygodniu warsztat\u00f3w w Mi\u0119dzyzdrojach, ch\u00f3r &#8222;in terra pax&#8221; rusza w trasy koncertowe po Polsce i zagranicy. Miejsca koncert\u00f3w zmieniaj\u0105 si\u0119 co roku. Dotychczas koncertowali\u015bmy w nast\u0119puj\u0105cych miastach: 2015 trasa koncertowa po Polsce: Wroc\u0142aw, Krak\u00f3w, Rzesz\u00f3w 2014 Hannover, &hellip; <a href=\"http:\/\/www.interrapax.org\/pl\/historia\/koncertow\/\">Continue reading <span class=\"meta-nav\">&rarr;<\/span><\/a><\/p>\n","protected":false},"author":13,"featured_media":0,"parent":373,"menu_order":0,"comment_status":"closed","ping_status":"closed","template":"","meta":{"footnotes":""},"class_list":["post-643","page","type-page","status-publish","hentry"],"_links":{"self":[{"href":"http:\/\/www.interrapax.org\/pl\/wp-json\/wp\/v2\/pages\/643","targetHints":{"allow":["GET"]}}],"collection":[{"href":"http:\/\/www.interrapax.org\/pl\/wp-json\/wp\/v2\/pages"}],"about":[{"href":"http:\/\/www.interrapax.org\/pl\/wp-json\/wp\/v2\/types\/page"}],"author":[{"embeddable":true,"href":"http:\/\/www.interrapax.org\/pl\/wp-json\/wp\/v2\/users\/13"}],"replies":[{"embeddable":true,"href":"http:\/\/www.interrapax.org\/pl\/wp-json\/wp\/v2\/comments?post=643"}],"version-history":[{"count":10,"href":"http:\/\/www.interrapax.org\/pl\/wp-json\/wp\/v2\/pages\/643\/revisions"}],"predecessor-version":[{"id":1630,"href":"http:\/\/www.interrapax.org\/pl\/wp-json\/wp\/v2\/pages\/643\/revisions\/1630"}],"up":[{"embeddable":true,"href":"http:\/\/www.interrapax.org\/pl\/wp-json\/wp\/v2\/pages\/373"}],"wp:attachment":[{"href":"http:\/\/www.interrapax.org\/pl\/wp-json\/wp\/v2\/media?parent=643"}],"curies":[{"name":"wp","href":"https:\/\/api.w.org\/{rel}","templated":true}]}}