{"id":536,"date":"2012-02-03T23:38:20","date_gmt":"2012-02-03T23:38:20","guid":{"rendered":"http:\/\/www.interrapax.org\/?page_id=536"},"modified":"2012-05-13T20:52:45","modified_gmt":"2012-05-13T20:52:45","slug":"don-james","status":"publish","type":"page","link":"http:\/\/www.interrapax.org\/pl\/history\/dirigenten\/don-james\/","title":{"rendered":"Don James"},"content":{"rendered":"<h1>Don James<\/h1>\n<p>Don James, founder and music director of the Powell River Academy of music and the International Choral Kathaumixw, is one of Canada&#8217;s leading choral conductors. He is the recipient of many awards including the Order of Canada and the Willan Award in recognition of his distinguished service to choral music. He holds diplomas and degrees in piano performance, music theory and literature and orchestral and choral conducting from the University of Toronto, Seattle Pacific University and the University of Washington. His conducting career includes opera, orchestra, choral\/orchestral works and Broadway musicals. He has commissioned several new works for choirs including fully staged music dramas for singers, instruments and dancers.<\/p>\n<p>Beginning with young singers in 1975, Mr. James has developed a comprehensive choral program at the Powell River Academy of Music encompassing singers of all ages. This program includes ten choirs, five conductors, two voice teachers and two accompanists.<br \/>\nDon James ist au\u00dferdem Gr\u00fcnder und Musikalischer Direktor des Internationalen Chorfestivals in Kathaumixw (British Columbia, Kanada). H\u00e4ufig wird er eingeladen, um bei Festivals auf der ganzen Welt als Gastdirigent, Juror und Redner t\u00e4tig zu sein.<br \/>\nDuring his career, Mr. James has initiated and developed many national and international projects and events. Mr. James is engaged frequently as a guest conductor, lecturer, adjudicator and clinician. He served as president of the Association of Canadian Choral conductors (1983-1988), board member of the International Federation of Choral Music (1985-1996), and board member of the World Symposium III on Choral Music (1990-1994). Currently Mr. James is president of the British Columbia Association of Community Music schools and board member of the British Columbia Choral Federation.<\/p>\n<p>In 1997 Don James was conductor of the Polish-German choral academy \u201ein terra pax\u201c.<\/p>\n","protected":false},"excerpt":{"rendered":"<p>Don James Don James, founder and music director of the Powell River Academy of music and the International Choral Kathaumixw, is one of Canada&#8217;s leading choral conductors. He is the recipient of many awards including the Order of Canada and &hellip; <a href=\"http:\/\/www.interrapax.org\/pl\/history\/dirigenten\/don-james\/\">Continue reading <span class=\"meta-nav\">&rarr;<\/span><\/a><\/p>\n","protected":false},"author":2,"featured_media":0,"parent":75,"menu_order":0,"comment_status":"closed","ping_status":"open","template":"","meta":{"footnotes":""},"class_list":["post-536","page","type-page","status-publish","hentry"],"_links":{"self":[{"href":"http:\/\/www.interrapax.org\/pl\/wp-json\/wp\/v2\/pages\/536","targetHints":{"allow":["GET"]}}],"collection":[{"href":"http:\/\/www.interrapax.org\/pl\/wp-json\/wp\/v2\/pages"}],"about":[{"href":"http:\/\/www.interrapax.org\/pl\/wp-json\/wp\/v2\/types\/page"}],"author":[{"embeddable":true,"href":"http:\/\/www.interrapax.org\/pl\/wp-json\/wp\/v2\/users\/2"}],"replies":[{"embeddable":true,"href":"http:\/\/www.interrapax.org\/pl\/wp-json\/wp\/v2\/comments?post=536"}],"version-history":[{"count":2,"href":"http:\/\/www.interrapax.org\/pl\/wp-json\/wp\/v2\/pages\/536\/revisions"}],"predecessor-version":[{"id":1117,"href":"http:\/\/www.interrapax.org\/pl\/wp-json\/wp\/v2\/pages\/536\/revisions\/1117"}],"up":[{"embeddable":true,"href":"http:\/\/www.interrapax.org\/pl\/wp-json\/wp\/v2\/pages\/75"}],"wp:attachment":[{"href":"http:\/\/www.interrapax.org\/pl\/wp-json\/wp\/v2\/media?parent=536"}],"curies":[{"name":"wp","href":"https:\/\/api.w.org\/{rel}","templated":true}]}}