{"id":418,"date":"2011-07-24T20:59:47","date_gmt":"2011-07-24T20:59:47","guid":{"rendered":"http:\/\/www.interrapax.org\/?page_id=418"},"modified":"2015-07-03T11:28:40","modified_gmt":"2015-07-03T11:28:40","slug":"szymon-wryrzykowski","status":"publish","type":"page","link":"http:\/\/www.interrapax.org\/pl\/historia\/conductors\/szymon-wryrzykowski\/","title":{"rendered":"Szymon Wyrzykowski"},"content":{"rendered":"<h2>Szymon Wyrzykowski<\/h2>\n<p>Edukacj\u0119 muzyczn\u0105 rozpocz\u0105\u0142 w sz\u00f3stym roku \u017cycia. Wszystkie etapy kszta\u0142cenia muzycznego uko\u0144czy\u0142 z wyr\u00f3\u017cnieniem i w przy\u015bpieszonym trybie. Studiowa\u0142 w Akademii Muzycznej w Poznaniu, Filia w Szczecinie na wydziale Dyrygentury Ch\u00f3ralnej pod kierunkiem prof. Jana Szyrockiego. W roku 2006 sko\u0144czy\u0142 drugie studia w Akademii Muzycznej im. F. Chopina w Warszawie, na wydziale Kompozycji, Dyrygentury i Teorii Muzyki, w specjalno\u015bci Dyrygentura Symfoniczno-operowa pod kierunkiem prof. Antoniego Wita.<\/p>\n<p>Od siedemnastego roku \u017cycia prowadzi r\u00f3\u017cne zespo\u0142y wokalne i instrumentalne w ca\u0142ej Polsce. Dyrygowa\u0142 nast\u0119puj\u0105cymi orkiestrami i ch\u00f3rami: Sinfonia Varsovia, Filharmonia Szczeci\u0144ska, Filharmonia \u015awi\u0119tokrzyska, Orkiestra Akademia, ch\u00f3r i orkiestra Stowarzyszenia Mozart 2003, Ch\u00f3r Polsko-Niemieckiej Akademii Ch\u00f3ralnej \u201eIn terra pax\u201d, Ch\u00f3r Allegrezza del Canto.<\/p>\n<p>Jest jednym z za\u0142o\u017cycieli Stowarzyszenia Mozart 2003, w kt\u00f3rym pe\u0142ni funkcj\u0119 dyrektora artystycznego i w przeci\u0105gu trzech lat dzia\u0142alno\u015bci zorganizowa\u0142 i wykona\u0142 ponad czterdzie\u015bci koncert\u00f3w oratoryjnych w wi\u0119kszych miastach Polski. W ramach dzia\u0142alno\u015bci w Stowarzyszeniu Mozart 2003 i w Ch\u00f3rze Akademickim Politechniki Szczeci\u0144skiej wsp\u00f3\u0142pracowa\u0142 z nast\u0119puj\u0105cymi osobisto\u015bciami \u015bwiata sztuki: Jan Szyrocki, Kurt Masur, Richard Zieli\u0144ski, Billy Harper, Marek Tracz, Pawe\u0142 \u0141ukaszewski, Andrzej Nikodemowicz, a tak\u017ce Ernest Bryll i Krzysztof Kolberger.<\/p>\n<p>W roku akademickim 2006\/2007 obj\u0105\u0142 funkcj\u0119 dyrygenta w Ch\u00f3rze Akademickim im. prof. Jana Szyrockiego Zachodniopomorskiego Uniwersytetu Technologicznego w Szczecinie (ChAPS). Zesp\u00f3\u0142 pod jego dyrekcj\u0105 wykona\u0142 we wrze\u015bniu 2006 roku \u201eMsz\u0119 koronacyjn\u0105\u201d W. A. Mozarta z okazji jubileuszu 60-lecia uczelni, a w styczniu 2007 r. przygotowa\u0142 \u201eMisterium kol\u0119dowe\u201d, kt\u00f3re tradycyjnie odby\u0142o si\u0119 w Bazylice Archikatedralnej w Szczecinie.<\/p>\n","protected":false},"excerpt":{"rendered":"<p>Szymon Wyrzykowski Edukacj\u0119 muzyczn\u0105 rozpocz\u0105\u0142 w sz\u00f3stym roku \u017cycia. Wszystkie etapy kszta\u0142cenia muzycznego uko\u0144czy\u0142 z wyr\u00f3\u017cnieniem i w przy\u015bpieszonym trybie. Studiowa\u0142 w Akademii Muzycznej w Poznaniu, Filia w Szczecinie na wydziale Dyrygentury Ch\u00f3ralnej pod kierunkiem prof. Jana Szyrockiego. W roku &hellip; <a href=\"http:\/\/www.interrapax.org\/pl\/historia\/conductors\/szymon-wryrzykowski\/\">Continue reading <span class=\"meta-nav\">&rarr;<\/span><\/a><\/p>\n","protected":false},"author":2,"featured_media":0,"parent":543,"menu_order":0,"comment_status":"closed","ping_status":"closed","template":"","meta":{"footnotes":""},"class_list":["post-418","page","type-page","status-publish","hentry"],"_links":{"self":[{"href":"http:\/\/www.interrapax.org\/pl\/wp-json\/wp\/v2\/pages\/418","targetHints":{"allow":["GET"]}}],"collection":[{"href":"http:\/\/www.interrapax.org\/pl\/wp-json\/wp\/v2\/pages"}],"about":[{"href":"http:\/\/www.interrapax.org\/pl\/wp-json\/wp\/v2\/types\/page"}],"author":[{"embeddable":true,"href":"http:\/\/www.interrapax.org\/pl\/wp-json\/wp\/v2\/users\/2"}],"replies":[{"embeddable":true,"href":"http:\/\/www.interrapax.org\/pl\/wp-json\/wp\/v2\/comments?post=418"}],"version-history":[{"count":8,"href":"http:\/\/www.interrapax.org\/pl\/wp-json\/wp\/v2\/pages\/418\/revisions"}],"predecessor-version":[{"id":1611,"href":"http:\/\/www.interrapax.org\/pl\/wp-json\/wp\/v2\/pages\/418\/revisions\/1611"}],"up":[{"embeddable":true,"href":"http:\/\/www.interrapax.org\/pl\/wp-json\/wp\/v2\/pages\/543"}],"wp:attachment":[{"href":"http:\/\/www.interrapax.org\/pl\/wp-json\/wp\/v2\/media?parent=418"}],"curies":[{"name":"wp","href":"https:\/\/api.w.org\/{rel}","templated":true}]}}