{"id":380,"date":"2011-07-24T20:19:31","date_gmt":"2011-07-24T20:19:31","guid":{"rendered":"http:\/\/www.interrapax.org\/?page_id=380"},"modified":"2023-07-08T08:44:03","modified_gmt":"2023-07-08T08:44:03","slug":"partycypowac","status":"publish","type":"page","link":"http:\/\/www.interrapax.org\/pl\/partycypowac\/","title":{"rendered":"Uczestnictwo"},"content":{"rendered":"<h2>Do\u0142\u0105cz do nas!<\/h2>\n<h2>Kto mo\u017ce uczestniczy\u0107 w projekcie &#8222;in terra pax&#8221;?<\/h2>\n<p>Projekt skierowany jest do ch\u00f3rzyst\u00f3w w wieku od 18 lat, maj\u0105cych ju\u017c pewne do\u015bwiadczenie w \u015bpiewaniu. Zapraszamy zar\u00f3wno amator\u00f3w, jak i osoby z wykszta\u0142ceniem muzycznym, student\u00f3w uczelni muzycznych i profesjonalist\u00f3w. Warunkiem uczestnictwa jest umiej\u0119tno\u015b\u0107 samodzielnego rozczytania utwor\u00f3w przed rozpocz\u0119ciem warsztat\u00f3w oraz gotowo\u015b\u0107 do intensywnej pracy nad programem koncertowym.<\/p>\n<h2>Czy mo\u017cna zg\u0142osi\u0107 si\u0119 indywidualnie?<\/h2>\n<p>Podstawowym za\u0142o\u017ceniem projektu jest uczestnictwo wi\u0119kszych grup z poszczeg\u00f3lnych ch\u00f3r\u00f3w. Preferowane s\u0105 pe\u0142ne kwartety (sopran, alt, tenor, bas) ale przyjmujemy te\u017c zg\u0142oszenia pojedynczych ch\u00f3rzyst\u00f3w oraz inne konfiguracje g\u0142os\u00f3w. Nale\u017cy jednak pami\u0119ta\u0107, \u017ce sk\u0142ad dostosowywany jest do aktualnych potrzeb ch\u00f3ru, dlatego zg\u0142oszenia inne ni\u017c kwartet obj\u0119te s\u0105 ryzykiem odrzucenia.<\/p>\n<h2>Jak mog\u0119 zg\u0142osi\u0107 ch\u0119\u0107 uczestnictwa?<\/h2>\n<p>Aby zg\u0142osi\u0107 ch\u0119\u0107 uczestnictwa w projekcie, zar\u00f3wno dla kwartetu jak i indywidualnie, nale\u017cy skontaktowa\u0107 si\u0119 z organizatorami, w\u0142a\u015bciwymi dla kraju zamieszkania, kt\u00f3rych adresy podane s\u0105 w zak\u0142adce <a title=\"Kontakt\" href=\"?page_id=346&amp;lang=pl\">Kontakt<\/a>.<\/p>\n<h2>Jakie s\u0105 koszty uczestnictwa w warsztatach?<\/h2>\n<p>Koszty pobytu w Stargardzie (zakwaterowanie i wy\u017cywienie) ponosz\u0105 organizatorzy. Op\u0142ata za uczestnictwo w warsztatach wynosi zazwyczaj oko\u0142o 650 z\u0142, wyjazdy zagraniczne s\u0105 p\u0142atne dodatkowo. Ch\u00f3rzy\u015bci pokrywaj\u0105 koszty dojazdu do i z Mi\u0119dzyzdroj\u00f3w oraz do punkt\u00f3w zbi\u00f3rki przy wyjazdach zagranicznych.<\/p>\n","protected":false},"excerpt":{"rendered":"<p>Do\u0142\u0105cz do nas! Kto mo\u017ce uczestniczy\u0107 w projekcie &#8222;in terra pax&#8221;? Projekt skierowany jest do ch\u00f3rzyst\u00f3w w wieku od 18 lat, maj\u0105cych ju\u017c pewne do\u015bwiadczenie w \u015bpiewaniu. Zapraszamy zar\u00f3wno amator\u00f3w, jak i osoby z wykszta\u0142ceniem muzycznym, student\u00f3w uczelni muzycznych i &hellip; <a href=\"http:\/\/www.interrapax.org\/pl\/partycypowac\/\">Continue reading <span class=\"meta-nav\">&rarr;<\/span><\/a><\/p>\n","protected":false},"author":13,"featured_media":0,"parent":0,"menu_order":0,"comment_status":"closed","ping_status":"closed","template":"","meta":{"footnotes":""},"class_list":["post-380","page","type-page","status-publish","hentry"],"_links":{"self":[{"href":"http:\/\/www.interrapax.org\/pl\/wp-json\/wp\/v2\/pages\/380","targetHints":{"allow":["GET"]}}],"collection":[{"href":"http:\/\/www.interrapax.org\/pl\/wp-json\/wp\/v2\/pages"}],"about":[{"href":"http:\/\/www.interrapax.org\/pl\/wp-json\/wp\/v2\/types\/page"}],"author":[{"embeddable":true,"href":"http:\/\/www.interrapax.org\/pl\/wp-json\/wp\/v2\/users\/13"}],"replies":[{"embeddable":true,"href":"http:\/\/www.interrapax.org\/pl\/wp-json\/wp\/v2\/comments?post=380"}],"version-history":[{"count":6,"href":"http:\/\/www.interrapax.org\/pl\/wp-json\/wp\/v2\/pages\/380\/revisions"}],"predecessor-version":[{"id":2809,"href":"http:\/\/www.interrapax.org\/pl\/wp-json\/wp\/v2\/pages\/380\/revisions\/2809"}],"wp:attachment":[{"href":"http:\/\/www.interrapax.org\/pl\/wp-json\/wp\/v2\/media?parent=380"}],"curies":[{"name":"wp","href":"https:\/\/api.w.org\/{rel}","templated":true}]}}