{"id":377,"date":"2011-07-24T20:18:35","date_gmt":"2011-07-24T20:18:35","guid":{"rendered":"http:\/\/www.interrapax.org\/?page_id=377"},"modified":"2016-06-23T12:34:35","modified_gmt":"2016-06-23T12:34:35","slug":"strona-glowna","status":"publish","type":"page","link":"http:\/\/www.interrapax.org\/pl\/","title":{"rendered":"Strona g\u0142\u00f3wna"},"content":{"rendered":"<h2>Witamy!<\/h2>\n<p>Witamy na oficjalnej stronie Mi\u0119dzynarodowej Akademii Ch\u00f3ralnej &#8222;in terra pax&#8221;.<\/p>\n<p>&#8222;in terra pax&#8221; jest odbywaj\u0105cym si\u0119 ka\u017cdego roku mi\u0119dzynarodowym projektem ch\u00f3ralnym. Ch\u00f3r sk\u0142ada si\u0119 z 60 do\u015bwiadczonych ch\u00f3rzyst\u00f3w pochodz\u0105cych z Polski, Niemiec i Francji, kt\u00f3rzy spotykaj\u0105 si\u0119 w Polsce na jednotygodniowych, intensywnych warsztatach, w czasie kt\u00f3rych pod okiem renomowanych dyrygent\u00f3w przygotowuj\u0105 ka\u017cdego roku nowy i wymagaj\u0105cy program. Zwie\u0144czeniem pierwszej fazy przygotowa\u0144 jest wyst\u0119p podczas Mi\u0119dzynarodowego Festiwalu Pie\u015bni Ch\u00f3ralnej w Mi\u0119dzyzdrojach. Program jest dodatkowo prezentowany na wsp\u00f3lnej trasie koncertowej.<\/p>\n<p>Udzia\u0142 w projekcie &#8222;in terra pax&#8221; daje uczestnikom unikaln\u0105 okazj\u0119 do poznania ch\u00f3rzyst\u00f3w z innych kraj\u00f3w i pracy pod kierunkiem wysokiej klasy dyrygent\u00f3w.<\/p>\n<p>Na naszych stronach mo\u017cna znale\u017a\u0107 <a title=\"O nas\" href=\"?page_id=153&amp;lang=pl\">informacje o Akademii<\/a>, strukturze organizacyjnej, historii &#8222;in terra pax&#8221; jak r\u00f3wnie\u017c sprawozdania z koncert\u00f3w i <a title=\"Aktualno\u015bci\" href=\"?cat=20&amp;lang=pl\">aktualne informacje<\/a> dotycz\u0105ce nadchodz\u0105cych edycji.<\/p>\n<p>Nasza strona jest dost\u0119pna w wielu j\u0119zykach. Domy\u015blnie wy\u015bwietlana jest wersja j\u0119zykowa zgodna z Twoj\u0105 przegl\u0105dark\u0105. Jednak niekt\u00f3re strony s\u0105 dost\u0119pne tylko w jednym j\u0119zyku. W szczeg\u00f3lno\u015bci, je\u015bli poszukujesz aktualnych informacji dotycz\u0105cych uczestnik\u00f3w z konkretnego kraju, wybierz j\u0119zyk tej grupy uczestnik\u00f3w w kt\u00f3rej jeste\u015b zarejestrowany.<\/p>\n","protected":false},"excerpt":{"rendered":"<p>Witamy! Witamy na oficjalnej stronie Mi\u0119dzynarodowej Akademii Ch\u00f3ralnej &#8222;in terra pax&#8221;. &#8222;in terra pax&#8221; jest odbywaj\u0105cym si\u0119 ka\u017cdego roku mi\u0119dzynarodowym projektem ch\u00f3ralnym. Ch\u00f3r sk\u0142ada si\u0119 z 60 do\u015bwiadczonych ch\u00f3rzyst\u00f3w pochodz\u0105cych z Polski, Niemiec i Francji, kt\u00f3rzy spotykaj\u0105 si\u0119 w Polsce &hellip; <a href=\"http:\/\/www.interrapax.org\/pl\/\">Continue reading <span class=\"meta-nav\">&rarr;<\/span><\/a><\/p>\n","protected":false},"author":13,"featured_media":0,"parent":0,"menu_order":0,"comment_status":"closed","ping_status":"open","template":"","meta":{"footnotes":""},"class_list":["post-377","page","type-page","status-publish","hentry"],"_links":{"self":[{"href":"http:\/\/www.interrapax.org\/pl\/wp-json\/wp\/v2\/pages\/377","targetHints":{"allow":["GET"]}}],"collection":[{"href":"http:\/\/www.interrapax.org\/pl\/wp-json\/wp\/v2\/pages"}],"about":[{"href":"http:\/\/www.interrapax.org\/pl\/wp-json\/wp\/v2\/types\/page"}],"author":[{"embeddable":true,"href":"http:\/\/www.interrapax.org\/pl\/wp-json\/wp\/v2\/users\/13"}],"replies":[{"embeddable":true,"href":"http:\/\/www.interrapax.org\/pl\/wp-json\/wp\/v2\/comments?post=377"}],"version-history":[{"count":13,"href":"http:\/\/www.interrapax.org\/pl\/wp-json\/wp\/v2\/pages\/377\/revisions"}],"predecessor-version":[{"id":1791,"href":"http:\/\/www.interrapax.org\/pl\/wp-json\/wp\/v2\/pages\/377\/revisions\/1791"}],"wp:attachment":[{"href":"http:\/\/www.interrapax.org\/pl\/wp-json\/wp\/v2\/media?parent=377"}],"curies":[{"name":"wp","href":"https:\/\/api.w.org\/{rel}","templated":true}]}}