{"id":373,"date":"2011-07-24T20:17:36","date_gmt":"2011-07-24T20:17:36","guid":{"rendered":"http:\/\/www.interrapax.org\/?page_id=373"},"modified":"2012-07-23T17:09:04","modified_gmt":"2012-07-23T17:09:04","slug":"historia","status":"publish","type":"page","link":"http:\/\/www.interrapax.org\/pl\/historia\/","title":{"rendered":"Historia"},"content":{"rendered":"<h2>Historia<\/h2>\n<p>Mi\u0119dzynarodowa (wcze\u015bniej Polsko-Niemiecka) Akademia Ch\u00f3ralna &#8222;in terra pax&#8221; zosta\u0142a za\u0142o\u017cona w 1991 roku, po upadku muru berli\u0144skiego i \u017celaznej kurtyny. Pomys\u0142odawcami projektu byli muzycy z Polski i Niemiec: profesorzy Jan Szyrocki  ze Szczecina i Ludwig Guettler z Drezna oraz inni dyrygenci z obu kraj\u00f3w, m. in. Wolfgang Unger (Lipsk), Volker Schmidt-Gertenbach (Goetingen), Werner Pfaff (Karlsruhe). Akademia zosta\u0142a obj\u0119ta oficjalnym patronatem prezydent\u00f3w Polski i Niemiec.<\/p>\n<p>W 1998 roku do polskich i niemieckich ch\u00f3rzyst\u00f3w do\u0142\u0105czyli uczestnicy z Francji a w nast\u0119pnych latach tak\u017ce z USA, Szwajcarii, S\u0142owacji i Hiszpanii.<\/p>\n<p>Wraz ze \u015bmierci\u0105 profesora Jana Szyrockiego w 2003 roku funkcj\u0119 dyrektora artystycznego przej\u0119li dr Richard Zielinski (USA) i profesor Benedykt B\u0142o\u0144ski (Olsztyn). Od 2011 roku dyrektorem artystycznym projektu jest Jean-Baptiste Bertrand (Francja).<\/p>\n<p>W ci\u0105gu pierwszych lat trwania projektu, &#8222;in terra pax&#8221; nawi\u0105za\u0142a przyja\u017a\u0144 z jednym z bardziej znanych polskich kompozytor\u00f3w wsp\u00f3\u0142czesnych, Markiem Jasi\u0144skim. Rokrocznie Akademia przedstawia\u0142a swojej publiczno\u015bci prawykonanie utwor\u00f3w, pisanych specjalnie dla &#8222;in terra pax&#8221; przez kompozytora, a\u017c do jego \u015bmierci w 2010 roku. <\/p>\n<p>Przez ponad 20 lat istnienia Akademia wyst\u0119powa\u0142a pod kierunkiem wielu znakomitych dyrygent\u00f3w. Ich kr\u00f3tkie biogramy mo\u017cna znale\u017a\u0107 w zak\u0142adce <a href=\"?page_id=543&#038;lang=pl\" title=\"Dyrygenci\">Dyrygenci<\/a>. Prosz\u0119 wzi\u0105\u0107 pod uwag\u0119, \u017ce informacje tam zawarte by\u0142y aktualne w momencie pracy konkretnego dyrygenta z ch\u00f3rem &#8222;in terra pax&#8221; i nie s\u0105 uzupe\u0142niane do stanu z dnia dzisiejszego.<\/p>\n","protected":false},"excerpt":{"rendered":"<p>Historia Mi\u0119dzynarodowa (wcze\u015bniej Polsko-Niemiecka) Akademia Ch\u00f3ralna &#8222;in terra pax&#8221; zosta\u0142a za\u0142o\u017cona w 1991 roku, po upadku muru berli\u0144skiego i \u017celaznej kurtyny. Pomys\u0142odawcami projektu byli muzycy z Polski i Niemiec: profesorzy Jan Szyrocki ze Szczecina i Ludwig Guettler z Drezna oraz &hellip; <a href=\"http:\/\/www.interrapax.org\/pl\/historia\/\">Continue reading <span class=\"meta-nav\">&rarr;<\/span><\/a><\/p>\n","protected":false},"author":13,"featured_media":0,"parent":0,"menu_order":0,"comment_status":"closed","ping_status":"open","template":"","meta":{"footnotes":""},"class_list":["post-373","page","type-page","status-publish","hentry"],"_links":{"self":[{"href":"http:\/\/www.interrapax.org\/pl\/wp-json\/wp\/v2\/pages\/373","targetHints":{"allow":["GET"]}}],"collection":[{"href":"http:\/\/www.interrapax.org\/pl\/wp-json\/wp\/v2\/pages"}],"about":[{"href":"http:\/\/www.interrapax.org\/pl\/wp-json\/wp\/v2\/types\/page"}],"author":[{"embeddable":true,"href":"http:\/\/www.interrapax.org\/pl\/wp-json\/wp\/v2\/users\/13"}],"replies":[{"embeddable":true,"href":"http:\/\/www.interrapax.org\/pl\/wp-json\/wp\/v2\/comments?post=373"}],"version-history":[{"count":4,"href":"http:\/\/www.interrapax.org\/pl\/wp-json\/wp\/v2\/pages\/373\/revisions"}],"predecessor-version":[{"id":1187,"href":"http:\/\/www.interrapax.org\/pl\/wp-json\/wp\/v2\/pages\/373\/revisions\/1187"}],"wp:attachment":[{"href":"http:\/\/www.interrapax.org\/pl\/wp-json\/wp\/v2\/media?parent=373"}],"curies":[{"name":"wp","href":"https:\/\/api.w.org\/{rel}","templated":true}]}}