{"id":369,"date":"2011-07-24T20:16:09","date_gmt":"2011-07-24T20:16:09","guid":{"rendered":"http:\/\/www.interrapax.org\/?page_id=369"},"modified":"2012-02-25T14:01:30","modified_gmt":"2012-02-25T14:01:30","slug":"powierzchnia-czlonka","status":"publish","type":"page","link":"http:\/\/www.interrapax.org\/pl\/powierzchnia-czlonka\/","title":{"rendered":"Strona ch\u00f3rzyst\u00f3w"},"content":{"rendered":"<h2>Strona ch\u00f3rzyst\u00f3w<\/h2>\n","protected":false},"excerpt":{"rendered":"<p>Strona ch\u00f3rzyst\u00f3w<\/p>\n","protected":false},"author":13,"featured_media":0,"parent":0,"menu_order":0,"comment_status":"closed","ping_status":"open","template":"","meta":{"footnotes":""},"class_list":["post-369","page","type-page","status-publish","hentry"],"_links":{"self":[{"href":"http:\/\/www.interrapax.org\/pl\/wp-json\/wp\/v2\/pages\/369","targetHints":{"allow":["GET"]}}],"collection":[{"href":"http:\/\/www.interrapax.org\/pl\/wp-json\/wp\/v2\/pages"}],"about":[{"href":"http:\/\/www.interrapax.org\/pl\/wp-json\/wp\/v2\/types\/page"}],"author":[{"embeddable":true,"href":"http:\/\/www.interrapax.org\/pl\/wp-json\/wp\/v2\/users\/13"}],"replies":[{"embeddable":true,"href":"http:\/\/www.interrapax.org\/pl\/wp-json\/wp\/v2\/comments?post=369"}],"version-history":[{"count":5,"href":"http:\/\/www.interrapax.org\/pl\/wp-json\/wp\/v2\/pages\/369\/revisions"}],"predecessor-version":[{"id":768,"href":"http:\/\/www.interrapax.org\/pl\/wp-json\/wp\/v2\/pages\/369\/revisions\/768"}],"wp:attachment":[{"href":"http:\/\/www.interrapax.org\/pl\/wp-json\/wp\/v2\/media?parent=369"}],"curies":[{"name":"wp","href":"https:\/\/api.w.org\/{rel}","templated":true}]}}