{"id":346,"date":"2011-07-24T19:43:56","date_gmt":"2011-07-24T19:43:56","guid":{"rendered":"http:\/\/www.interrapax.org\/?page_id=346"},"modified":"2020-02-20T12:52:06","modified_gmt":"2020-02-20T12:52:06","slug":"kontakt-2","status":"publish","type":"page","link":"http:\/\/www.interrapax.org\/pl\/kontakt-2\/","title":{"rendered":"Kontakt"},"content":{"rendered":"<h2>Dyrektor artystyczny<\/h2>\n<p><a href=\"http:\/\/www.interrapax.org\/?page_id=418&amp;lang=pl\">Szymon Wyrzykowski<\/a><\/p>\n<h2>Dyrektor organizacyjny<\/h2>\n<p>Grzegorz Bosy<\/p>\n<h2>Organizacja w Polsce<\/h2>\n<p>Ch\u00f3r Akademicki im. Prof. Jana Szyrockiego (Zachodniopomorski Uniwersytet Technologiczny w Szczecinie)<br \/>\nGrzegorz Bosy<br \/>\nKatarzyna Wilko\u0144ska<br \/>\nE-Mail: <a href=\"mailto:poland@interrapax.org\">poland@interrapax.org<\/a><\/p>\n<h2>Organizacja w Niemczech<\/h2>\n<p>Stowarzyszenie Przyjaci\u00f3\u0142 Polsko-Niemieckiej Akademii Ch\u00f3ralnej \u201ein terra pax\u201d<br \/>\nHolger Rode<br \/>\nDirk Coehne<br \/>\nE-Mail: <a href=\"mailto:germany@interrapax.org\">germany@interrapax.org<\/a><\/p>\n<h2>Organizacja we Francji<\/h2>\n<p>Les amis d&#8217;in terra pax<br \/>\nEmmanuelle Da Costa<br \/>\nE-Mail: <a href=\"mailto:france@interrapax.org\">france@interrapax.org<\/a><\/p>\n<h2>Masz pytania i propozycje dotycz\u0105ce strony technicznej naszej strony internetowej?<\/h2>\n<p><a href=\"mailto:webmaster@interrapax.org\">webmaster@interrapax.org<\/a> (in German or English, please!)<\/p>\n","protected":false},"excerpt":{"rendered":"<p>Dyrektor artystyczny Szymon Wyrzykowski Dyrektor organizacyjny Grzegorz Bosy Organizacja w Polsce Ch\u00f3r Akademicki im. Prof. Jana Szyrockiego (Zachodniopomorski Uniwersytet Technologiczny w Szczecinie) Grzegorz Bosy Katarzyna Wilko\u0144ska E-Mail: poland@interrapax.org Organizacja w Niemczech Stowarzyszenie Przyjaci\u00f3\u0142 Polsko-Niemieckiej Akademii Ch\u00f3ralnej \u201ein terra pax\u201d Holger &hellip; <a href=\"http:\/\/www.interrapax.org\/pl\/kontakt-2\/\">Continue reading <span class=\"meta-nav\">&rarr;<\/span><\/a><\/p>\n","protected":false},"author":13,"featured_media":0,"parent":0,"menu_order":0,"comment_status":"closed","ping_status":"open","template":"","meta":{"footnotes":""},"class_list":["post-346","page","type-page","status-publish","hentry"],"_links":{"self":[{"href":"http:\/\/www.interrapax.org\/pl\/wp-json\/wp\/v2\/pages\/346","targetHints":{"allow":["GET"]}}],"collection":[{"href":"http:\/\/www.interrapax.org\/pl\/wp-json\/wp\/v2\/pages"}],"about":[{"href":"http:\/\/www.interrapax.org\/pl\/wp-json\/wp\/v2\/types\/page"}],"author":[{"embeddable":true,"href":"http:\/\/www.interrapax.org\/pl\/wp-json\/wp\/v2\/users\/13"}],"replies":[{"embeddable":true,"href":"http:\/\/www.interrapax.org\/pl\/wp-json\/wp\/v2\/comments?post=346"}],"version-history":[{"count":9,"href":"http:\/\/www.interrapax.org\/pl\/wp-json\/wp\/v2\/pages\/346\/revisions"}],"predecessor-version":[{"id":2392,"href":"http:\/\/www.interrapax.org\/pl\/wp-json\/wp\/v2\/pages\/346\/revisions\/2392"}],"wp:attachment":[{"href":"http:\/\/www.interrapax.org\/pl\/wp-json\/wp\/v2\/media?parent=346"}],"curies":[{"name":"wp","href":"https:\/\/api.w.org\/{rel}","templated":true}]}}