{"id":2813,"date":"2023-07-08T08:51:53","date_gmt":"2023-07-08T08:51:53","guid":{"rendered":"http:\/\/www.interrapax.org\/?page_id=2813"},"modified":"2024-03-18T17:04:17","modified_gmt":"2024-03-18T17:04:17","slug":"edycja-2024","status":"publish","type":"page","link":"http:\/\/www.interrapax.org\/pl\/partycypowac\/edycja-2024\/","title":{"rendered":"Edycja 2024"},"content":{"rendered":"\n<h1 class=\"wp-block-heading has-vivid-cyan-blue-color has-text-color\"><strong>33. WARSZTATY MI\u0118DZYNARODOWEJ AKADEMII CH\u00d3RALNEJ<\/strong><\/h1>\n\n\n\n<h1 class=\"wp-block-heading has-vivid-cyan-blue-color has-text-color\">\u201ein terra pax\u201d \u2013 2024<\/h1>\n\n\n\n<p><mark style=\"background-color:rgba(0, 0, 0, 0)\" class=\"has-inline-color has-luminous-vivid-orange-color\">Mi\u0119dzyzdroje: <strong>15\u201323 czerwca 2024 r.<\/strong><\/mark><\/p>\n\n\n\n<p><strong>Kogo szukamy?<\/strong><\/p>\n\n\n\n<p>Poszukujemy utalentowanych ch\u00f3rzyst\u00f3w, kt\u00f3rzy pragn\u0105 uczestniczy\u0107 w niezapomnianej muzycznej przygodzie (preferowany wiek to: 17-26 lat). Mile widziane b\u0119d\u0105 kwartety wokalne, ale zach\u0119camy tak\u017ce osoby indywidualne \u2013 ka\u017cdy g\u0142os jest wa\u017cny!<\/p>\n\n\n\n<p>Mi\u0119dzynarodow\u0105 Akademi\u0119 Ch\u00f3raln\u0105 \u201ein terra pax\u201d tworzy co roku ok. 50-osobowy zesp\u00f3\u0142, sk\u0142adaj\u0105cy si\u0119&nbsp;z ch\u00f3rzyst\u00f3w z Polski, Niemiec i Francji.<\/p>\n\n\n\n<p><strong>Co nas czeka?<\/strong><\/p>\n\n\n\n<p>Podczas zgrupowania b\u0119dziemy pracowa\u0107 nad programem, sk\u0142adaj\u0105cym si\u0119 z utwor\u00f3w a cappella mi\u0119dzynarodowej literatury ch\u00f3ralnej oraz utwor\u00f3w wokalno-instrumentalnych z kategorii muzyki filmowej. Nasz program zostanie zaprezentowany na koncertach w Mi\u0119dzyzdrojach i Szczecinie. Zdj\u0119cia z poprzednich edycji mo\u017cecie znale\u017a\u0107 <a href=\"http:\/\/interrapax.zut.edu.pl\/multimedia\/galeria\/\">tutaj<\/a>.<\/p>\n\n\n\n<p><strong>Kto poprowadzi warsztaty?<\/strong><\/p>\n\n\n\n<p>Warsztaty b\u0119d\u0105 prowadzone przez do\u015bwiadczonych dyrygent\u00f3w z Niemiec i Polski: prof. N\u00faria Cunillera Salas oraz dra hab. Szymona Wyrzykowskiego, prof. ZUT, kt\u00f3ry pe\u0142ni tak\u017ce funkcj\u0119 dyrektora artystycznego Akademii.<\/p>\n\n\n\n<p>Poni\u017cej znajdziecie zaproszenie od naszego dyrektora artystycznego:<\/p>\n\n\n\n<div class=\"wp-block-group\"><div class=\"wp-block-group__inner-container is-layout-constrained wp-block-group-is-layout-constrained\">\n<p><em>Drodzy Ch\u00f3rzy\u015bci In terra pax!<\/em><\/p>\n\n\n\n<p><em>Zapraszam Was na 33. edycj\u0119 naszej akademii ch\u00f3ralnej. W tym roku opr\u00f3cz fascynuj\u0105cego programu a cappella, kt\u00f3ry przygotujemy wsp\u00f3lnie ze znakomit\u0105 dyrygentk\u0105 Nuri\u0105 Cuniller\u0105 Salas za\u015bpiewamy tak\u017ce koncert muzyki filmowej w ramach festiwalu Sacrum non profanum.<\/em><br><em>Koniecznie zapro\u015bcie swoich ch\u00f3ralnych znajomych!<\/em><br><em>Do zobaczenia w s\u0142onecznych Mi\u0119dzyzdrojach!<\/em><\/p>\n\n\n\n<p><em>Szymon Wyrzykowski<\/em><br><em>Dyr.&nbsp;Artystyczny&nbsp;ITP<\/em><\/p>\n<\/div><\/div>\n\n\n\n<p><strong>Czego jeszcze mo\u017cemy si\u0119 spodziewa\u0107<\/strong><strong>?<\/strong><\/p>\n\n\n\n<p>Opr\u00f3cz pr\u00f3b muzycznych, odb\u0119dzie si\u0119 tradycyjny wiecz\u00f3r prezentacji, podczas kt\u00f3rego ka\u017cdy uczestnik b\u0119dzie m\u00f3g\u0142 zaprezentowa\u0107 si\u0119 indywidualnie lub w ma\u0142ej grupie w kr\u00f3tkim programie artystyczno-satyrycznym.<\/p>\n\n\n\n<p><strong>Jakie s\u0105 koszty?<\/strong><\/p>\n\n\n\n<p>Op\u0142ata za uczestnictwo w zgrupowaniu wynosi <strong>700,- z\u0142<\/strong> od osoby. Op\u0142ata obejmuje zakwaterowanie, wy\u017cywienie oraz udzia\u0142 w pr\u00f3bach i wszystkich zaj\u0119ciach dodatkowych. Ka\u017cdy uczestnik otrzyma r\u00f3wnie\u017c pami\u0105tkow\u0105 koszulk\u0119.<\/p>\n\n\n\n<p><strong><u><mark style=\"background-color:rgba(0, 0, 0, 0)\" class=\"has-inline-color has-vivid-red-color\">EARLY BIRD \u2013 TYLKO DO KO\u0143CA MARCA!<\/mark><br><\/u><\/strong>Istnieje mo\u017cliwo\u015b\u0107 uzyskania zni\u017cki w op\u0142acie w wys. <strong>100,- z\u0142<\/strong> dla tych uczestnik\u00f3w, kt\u00f3rzy zapisz\u0105 si\u0119 i uiszcz\u0105 pe\u0142n\u0105 kwot\u0119 (<strong>600,- z\u0142<\/strong>) do ko\u0144ca marca br.<\/p>\n\n\n\n<p>Osoby, kt\u00f3re zg\u0142osz\u0105 si\u0119 po powy\u017cszym terminie b\u0119d\u0105 obowi\u0105zane do dokonania niezw\u0142ocznej wp\u0142aty zaliczkowej w wysoko\u015bci 200,- z\u0142 na poni\u017csze konto:<\/p>\n\n\n\n<p>Stowarzyszenie \u015apiewacze Ch\u00f3r Akademicki&nbsp;im. prof. Jana Szyrockiego<br>Zachodniopomorskiego Uniwersytetu Technologicznego w Szczecinie.<br>70-497 Szczecin, ul. Wyspia\u0144skiego 1<br>Nr: PL&nbsp;60 1870 1045 2078 1074 1006 0003<br>Tre\u015b\u0107 operacji:&nbsp;&nbsp;&nbsp;in terra pax 2024&nbsp; \u2013 (imi\u0119 i nazwisko uczestnika).<\/p>\n\n\n\n<p>Pozosta\u0142\u0105 cz\u0119\u015b\u0107 op\u0142aty w wys.&nbsp;500,- z\u0142.&nbsp;b\u0119dzie mo\u017cna ui\u015bci\u0107 przelewem w p\u00f3\u017aniejszym terminie lub dokona\u0107 got\u00f3wkowo podczas zgrupowania. Uczestnik mo\u017ce te\u017c przela\u0107 pe\u0142n\u0105 kwot\u0119 wraz z zaliczk\u0105 (700,- z\u0142)<\/p>\n\n\n\n<p>Ostateczny termin zg\u0142osze\u0144 to 30 kwietnia 2024 roku.<\/p>\n\n\n\n<p><strong>Gdzie i kiedy?<\/strong><\/p>\n\n\n\n<p>Zgrupowanie odb\u0119dzie si\u0119 w Mi\u0119dzyzdrojach w dniach 15-23 czerwca.<\/p>\n\n\n\n<p>Zamieszkanie w hotelu \u201e<a href=\"https:\/\/sporting-miedzyzdroje.pl\">Kamienica Sporting<\/a>\u201d ul. Promenada Gwiazd 6 w Mi\u0119dzyzdrojach.<\/p>\n\n\n\n<p>Warsztaty rozpoczn\u0105 si\u0119 spotkaniem w dniu 15 czerwca 2024 roku o godzinie 17:00 w Mi\u0119dzynarodowym Domu Kultury w Mi\u0119dzyzdrojach.<\/p>\n\n\n\n<p><strong>Jak si\u0119 zapisa\u0107<\/strong><strong>?<\/strong><\/p>\n\n\n\n<p>Aby wzi\u0105\u0107 udzia\u0142, nale\u017cy przes\u0142a\u0107 zg\u0142oszenie wype\u0142niaj\u0105c formularz na poni\u017cszej stronie:  <a href=\"http:\/\/interrapax.zut.edu.pl\/edycja-2024\/ \">http:\/\/interrapax.zut.edu.pl\/edycja-2024\/ <\/a><\/p>\n\n\n\n<p><strong>Czy co\u015b jeszcze?<\/strong><\/p>\n\n\n\n<p>Przyjazd i powr\u00f3t odbywa si\u0119 na koszt ka\u017cdego uczestnika. Organizatorzy zastrzegaj\u0105 sobie prawo do nie wysy\u0142ania zaproszenia i nie kwalifikowania do uczestnictwa w warsztatach w latach nast\u0119pnych, os\u00f3b i zespo\u0142\u00f3w, kt\u00f3re po 15 maja br. zg\u0142osz\u0105 rezygnacj\u0119 z udzia\u0142u w warsztatach.<\/p>\n\n\n\n<p><strong>Dodatkowe informacje:<\/strong><\/p>\n\n\n\n<ul class=\"wp-block-list\">\n<li>Ch\u00f3rzy\u015bci obowi\u0105zani s\u0105 posiada\u0107 w\u0142asne stroje koncertowe (panie \u2013 czarne suknie, panowie \u2013 czarne garnitury b\u0105d\u017a smokingi z bia\u0142\u0105 koszul\u0105).<\/li>\n\n\n\n<li>Akademia zapewnia teczki koncertowe dla ka\u017cdego uczestnika. Po zako\u0144czonych warsztatach, ka\u017cdy uczestnik zwraca teczk\u0119.<\/li>\n\n\n\n<li>Po zakwalifikowaniu do udzia\u0142u w pracy ch\u00f3ru \u201ein terra pax\u201d, zostan\u0105 przes\u0142ane materia\u0142y nutowe, celem wcze\u015bniejszego przygotowania wybranego programu.<\/li>\n\n\n\n<li>Ka\u017cdy uczestnik zgrupowania obowi\u0105zany jest do indywidualnego wykazania si\u0119 znajomo\u015bci\u0105 programu.<\/li>\n\n\n\n<li>Organizatorzy zastrzegaj\u0105&nbsp;sobie prawo do odwo\u0142ania warsztat\u00f3w w przypadku braku uzyskania dofinansowania od naszych partner\u00f3w strategicznych. W takim przypadku wszystkie pobrane op\u0142aty zostan\u0105 zwr\u00f3cone do nadawcy.<\/li>\n<\/ul>\n\n\n\n<p>Dok\u0142adne daty koncert\u00f3w tegorocznej Akademii zostan\u0105 og\u0142oszone wkr\u00f3tce!<\/p>\n\n\n\n<p>Do zobaczenia!<\/p>\n","protected":false},"excerpt":{"rendered":"<p>33. WARSZTATY MI\u0118DZYNARODOWEJ AKADEMII CH\u00d3RALNEJ \u201ein terra pax\u201d \u2013 2024 Mi\u0119dzyzdroje: 15\u201323 czerwca 2024 r. Kogo szukamy? Poszukujemy utalentowanych ch\u00f3rzyst\u00f3w, kt\u00f3rzy pragn\u0105 uczestniczy\u0107 w niezapomnianej muzycznej przygodzie (preferowany wiek to: 17-26 lat). Mile widziane b\u0119d\u0105 kwartety wokalne, ale zach\u0119camy tak\u017ce &hellip; <a href=\"http:\/\/www.interrapax.org\/pl\/partycypowac\/edycja-2024\/\">Continue reading <span class=\"meta-nav\">&rarr;<\/span><\/a><\/p>\n","protected":false},"author":17,"featured_media":0,"parent":380,"menu_order":0,"comment_status":"closed","ping_status":"closed","template":"","meta":{"footnotes":""},"class_list":["post-2813","page","type-page","status-publish","hentry"],"_links":{"self":[{"href":"http:\/\/www.interrapax.org\/pl\/wp-json\/wp\/v2\/pages\/2813","targetHints":{"allow":["GET"]}}],"collection":[{"href":"http:\/\/www.interrapax.org\/pl\/wp-json\/wp\/v2\/pages"}],"about":[{"href":"http:\/\/www.interrapax.org\/pl\/wp-json\/wp\/v2\/types\/page"}],"author":[{"embeddable":true,"href":"http:\/\/www.interrapax.org\/pl\/wp-json\/wp\/v2\/users\/17"}],"replies":[{"embeddable":true,"href":"http:\/\/www.interrapax.org\/pl\/wp-json\/wp\/v2\/comments?post=2813"}],"version-history":[{"count":6,"href":"http:\/\/www.interrapax.org\/pl\/wp-json\/wp\/v2\/pages\/2813\/revisions"}],"predecessor-version":[{"id":2837,"href":"http:\/\/www.interrapax.org\/pl\/wp-json\/wp\/v2\/pages\/2813\/revisions\/2837"}],"up":[{"embeddable":true,"href":"http:\/\/www.interrapax.org\/pl\/wp-json\/wp\/v2\/pages\/380"}],"wp:attachment":[{"href":"http:\/\/www.interrapax.org\/pl\/wp-json\/wp\/v2\/media?parent=2813"}],"curies":[{"name":"wp","href":"https:\/\/api.w.org\/{rel}","templated":true}]}}