{"id":2656,"date":"2023-03-19T08:56:32","date_gmt":"2023-03-19T08:56:32","guid":{"rendered":"http:\/\/www.interrapax.org\/2634-2\/"},"modified":"2023-03-19T08:56:32","modified_gmt":"2023-03-19T08:56:32","slug":"2634-2","status":"publish","type":"page","link":"http:\/\/www.interrapax.org\/pl\/2634-2\/","title":{"rendered":"Monika Ba\u017e\u00edkov\u00e1"},"content":{"rendered":"\n<h2 class=\"wp-block-heading\">Monika Ba\u017e\u00edkov\u00e1<\/h2>\n\n\n<div class=\"wp-block-image\">\n<figure class=\"alignleft size-large is-resized\"><img loading=\"lazy\" decoding=\"async\" src=\"http:\/\/www.interrapax.org\/wp-content\/uploads\/Monika-Bazikova-Kopie-1-684x1024.jpg\" alt=\"\" class=\"wp-image-2645\" width=\"171\" height=\"256\" srcset=\"http:\/\/www.interrapax.org\/wp-content\/uploads\/Monika-Bazikova-Kopie-1-684x1024.jpg 684w, http:\/\/www.interrapax.org\/wp-content\/uploads\/Monika-Bazikova-Kopie-1-200x300.jpg 200w, http:\/\/www.interrapax.org\/wp-content\/uploads\/Monika-Bazikova-Kopie-1-768x1150.jpg 768w, http:\/\/www.interrapax.org\/wp-content\/uploads\/Monika-Bazikova-Kopie-1-1025x1536.jpg 1025w, http:\/\/www.interrapax.org\/wp-content\/uploads\/Monika-Bazikova-Kopie-1-1367x2048.jpg 1367w, http:\/\/www.interrapax.org\/wp-content\/uploads\/Monika-Bazikova-Kopie-1-scaled.jpg 1709w\" sizes=\"auto, (max-width: 171px) 100vw, 171px\" \/><\/figure>\n<\/div>\n\n\n<p>Monika Ba\u017e\u00edkov\u00e1 comes from a musical family with seven children, where all of them have been involved in music since childhood. She is graduate of the Conservatory in \u017dilina (conducting and piano) and the study program &#8222;Music Education &#8211; Playing the Piano&#8221; at the University of \u017dilina. She is also a graduate of conducting at the Academy of Arts in Bansk\u00e1 Bystrica and a doctoral study at The Krzysztof Penderecki Academy of Music in Krakow. He currently teaches at the Department of Music Education at the Comenius University in Bratislava, but also works as a pedagogue at the J\u00e1n Albrecht Academy of Music and Art in Bansk\u00e1 \u0160tiavnica and at Primary Art School Brioso in \u017dilina.<\/p>\n\n\n\n<p>Monika Ba\u017e\u00edkov\u00e1 is the conductor of the OMNIA choir, with which she has won many important awards at home and abroad since its foundation (2003). At the same time, she is a member and artistic director of the sibling vocal group &#8222;B7&#8221; and the conductor of the Brioso children&#8217;s choir at the Primary Art School. In addition to teaching and conducting activities, she also composes, leads choral workshops, is a member of juries at singing and choral competitions, and is actively involved in international music projects, such as<\/p>\n\n\n\n<ul class=\"wp-block-list\">\n<li>international choral academy &#8222;In Terra Pax&#8221; (Poland)<\/li>\n\n\n\n<li>international conducting courses &#8222;Conducting21C&#8221; in Stockholm (Sweden)<\/li>\n\n\n\n<li>cooperation with &#8222;Manado State University Choir&#8221; from Indonesia<\/li>\n\n\n\n<li>master conducting courses in Saint-Etienne (France)<\/li>\n\n\n\n<li>workshops for music teachers &#8222;Job-Alike&#8221; in Amsterdam (Netherlands)<\/li>\n\n\n\n<li>cooperation with the choir Coro Universitario Sant Yago as part of Erasmus+ mobility in Valencia (Spain)<\/li>\n<\/ul>\n\n\n\n<p>In addition to many Slovak and foreign conductors, Monika Ba\u017e\u00edkov\u00e1&#8217;s musical collaboration includes musical bodies such as the \u017dilina State Chamber Orchestra and the Cz\u0119stochowa Philharmonic.<\/p>\n\n\n\n<h2 class=\"wp-block-heading\"><\/h2>\n","protected":false},"excerpt":{"rendered":"<p>Monika Ba\u017e\u00edkov\u00e1 Monika Ba\u017e\u00edkov\u00e1 comes from a musical family with seven children, where all of them have been involved in music since childhood. She is graduate of the Conservatory in \u017dilina (conducting and piano) and the study program &#8222;Music Education &hellip; <a href=\"http:\/\/www.interrapax.org\/pl\/2634-2\/\">Continue reading <span class=\"meta-nav\">&rarr;<\/span><\/a><\/p>\n","protected":false},"author":16,"featured_media":0,"parent":0,"menu_order":0,"comment_status":"closed","ping_status":"closed","template":"","meta":{"footnotes":""},"class_list":["post-2656","page","type-page","status-publish","hentry"],"_links":{"self":[{"href":"http:\/\/www.interrapax.org\/pl\/wp-json\/wp\/v2\/pages\/2656","targetHints":{"allow":["GET"]}}],"collection":[{"href":"http:\/\/www.interrapax.org\/pl\/wp-json\/wp\/v2\/pages"}],"about":[{"href":"http:\/\/www.interrapax.org\/pl\/wp-json\/wp\/v2\/types\/page"}],"author":[{"embeddable":true,"href":"http:\/\/www.interrapax.org\/pl\/wp-json\/wp\/v2\/users\/16"}],"replies":[{"embeddable":true,"href":"http:\/\/www.interrapax.org\/pl\/wp-json\/wp\/v2\/comments?post=2656"}],"version-history":[{"count":0,"href":"http:\/\/www.interrapax.org\/pl\/wp-json\/wp\/v2\/pages\/2656\/revisions"}],"wp:attachment":[{"href":"http:\/\/www.interrapax.org\/pl\/wp-json\/wp\/v2\/media?parent=2656"}],"curies":[{"name":"wp","href":"https:\/\/api.w.org\/{rel}","templated":true}]}}