{"id":1653,"date":"2015-11-15T21:43:22","date_gmt":"2015-11-15T21:43:22","guid":{"rendered":"http:\/\/www.interrapax.org\/?page_id=1653"},"modified":"2015-11-15T21:49:34","modified_gmt":"2015-11-15T21:49:34","slug":"jan-liermann","status":"publish","type":"page","link":"http:\/\/www.interrapax.org\/pl\/historia\/conductors\/jan-liermann\/","title":{"rendered":"Jan Liermann"},"content":{"rendered":"<h1>Jan Liermann<\/h1>\n<p>Jan Liermann (ur. 1987) studiowa\u0142 na Uniwersytecie Sztuki Folkwang w Essen (Niemcy), specjalizacja: Dyrygentura Ch\u00f3ralna. Cenne impulsy (inspiracje) otrzyma\u0142 od profesor\u00f3w:<br \/>\nMorten Schuldt-Jensen (Freiburg), Prof. Harald Jers (Mannheim) i dr. Matthias Lotzmann (Wuppertal).<\/p>\n<p>Jego wykszta\u0142cenie muzyczne poszerzy\u0142  udzia\u0142 w kursach mistrzowskich Petera Phillipsa (Tallis Scholars),  w Hilliard Ensemble i  Swingle Singers.<br \/>\nJako dyrygent ch\u00f3ralny i ch\u00f3rzysta w r\u00f3\u017cnych zespo\u0142ach, nie ogranicza si\u0119 tylko do jednego gatunku muzyki. Szczeg\u00f3lnie wa\u017cna jest dla niego r\u00f3\u017cnorodno\u015b\u0107 styl\u00f3w. Dlatego te\u017c jego spektrum muzyczne si\u0119ga od \u015bredniowiecznej scholi,  poprzez klasyczny ch\u00f3r kameralny i wokalny zesp\u00f3\u0142 solist\u00f3w do  Jazz-A-Cappella-Band. <\/p>\n<p>W 2012 za\u0142o\u017cy\u0142 w Essen ch\u00f3r kameralny &#8222;NyKl\u00e5ng\u201c, w kt\u00f3rym spotykaj\u0105 si\u0119 m\u0142odzi ch\u00f3rzy\u015bci,  aby opracowywa\u0107 i wykonywa\u0107 ambitny program a cappella. Dla tych m\u0142odych ch\u00f3rzyst\u00f3w wa\u017cne jest nie tylko  czysto techniczne odtworzenie materia\u0142u nutowego ale te\u017c wci\u0105gni\u0119cie s\u0142uchaczy w zaczarowany \u015bwiat muzyki  oraz poruszenie  ich emocji.<\/p>\n","protected":false},"excerpt":{"rendered":"<p>Jan Liermann Jan Liermann (ur. 1987) studiowa\u0142 na Uniwersytecie Sztuki Folkwang w Essen (Niemcy), specjalizacja: Dyrygentura Ch\u00f3ralna. Cenne impulsy (inspiracje) otrzyma\u0142 od profesor\u00f3w: Morten Schuldt-Jensen (Freiburg), Prof. Harald Jers (Mannheim) i dr. Matthias Lotzmann (Wuppertal). Jego wykszta\u0142cenie muzyczne poszerzy\u0142 udzia\u0142 &hellip; <a href=\"http:\/\/www.interrapax.org\/pl\/historia\/conductors\/jan-liermann\/\">Continue reading <span class=\"meta-nav\">&rarr;<\/span><\/a><\/p>\n","protected":false},"author":2,"featured_media":0,"parent":543,"menu_order":0,"comment_status":"closed","ping_status":"open","template":"","meta":{"footnotes":""},"class_list":["post-1653","page","type-page","status-publish","hentry"],"_links":{"self":[{"href":"http:\/\/www.interrapax.org\/pl\/wp-json\/wp\/v2\/pages\/1653","targetHints":{"allow":["GET"]}}],"collection":[{"href":"http:\/\/www.interrapax.org\/pl\/wp-json\/wp\/v2\/pages"}],"about":[{"href":"http:\/\/www.interrapax.org\/pl\/wp-json\/wp\/v2\/types\/page"}],"author":[{"embeddable":true,"href":"http:\/\/www.interrapax.org\/pl\/wp-json\/wp\/v2\/users\/2"}],"replies":[{"embeddable":true,"href":"http:\/\/www.interrapax.org\/pl\/wp-json\/wp\/v2\/comments?post=1653"}],"version-history":[{"count":2,"href":"http:\/\/www.interrapax.org\/pl\/wp-json\/wp\/v2\/pages\/1653\/revisions"}],"predecessor-version":[{"id":1663,"href":"http:\/\/www.interrapax.org\/pl\/wp-json\/wp\/v2\/pages\/1653\/revisions\/1663"}],"up":[{"embeddable":true,"href":"http:\/\/www.interrapax.org\/pl\/wp-json\/wp\/v2\/pages\/543"}],"wp:attachment":[{"href":"http:\/\/www.interrapax.org\/pl\/wp-json\/wp\/v2\/media?parent=1653"}],"curies":[{"name":"wp","href":"https:\/\/api.w.org\/{rel}","templated":true}]}}