{"id":153,"date":"2011-07-24T14:46:33","date_gmt":"2011-07-24T14:46:33","guid":{"rendered":"http:\/\/www.interrapax.org\/?page_id=153"},"modified":"2016-06-23T12:28:48","modified_gmt":"2016-06-23T12:28:48","slug":"about-polish","status":"publish","type":"page","link":"http:\/\/www.interrapax.org\/pl\/about-polish\/","title":{"rendered":"O nas"},"content":{"rendered":"<h1>Informacje o ch\u00f3rze &#8222;in terra pax&#8221;<\/h1>\n<h2>Idea<\/h2>\n<p>Ide\u0105 Mi\u0119dzynarodowej Akademii Ch\u00f3ralnej &#8222;in terra pax&#8221; (\u0142ac. &#8222;pok\u00f3j na ziemi&#8221;) jest kulturalna wymiana mi\u0119dzy lud\u017ami z r\u00f3\u017cnych kraj\u00f3w.<\/p>\n<p>Ch\u00f3r &#8222;in terra pax&#8221; to ok. 60 os\u00f3b z Polski, Niemiec i Francji. W projekcie uczestnicz\u0105 zar\u00f3wno profesjonali\u015bci, studenci r\u00f3\u017cnych kierunk\u00f3w muzycznych jak i osoby amatorsko \u015bpiewaj\u0105ce w ch\u00f3rach. Co roku nowy sk\u0142ad spotyka si\u0119 w Mi\u0119dzyzdrojach, by wsp\u00f3lnie \u015bpiewa\u0107 a przy tym wymienia\u0107 si\u0119 do\u015bwiadczeniami i pomys\u0142ami oraz nawi\u0105zywa\u0107 mi\u0119dzynarodowe kontakty. Podczas tygodniowych warsztat\u00f3w, pod kierunkiem uznanych dyrygent\u00f3w, ch\u00f3r przygotowuje ciekawy i wymagaj\u0105cy program koncertowy, kt\u00f3ry nast\u0119pnie prezentuje podczas Mi\u0119dzynarodowego Festiwalu Pie\u015bni Ch\u00f3ralnej w Mi\u0119dzyzdrojach oraz koncert\u00f3w za granic\u0105 (co roku w innym miejscu).<\/p>\n<p>Uczestnictwo w projekcie &#8222;in terra pax&#8221; daje okazj\u0119 do budowania most\u00f3w, \u0142\u0105cz\u0105cych narody i kultury za pomoc\u0105 wsp\u00f3lnego do\u015bwiadczania i tworzenia muzyki.<\/p>\n<h2>Warsztaty<\/h2>\n<p>Warsztaty Mi\u0119dzynarodowej Akademii Ch\u00f3ralnej &#8222;in terra pax&#8221; maj\u0105 miejsce co roku na prze\u0142omie czerwca i lipca w Mi\u0119dzyzdrojach. Intensywne pr\u00f3by odbywaj\u0105 si\u0119 codziennie przez tydzie\u0144, od rana do wczesnego wieczora, z przerwami na kaw\u0119, posi\u0142ki i odpoczynek. Po pr\u00f3bach ch\u00f3rzy\u015bci dysponuj\u0105 czasem wolnym, kt\u00f3ry mog\u0105 wykorzysta\u0107 m. in. na uczestnictwo w koncertach konkursowych <a href=\"http:\/\/www.mfpch.eu\/\">Mi\u0119dzynarodowego Festiwalu Pie\u015bni Ch\u00f3ralnej<\/a> w Mi\u0119dzyzdrojach.<\/p>\n<p>Za\u0142o\u017ceniem warsztat\u00f3w jest przygotowanie pe\u0142nego programu koncertu a capella, sk\u0142adaj\u0105cego si\u0119 zazwyczaj z od kilkunastu do 20-kilku utwor\u00f3w. Zadanie to jest bardzo wymagaj\u0105ce, dlatego istotnym warunkiem uczestnictwa jest umiej\u0119tno\u015b\u0107 samodzielnego rozczytania utwor\u00f3w przed rozpocz\u0119ciem warsztat\u00f3w. Programy koncert\u00f3w z lat ubieg\u0142ych dost\u0119pne s\u0105 w zak\u0142adce <a title=\"Archiwum program\u00f3w\" href=\"?page_id=650&amp;lang=pl\">archiwum program\u00f3w<\/a>, zach\u0119camy do zapoznania si\u0119 z nimi w celu oszacowania poziomu trudno\u015bci utwor\u00f3w. Przygotowanie programu a nast\u0119pnie wyst\u0119py przed wspania\u0142\u0105, zaanga\u017cowan\u0105 i przyjazn\u0105 publiczno\u015bci\u0105 w Mi\u0119dzyzdrojach i za granic\u0105 daje ch\u00f3rzystom ogromn\u0105 satysfakcj\u0119 i rado\u015b\u0107.<\/p>\n<p>Oczywi\u015bcie, pr\u00f3by to nie jedyna aktywno\u015b\u0107 uczestnik\u00f3w warsztat\u00f3w. Ch\u00f3rzy\u015bci maj\u0105 unikaln\u0105 mo\u017cliwo\u015b\u0107 przebywania w gronie ludzi o podobnych zainteresowaniach, sp\u0119dzania czasu na rozmowach i zabawie z r\u00f3wie\u015bnikami z r\u00f3\u017cnych kraj\u00f3w, co sprzyja wymianie kulturalnej, i nawi\u0105zywania nowych znajomo\u015bci i kontakt\u00f3w. Wa\u017cnym wydarzeniem w tygodniu pracy ch\u00f3ru jest wiecz\u00f3r prezentacji, podczas kt\u00f3rego ka\u017cda grupa uczestnik\u00f3w z danego miasta czy kraju ma mo\u017cliwo\u015b\u0107 zaprezentowania kr\u00f3tkiego programu artystycznego.<\/p>\n<p>Pobyt w Mi\u0119dzyzdrojach daje tak\u017ce mo\u017cliwo\u015b\u0107 odpoczynku nad pi\u0119knym polskim morzem i korzystania z wszelkich atrakcji tej wypoczynkowej miejscowo\u015bci.<\/p>\n<h2>Do\u0142\u0105cz do nas!<\/h2>\n<p>Aby uzyska\u0107 wi\u0119cej informacji i zg\u0142osi\u0107 ch\u0119\u0107 uczestnictwa, prosz\u0119 przej\u015b\u0107 do zak\u0142adki <a title=\"Kontakt\" href=\"?page_id=346&amp;lang=pl\">Kontakt<\/a>.<\/p>\n","protected":false},"excerpt":{"rendered":"<p>Informacje o ch\u00f3rze &#8222;in terra pax&#8221; Idea Ide\u0105 Mi\u0119dzynarodowej Akademii Ch\u00f3ralnej &#8222;in terra pax&#8221; (\u0142ac. &#8222;pok\u00f3j na ziemi&#8221;) jest kulturalna wymiana mi\u0119dzy lud\u017ami z r\u00f3\u017cnych kraj\u00f3w. Ch\u00f3r &#8222;in terra pax&#8221; to ok. 60 os\u00f3b z Polski, Niemiec i Francji. W &hellip; <a href=\"http:\/\/www.interrapax.org\/pl\/about-polish\/\">Continue reading <span class=\"meta-nav\">&rarr;<\/span><\/a><\/p>\n","protected":false},"author":13,"featured_media":0,"parent":0,"menu_order":0,"comment_status":"closed","ping_status":"open","template":"","meta":{"footnotes":""},"class_list":["post-153","page","type-page","status-publish","hentry"],"_links":{"self":[{"href":"http:\/\/www.interrapax.org\/pl\/wp-json\/wp\/v2\/pages\/153","targetHints":{"allow":["GET"]}}],"collection":[{"href":"http:\/\/www.interrapax.org\/pl\/wp-json\/wp\/v2\/pages"}],"about":[{"href":"http:\/\/www.interrapax.org\/pl\/wp-json\/wp\/v2\/types\/page"}],"author":[{"embeddable":true,"href":"http:\/\/www.interrapax.org\/pl\/wp-json\/wp\/v2\/users\/13"}],"replies":[{"embeddable":true,"href":"http:\/\/www.interrapax.org\/pl\/wp-json\/wp\/v2\/comments?post=153"}],"version-history":[{"count":15,"href":"http:\/\/www.interrapax.org\/pl\/wp-json\/wp\/v2\/pages\/153\/revisions"}],"predecessor-version":[{"id":1786,"href":"http:\/\/www.interrapax.org\/pl\/wp-json\/wp\/v2\/pages\/153\/revisions\/1786"}],"wp:attachment":[{"href":"http:\/\/www.interrapax.org\/pl\/wp-json\/wp\/v2\/media?parent=153"}],"curies":[{"name":"wp","href":"https:\/\/api.w.org\/{rel}","templated":true}]}}