{"id":1217,"date":"2012-07-25T10:41:46","date_gmt":"2012-07-25T10:41:46","guid":{"rendered":"http:\/\/www.interrapax.org\/?page_id=1217"},"modified":"2012-07-25T10:45:06","modified_gmt":"2012-07-25T10:45:06","slug":"richard-zielinski","status":"publish","type":"page","link":"http:\/\/www.interrapax.org\/pl\/historia\/conductors\/richard-zielinski\/","title":{"rendered":"Richard Zielinski"},"content":{"rendered":"<h2>Richard Zielinski<\/h2>\n<p>Richard Zielinski studiowa\u0142 dyrygentur\u0119 ch\u00f3raln\u0105 pod kierunkiem Donalda Neuena, Dona Mosesa oraz Jana Szyrockiego. Uzyska\u0142 dyplomy licencjata edukacji muzycznej na Uniwersytecie Wisconsin, magistra dyrygentury ch\u00f3ralnej i \u015bpiewu w Eastman School of Music oraz doktora sztuk muzycznych na Uniwersytecie Illinois.<\/p>\n<p>Jest profesorem w Uniwersytecie Muzycznym Po\u0142udniowej Florydy w Tampa (USA), gdzie dyryguje uniwersyteckim ch\u00f3rem kameralnym, naucza dyrygentury ch\u00f3ralnej oraz zarz\u0105dza wszystkimi przedsi\u0119wzi\u0119ciami ch\u00f3ralnymi na uczelni.<\/p>\n<p>Opr\u00f3cz tego jest dyrektorem muzycznym i artystycznym Ch\u00f3ru Tampa Bay, g\u0142\u00f3wnego ch\u00f3ru partnerskiego Orkiestry Florydy. W latach 2003 &#8211; 2006 dyrygowa\u0142 Akademickim Ch\u00f3rem im. Profesora Jana Szyrockiego (Zachodniopomorski Uniwersytet Technologiczny w Szczecinie).<\/p>\n<p>Jego zainteresowania muzyczne skupiaj\u0105 si\u0119 wok\u00f3\u0142 muzyki ch\u00f3ralnej XX wieku, ze szczeg\u00f3lnym uwzgl\u0119dnieniem muzyki polskiej. <\/p>\n","protected":false},"excerpt":{"rendered":"<p>Richard Zielinski Richard Zielinski studiowa\u0142 dyrygentur\u0119 ch\u00f3raln\u0105 pod kierunkiem Donalda Neuena, Dona Mosesa oraz Jana Szyrockiego. Uzyska\u0142 dyplomy licencjata edukacji muzycznej na Uniwersytecie Wisconsin, magistra dyrygentury ch\u00f3ralnej i \u015bpiewu w Eastman School of Music oraz doktora sztuk muzycznych na Uniwersytecie &hellip; <a href=\"http:\/\/www.interrapax.org\/pl\/historia\/conductors\/richard-zielinski\/\">Continue reading <span class=\"meta-nav\">&rarr;<\/span><\/a><\/p>\n","protected":false},"author":10,"featured_media":0,"parent":543,"menu_order":0,"comment_status":"closed","ping_status":"open","template":"","meta":{"footnotes":""},"class_list":["post-1217","page","type-page","status-publish","hentry"],"_links":{"self":[{"href":"http:\/\/www.interrapax.org\/pl\/wp-json\/wp\/v2\/pages\/1217","targetHints":{"allow":["GET"]}}],"collection":[{"href":"http:\/\/www.interrapax.org\/pl\/wp-json\/wp\/v2\/pages"}],"about":[{"href":"http:\/\/www.interrapax.org\/pl\/wp-json\/wp\/v2\/types\/page"}],"author":[{"embeddable":true,"href":"http:\/\/www.interrapax.org\/pl\/wp-json\/wp\/v2\/users\/10"}],"replies":[{"embeddable":true,"href":"http:\/\/www.interrapax.org\/pl\/wp-json\/wp\/v2\/comments?post=1217"}],"version-history":[{"count":4,"href":"http:\/\/www.interrapax.org\/pl\/wp-json\/wp\/v2\/pages\/1217\/revisions"}],"predecessor-version":[{"id":1223,"href":"http:\/\/www.interrapax.org\/pl\/wp-json\/wp\/v2\/pages\/1217\/revisions\/1223"}],"up":[{"embeddable":true,"href":"http:\/\/www.interrapax.org\/pl\/wp-json\/wp\/v2\/pages\/543"}],"wp:attachment":[{"href":"http:\/\/www.interrapax.org\/pl\/wp-json\/wp\/v2\/media?parent=1217"}],"curies":[{"name":"wp","href":"https:\/\/api.w.org\/{rel}","templated":true}]}}