{"id":1201,"date":"2012-07-23T21:07:49","date_gmt":"2012-07-23T21:07:49","guid":{"rendered":"http:\/\/www.interrapax.org\/?page_id=1201"},"modified":"2012-07-23T21:10:01","modified_gmt":"2012-07-23T21:10:01","slug":"benedykt-blonski","status":"publish","type":"page","link":"http:\/\/www.interrapax.org\/pl\/historia\/conductors\/benedykt-blonski\/","title":{"rendered":"Benedykt B\u0142o\u0144ski"},"content":{"rendered":"<h2>Benedykt B\u0142o\u0144ski<\/h2>\n<p>Absolwent Akademii Muzycznej w Warszawie. Tytu\u0142 doktora uzyska\u0142 w 1988 r., tytu\u0142 doktora habilitowanego w 1993 r., w 1999 r. otrzyma\u0142 tytu\u0142 profesora sztuk muzycznych.  <\/p>\n<p>W latach 2003-2011 dyrektor artystyczny Mi\u0119dzynarodowej Akademii Ch\u00f3ralnej &#8222;in terra pax&#8221;.<\/p>\n<p>Po uko\u0144czeniu studi\u00f3w (w 1982 r.) zosta\u0142 kierownikiem artystycznym i dyrygentem akademickiego Ch\u00f3ru im. prof. Wawrzyczka. By\u0142 ekspertem ds. ch\u00f3r\u00f3w przy Ministrze Kultury i Sztuki (1996-2001). W latach 1998-2001 pe\u0142ni\u0142 funkcj\u0119 kierownika Katedry Dyrygentury Ch\u00f3ralnej Instytutu Muzyki WSP. Obecnie profesor zwyczajny Instytutu Muzyki Uniwersytetu Warmi\u0144sko-Mazurskiego w Olsztynie, wyk\u0142adowca dyrygentury ch\u00f3ralnej na Podyplomowym Studium Ch\u00f3rmistrzowskim przy Akademii Muzycznej w Bydgoszczy i Narodowym Centrum Kultury w Warszawie oraz dyrygent Ch\u00f3ru Warmi\u0144sko-Mazurskiej Filharmonii im. Feliksa Nowowiejskiego w Olsztynie. Regularnie zasiada w jury konkurs\u00f3w i festiwali pie\u015bni ch\u00f3ralnej. <\/p>\n","protected":false},"excerpt":{"rendered":"<p>Benedykt B\u0142o\u0144ski Absolwent Akademii Muzycznej w Warszawie. Tytu\u0142 doktora uzyska\u0142 w 1988 r., tytu\u0142 doktora habilitowanego w 1993 r., w 1999 r. otrzyma\u0142 tytu\u0142 profesora sztuk muzycznych. W latach 2003-2011 dyrektor artystyczny Mi\u0119dzynarodowej Akademii Ch\u00f3ralnej &#8222;in terra pax&#8221;. Po uko\u0144czeniu &hellip; <a href=\"http:\/\/www.interrapax.org\/pl\/historia\/conductors\/benedykt-blonski\/\">Continue reading <span class=\"meta-nav\">&rarr;<\/span><\/a><\/p>\n","protected":false},"author":10,"featured_media":0,"parent":543,"menu_order":0,"comment_status":"closed","ping_status":"open","template":"","meta":{"footnotes":""},"class_list":["post-1201","page","type-page","status-publish","hentry"],"_links":{"self":[{"href":"http:\/\/www.interrapax.org\/pl\/wp-json\/wp\/v2\/pages\/1201","targetHints":{"allow":["GET"]}}],"collection":[{"href":"http:\/\/www.interrapax.org\/pl\/wp-json\/wp\/v2\/pages"}],"about":[{"href":"http:\/\/www.interrapax.org\/pl\/wp-json\/wp\/v2\/types\/page"}],"author":[{"embeddable":true,"href":"http:\/\/www.interrapax.org\/pl\/wp-json\/wp\/v2\/users\/10"}],"replies":[{"embeddable":true,"href":"http:\/\/www.interrapax.org\/pl\/wp-json\/wp\/v2\/comments?post=1201"}],"version-history":[{"count":2,"href":"http:\/\/www.interrapax.org\/pl\/wp-json\/wp\/v2\/pages\/1201\/revisions"}],"predecessor-version":[{"id":1205,"href":"http:\/\/www.interrapax.org\/pl\/wp-json\/wp\/v2\/pages\/1201\/revisions\/1205"}],"up":[{"embeddable":true,"href":"http:\/\/www.interrapax.org\/pl\/wp-json\/wp\/v2\/pages\/543"}],"wp:attachment":[{"href":"http:\/\/www.interrapax.org\/pl\/wp-json\/wp\/v2\/media?parent=1201"}],"curies":[{"name":"wp","href":"https:\/\/api.w.org\/{rel}","templated":true}]}}