{"id":120,"date":"2011-07-18T19:49:01","date_gmt":"2011-07-18T19:49:01","guid":{"rendered":"http:\/\/www.interrapax.org\/?page_id=120"},"modified":"2012-07-23T21:22:20","modified_gmt":"2012-07-23T21:22:20","slug":"benedykt-blonski","status":"publish","type":"page","link":"http:\/\/www.interrapax.org\/pl\/history\/dirigenten\/benedykt-blonski\/","title":{"rendered":"Benedykt B\u0142o\u0144ski"},"content":{"rendered":"<h1>Benedykt B\u0142o\u0144ski<\/h1>\n<p>A graduate of the Academy of Music in Warsaw. Professor of Musical Arts since 1999.<\/p>\n<p>He held the position of  the artistic director of the International Choral Academy &#8222;in terra pax&#8221; in the years 2003-2011.<\/p>\n<p>After graduation (in 1982) he was the artistic director and conductor of the Academic Choir of prof. Wawrzyczek in Olsztyn (Poland). He was an expert in the area of choir music at the Ministry of Culture and Art of Poland (1996-2001). Currently professor of the Institute of Music, University of Warmia and Mazury in Olsztyn, a professor of choral conducting at the Postgraduate Choral Studies  at the Music Academy in Bydgoszcz and the National Cultural Centre in Warsaw and the conductor of the Choir of the Warmia and Mazury Philharmonic in Olsztyn. <\/p>\n","protected":false},"excerpt":{"rendered":"<p>Benedykt B\u0142o\u0144ski A graduate of the Academy of Music in Warsaw. Professor of Musical Arts since 1999. He held the position of the artistic director of the International Choral Academy &#8222;in terra pax&#8221; in the years 2003-2011. After graduation (in &hellip; <a href=\"http:\/\/www.interrapax.org\/pl\/history\/dirigenten\/benedykt-blonski\/\">Continue reading <span class=\"meta-nav\">&rarr;<\/span><\/a><\/p>\n","protected":false},"author":13,"featured_media":0,"parent":75,"menu_order":0,"comment_status":"closed","ping_status":"open","template":"","meta":{"footnotes":""},"class_list":["post-120","page","type-page","status-publish","hentry"],"_links":{"self":[{"href":"http:\/\/www.interrapax.org\/pl\/wp-json\/wp\/v2\/pages\/120","targetHints":{"allow":["GET"]}}],"collection":[{"href":"http:\/\/www.interrapax.org\/pl\/wp-json\/wp\/v2\/pages"}],"about":[{"href":"http:\/\/www.interrapax.org\/pl\/wp-json\/wp\/v2\/types\/page"}],"author":[{"embeddable":true,"href":"http:\/\/www.interrapax.org\/pl\/wp-json\/wp\/v2\/users\/13"}],"replies":[{"embeddable":true,"href":"http:\/\/www.interrapax.org\/pl\/wp-json\/wp\/v2\/comments?post=120"}],"version-history":[{"count":8,"href":"http:\/\/www.interrapax.org\/pl\/wp-json\/wp\/v2\/pages\/120\/revisions"}],"predecessor-version":[{"id":1206,"href":"http:\/\/www.interrapax.org\/pl\/wp-json\/wp\/v2\/pages\/120\/revisions\/1206"}],"up":[{"embeddable":true,"href":"http:\/\/www.interrapax.org\/pl\/wp-json\/wp\/v2\/pages\/75"}],"wp:attachment":[{"href":"http:\/\/www.interrapax.org\/pl\/wp-json\/wp\/v2\/media?parent=120"}],"curies":[{"name":"wp","href":"https:\/\/api.w.org\/{rel}","templated":true}]}}