{"id":1197,"date":"2012-07-23T20:59:06","date_gmt":"2012-07-23T20:59:06","guid":{"rendered":"http:\/\/www.interrapax.org\/?page_id=1197"},"modified":"2012-07-23T20:59:06","modified_gmt":"2012-07-23T20:59:06","slug":"jean-baptiste-bertrand","status":"publish","type":"page","link":"http:\/\/www.interrapax.org\/pl\/historia\/conductors\/jean-baptiste-bertrand\/","title":{"rendered":"Jean-Baptiste Bertrand"},"content":{"rendered":"<h2>Jean-Baptiste Bertrand<\/h2>\n<p>Dyrygent, profesor nauczania muzyki w zakresie \u015bpiewu ch\u00f3ralnego w Pa\u0144stwowym Konserwatorium Muzycznym w Saint-Etienne (Francja). Od 2011 roku dyrektor artystyczny Mi\u0119dzynarodowej Akademii Ch\u00f3ralnej &#8222;in terra pax&#8221;.<\/p>\n<p>Ucze\u0144 Daniela Kawki, Philippa Caillarda i Francois Luisignant. Zg\u0142\u0119bia\u0142 wiedz\u0119 w zakresie muzyki ch\u00f3ralnej pod kierunkiem Erica Ericsona (Wy\u017csze Konserwatorium Muzyczne w Sztokholmie, Ch\u00f3r szwedzkiego radia). Jego mistrzem by\u0142 tak\u017ce profesor Jan Szyrocki.<\/p>\n<p>Jean-Baptiste Bertrand anga\u017cuje si\u0119 w wiele projekt\u00f3w muzycznych, zar\u00f3wno francuskich jak i mi\u0119dzynarodowych. Jest dyrektorem Szko\u0142y \u015apiewu Ch\u00f3ralnego przy Radzie Regionu Loary (La Ma\u00eetrise du Conseil G\u00e9n\u00e9ral de la Loire). Wsp\u00f3\u0142pracowa\u0142 z operami Saint Etienne i Lyonu oraz z licznymi ch\u00f3rami i orkiestrami m\u0142odzie\u017cowymi. Regularnie wchodzi w sk\u0142ad jury mi\u0119dzynarodowych konkurs\u00f3w i festiwali pie\u015bni ch\u00f3ralnej (m. in. Olimpiady Ch\u00f3r\u00f3w &#8211; World Choir Games w Szanghaju, 2010).<\/p>\n","protected":false},"excerpt":{"rendered":"<p>Jean-Baptiste Bertrand Dyrygent, profesor nauczania muzyki w zakresie \u015bpiewu ch\u00f3ralnego w Pa\u0144stwowym Konserwatorium Muzycznym w Saint-Etienne (Francja). Od 2011 roku dyrektor artystyczny Mi\u0119dzynarodowej Akademii Ch\u00f3ralnej &#8222;in terra pax&#8221;. Ucze\u0144 Daniela Kawki, Philippa Caillarda i Francois Luisignant. Zg\u0142\u0119bia\u0142 wiedz\u0119 w zakresie &hellip; <a href=\"http:\/\/www.interrapax.org\/pl\/historia\/conductors\/jean-baptiste-bertrand\/\">Continue reading <span class=\"meta-nav\">&rarr;<\/span><\/a><\/p>\n","protected":false},"author":10,"featured_media":0,"parent":543,"menu_order":0,"comment_status":"closed","ping_status":"open","template":"","meta":{"footnotes":""},"class_list":["post-1197","page","type-page","status-publish","hentry"],"_links":{"self":[{"href":"http:\/\/www.interrapax.org\/pl\/wp-json\/wp\/v2\/pages\/1197","targetHints":{"allow":["GET"]}}],"collection":[{"href":"http:\/\/www.interrapax.org\/pl\/wp-json\/wp\/v2\/pages"}],"about":[{"href":"http:\/\/www.interrapax.org\/pl\/wp-json\/wp\/v2\/types\/page"}],"author":[{"embeddable":true,"href":"http:\/\/www.interrapax.org\/pl\/wp-json\/wp\/v2\/users\/10"}],"replies":[{"embeddable":true,"href":"http:\/\/www.interrapax.org\/pl\/wp-json\/wp\/v2\/comments?post=1197"}],"version-history":[{"count":1,"href":"http:\/\/www.interrapax.org\/pl\/wp-json\/wp\/v2\/pages\/1197\/revisions"}],"predecessor-version":[{"id":1199,"href":"http:\/\/www.interrapax.org\/pl\/wp-json\/wp\/v2\/pages\/1197\/revisions\/1199"}],"up":[{"embeddable":true,"href":"http:\/\/www.interrapax.org\/pl\/wp-json\/wp\/v2\/pages\/543"}],"wp:attachment":[{"href":"http:\/\/www.interrapax.org\/pl\/wp-json\/wp\/v2\/media?parent=1197"}],"curies":[{"name":"wp","href":"https:\/\/api.w.org\/{rel}","templated":true}]}}