{"id":1193,"date":"2012-07-23T20:39:44","date_gmt":"2012-07-23T20:39:44","guid":{"rendered":"http:\/\/www.interrapax.org\/?page_id=1193"},"modified":"2012-07-23T20:39:44","modified_gmt":"2012-07-23T20:39:44","slug":"jan-szyrocki","status":"publish","type":"page","link":"http:\/\/www.interrapax.org\/pl\/historia\/conductors\/jan-szyrocki\/","title":{"rendered":"Jan Szyrocki"},"content":{"rendered":"<h2>Jan Szyrocki (1931-2003)<\/h2>\n<p>Za\u0142o\u017cyciel, dyrygent i dyrektor artystyczny Ch\u00f3ru Akademickiego Politechniki Szczeci\u0144skiej (obecnie Ch\u00f3r Akademicki im. Profesora Jana Szyrockiego). Kierowa\u0142 jego prac\u0105 od 1952 roku, tj. od momentu powstania, nieprzerwanie a\u017c do \u015bmierci w 2003 roku. Inicjator i za\u0142o\u017cyciel projektu Mi\u0119dzynarodowej Akademii Ch\u00f3ralnej &#8222;in terra pax&#8221;.<\/p>\n<p>W 1956 roku uzyska\u0142 dyplom na Wydziale Budownictwa L\u0105dowego Politechniki Szczeci\u0144skiej. R\u00f3wnolegle zdobywa\u0142 wiedz\u0119 muzyczn\u0105, najpierw w Szkole Muzycznej w Rybniku, nast\u0119pnie w Pa\u0144stwowej \u015aredniej Szkole Muzycznej w Szczecinie, w klasie fortepianu i w klasie \u015bpiewu solowego. Po trzymiesi\u0119cznym stypendium w Kr\u00f3lewskim Konserwatorium Muzycznym w Hadze (Holandia \u2013 1968), kontynuowa\u0142 studia muzyczne w Pa\u0144stwowej Wy\u017cszej Szkole Muzycznej w Poznaniu na Wydziale Teorii, Dyrygentury i Kompozycji w klasie profesora Stefana Stuligrosza. Uko\u0144czy\u0142 je w 1975 roku dyplomem z wyr\u00f3\u017cnieniem. Studiowa\u0142 tak\u017ce dyrygentur\u0119 pod kierunkiem prof. H. Swarowskiego, C. \u00d6stereichera i G. Theuringa w Wiedniu, w Wy\u017cszej Szkole Muzyki i Sztuki Odtw\u00f3rczej.  <\/p>\n<p>Jan Szyrocki nale\u017ca\u0142 do wsp\u00f3\u0142za\u0142o\u017cycieli, a do 1974 roku pe\u0142ni\u0142 funkcj\u0119 dyrygenta i kierownika artystycznego Szczeci\u0144skiego Ch\u00f3ru Ch\u0142opi\u0119cego &#8222;S\u0142owiki&#8221;. Z jego inicjatywy powsta\u0142 w 1973 roku Szczeci\u0144ski Ch\u00f3r Kameralny, w 1983 roku przekszta\u0142cony w &#8222;Collegium Maiorum&#8221;, w kt\u00f3rym kontynuuj\u0105 \u015bpiewanie absolwenci CHAPS.<\/p>\n<p>Od 1965 roku piastowa\u0142 funkcj\u0119 prezesa Szczeci\u0144skiego Oddzia\u0142u Polskiego Zwi\u0105zku Ch\u00f3r\u00f3w i Orkiestr, by\u0142 r\u00f3wnie\u017c inicjatorem, cz\u0142onkiem Komitetu Organizacyjnego i Rady Artystycznej oraz dyrektorem artystycznym corocznej edycji Mi\u0119dzynarodowego Festiwalu Pie\u015bni Ch\u00f3ralnej w Mi\u0119dzyzdrojach, kt\u00f3ry organizowany jest od 1965 roku.<\/p>\n<p>Od roku 1978 by\u0142 nauczycielem akademickim Akademii Muzycznej w Poznaniu, pocz\u0105tkowo na stanowisku docenta, nast\u0119pnie profesora nadzwyczajnego, a potem profesora zwyczajnego. Z chwil\u0105 powo\u0142ania Filii w Szczecinie (1980) zosta\u0142 jej kierownikiem do 1995 roku, a ponadto kierowa\u0142 pracami powsta\u0142ego w 1985 roku Studium Kultury Muzycznej Politechniki Szczeci\u0144skiej. W 1995 roku zosta\u0142 na 3 lata dyrektorem Ch\u00f3ru Teatru Wielkiego \u2013 Opery Narodowej w Warszawie.<\/p>\n","protected":false},"excerpt":{"rendered":"<p>Jan Szyrocki (1931-2003) Za\u0142o\u017cyciel, dyrygent i dyrektor artystyczny Ch\u00f3ru Akademickiego Politechniki Szczeci\u0144skiej (obecnie Ch\u00f3r Akademicki im. Profesora Jana Szyrockiego). Kierowa\u0142 jego prac\u0105 od 1952 roku, tj. od momentu powstania, nieprzerwanie a\u017c do \u015bmierci w 2003 roku. Inicjator i za\u0142o\u017cyciel projektu &hellip; <a href=\"http:\/\/www.interrapax.org\/pl\/historia\/conductors\/jan-szyrocki\/\">Continue reading <span class=\"meta-nav\">&rarr;<\/span><\/a><\/p>\n","protected":false},"author":10,"featured_media":0,"parent":543,"menu_order":0,"comment_status":"closed","ping_status":"open","template":"","meta":{"footnotes":""},"class_list":["post-1193","page","type-page","status-publish","hentry"],"_links":{"self":[{"href":"http:\/\/www.interrapax.org\/pl\/wp-json\/wp\/v2\/pages\/1193","targetHints":{"allow":["GET"]}}],"collection":[{"href":"http:\/\/www.interrapax.org\/pl\/wp-json\/wp\/v2\/pages"}],"about":[{"href":"http:\/\/www.interrapax.org\/pl\/wp-json\/wp\/v2\/types\/page"}],"author":[{"embeddable":true,"href":"http:\/\/www.interrapax.org\/pl\/wp-json\/wp\/v2\/users\/10"}],"replies":[{"embeddable":true,"href":"http:\/\/www.interrapax.org\/pl\/wp-json\/wp\/v2\/comments?post=1193"}],"version-history":[{"count":1,"href":"http:\/\/www.interrapax.org\/pl\/wp-json\/wp\/v2\/pages\/1193\/revisions"}],"predecessor-version":[{"id":1195,"href":"http:\/\/www.interrapax.org\/pl\/wp-json\/wp\/v2\/pages\/1193\/revisions\/1195"}],"up":[{"embeddable":true,"href":"http:\/\/www.interrapax.org\/pl\/wp-json\/wp\/v2\/pages\/543"}],"wp:attachment":[{"href":"http:\/\/www.interrapax.org\/pl\/wp-json\/wp\/v2\/media?parent=1193"}],"curies":[{"name":"wp","href":"https:\/\/api.w.org\/{rel}","templated":true}]}}