{"id":958,"date":"2012-03-02T15:28:42","date_gmt":"2012-03-02T15:28:42","guid":{"rendered":"http:\/\/www.interrapax.org\/?page_id=958"},"modified":"2017-03-28T00:23:42","modified_gmt":"2017-03-28T00:23:42","slug":"histoire","status":"publish","type":"page","link":"http:\/\/www.interrapax.org\/fr\/about-french\/histoire\/","title":{"rendered":"Histoire"},"content":{"rendered":"<p><strong>Histoire de l&rsquo;Acad\u00e9mie In Terra Pax<\/strong><\/p>\n<p>Cette Acad\u00e9mie (germano-polonaise au d\u00e9part) a \u00e9t\u00e9<strong> cr\u00e9\u00e9e en 1991, <\/strong>au lendemain de<strong> \u00ab la chute du mur de Berlin \u00bb, <\/strong>par le professeur Jan Szyrocki. Il souhaitait \u0153uvrer utilement \u00e0 la r\u00e9conciliation entre les deux peuples. Elle se d\u00e9roule en Pologne au bord de la mer Baltique, pendant le Festival international de chant choral de Miedzyzdroje et se conclut par un ou plusieurs concerts publics. Une deuxi\u00e8me session a parfois lieu en Allemagne ou en France au cours de l\u2019\u00e9t\u00e9. Depuis 2002, cette Acad\u00e9mie germano-polonaise s\u2019est internationalis\u00e9e. \u00c0 la suite de la France, se sont adjoints les \u00c9tats-Unis, l\u2019Espagne avec les membres du ch\u0153ur Sant Yago de Valence, puis la Suisse, la Belgique, la Slovaquie, et depuis 2011 l\u2019Ukraine.<\/p>\n<p>Parmi les tourn\u00e9es, nous pouvons mentionner celles-ci:<\/p>\n<ul>\n<li><strong>1998 :<\/strong> Tourn\u00e9e le long de la c\u00f4te allemande de la mer Baltique<\/li>\n<li><strong>2000 :<\/strong> Concerts \u00e0 Hanovre sur invitation de l&rsquo; \u00ab\u00a0EXPO 2000\u00a0\u00bb.<\/li>\n<li><strong>2001 :<\/strong> Concerts dans le cadre du Festival \u00ab\u00a0Millenium Pace\u00a0\u00bb \u00e0 Valencia (Espagne)<\/li>\n<li><strong>2002, 2003, 2004 :<\/strong> Concerts a capella dans le cadre du Festival \u00ab\u00a0\u00c9t\u00e9 musical Loire en Rh\u00f4ne-Alpes\u00a0\u00bb \u00e0 Saint-Bonnet-le-Ch\u00e2teau (France)<\/li>\n<li><strong>1997, 2000, 2002 et 2003 :<\/strong> Concerts en Rh\u00e9nanie du Nord-Westphalie<\/li>\n<li><strong>2009 :<\/strong> Concert a capella en France dans le cadre du festival de l\u2019\u00e9t\u00e9 musical en Loire \u00e0 Pommier en Forez, St Bonnet le Ch\u00e2teau et Chazelles sur Lyon<\/li>\n<li><strong>2010 :<\/strong> Concert en France dans le cadre de l\u2019\u00e9t\u00e9 musical en Loire \u00e0 la B\u00e2tie d\u2019Urf\u00e9. Pour la premi\u00e8re fois, l\u2019Acad\u00e9mie IN TERRA PAX \u00e9tait invit\u00e9e par <strong>l\u2019Orchestre Symphonique de l\u2019Op\u00e9r<\/strong><strong>a de St-Etienne<\/strong> sous la baguette de Laurent CAMPELLONE pour interpr\u00e9ter les grands airs d\u2019op\u00e9ras Italiens.<\/li>\n<li><strong>2011 : <\/strong>Concert \u00e0 Graz en Autriche \u00e0 l\u2019occasion<strong> du \u00ab 2<sup>nd<\/sup> World Choir Championship \u00bb <\/strong>avec INTERKULTUR. (<a href=\"http:\/\/www.interkultur.com\/\" target=\"_blank\">http:\/\/www.interkultur.com<\/a>)<\/li>\n<li><strong>2012 : <\/strong>Tourn\u00e9e de concerts \u00e0 Hanovre et Steinheim<\/li>\n<li><strong>2013 :<\/strong> Tourn\u00e9e en Allemagne puis jusqu\u2019en France au Festival des Collines chantantes de COTTANCE<\/li>\n<li><strong>2014 :<\/strong> Tourn\u00e9e de concerts en Allemagne de Hanovre \u00e0 Steinheim<\/li>\n<li><strong>2015 : <\/strong>Tourn\u00e9e de concerts en Pologne (Szczecin,\u00a0Wroc\u0142aw,\u00a0Rzesz\u00f3w)<\/li>\n<li><strong>2016 : <\/strong>Concert \u00e0 Berlin en Allemagne<\/li>\n<li><strong>2016 : <\/strong>Concert \u00e0\u00a0Dresden\u00a0en Allemagne<\/li>\n<\/ul>\n","protected":false},"excerpt":{"rendered":"<p>Histoire de l&rsquo;Acad\u00e9mie In Terra Pax Cette Acad\u00e9mie (germano-polonaise au d\u00e9part) a \u00e9t\u00e9 cr\u00e9\u00e9e en 1991, au lendemain de \u00ab la chute du mur de Berlin \u00bb, par le professeur Jan Szyrocki. Il souhaitait \u0153uvrer utilement \u00e0 la r\u00e9conciliation entre &hellip; <a href=\"http:\/\/www.interrapax.org\/fr\/about-french\/histoire\/\">Continue reading <span class=\"meta-nav\">&rarr;<\/span><\/a><\/p>\n","protected":false},"author":12,"featured_media":0,"parent":151,"menu_order":0,"comment_status":"closed","ping_status":"open","template":"","meta":{"footnotes":""},"class_list":["post-958","page","type-page","status-publish","hentry"],"_links":{"self":[{"href":"http:\/\/www.interrapax.org\/fr\/wp-json\/wp\/v2\/pages\/958","targetHints":{"allow":["GET"]}}],"collection":[{"href":"http:\/\/www.interrapax.org\/fr\/wp-json\/wp\/v2\/pages"}],"about":[{"href":"http:\/\/www.interrapax.org\/fr\/wp-json\/wp\/v2\/types\/page"}],"author":[{"embeddable":true,"href":"http:\/\/www.interrapax.org\/fr\/wp-json\/wp\/v2\/users\/12"}],"replies":[{"embeddable":true,"href":"http:\/\/www.interrapax.org\/fr\/wp-json\/wp\/v2\/comments?post=958"}],"version-history":[{"count":5,"href":"http:\/\/www.interrapax.org\/fr\/wp-json\/wp\/v2\/pages\/958\/revisions"}],"predecessor-version":[{"id":1880,"href":"http:\/\/www.interrapax.org\/fr\/wp-json\/wp\/v2\/pages\/958\/revisions\/1880"}],"up":[{"embeddable":true,"href":"http:\/\/www.interrapax.org\/fr\/wp-json\/wp\/v2\/pages\/151"}],"wp:attachment":[{"href":"http:\/\/www.interrapax.org\/fr\/wp-json\/wp\/v2\/media?parent=958"}],"curies":[{"name":"wp","href":"https:\/\/api.w.org\/{rel}","templated":true}]}}