{"id":836,"date":"2012-02-29T19:12:49","date_gmt":"2012-02-29T19:12:49","guid":{"rendered":"http:\/\/www.interrapax.org\/?page_id=836"},"modified":"2020-06-11T09:12:32","modified_gmt":"2020-06-11T09:12:32","slug":"sign-up-form","status":"publish","type":"page","link":"http:\/\/www.interrapax.org\/fr\/participez\/sign-up-form\/","title":{"rendered":"Inscription"},"content":{"rendered":"<p><b>CONDITIONS DE CANDIDATURE ET DE SELECTION DES CHANTEURS<\/b><\/p>\n<p><b> <\/b> Le programme musical abord\u00e9 contient environ douze pi\u00e8ces allant du moyen-\u00e2ge \u00e0 nos jours et dans plusieurs langues (polonais, slovaque, anglais, fran\u00e7ais, allemand\u2026)<\/p>\n<p>Les candidats devront pr\u00e9parer <b>en autonomie les partitions fournies<\/b> et arriver au stage les en ayant pr\u00e9alablement d\u00e9chiffr\u00e9es. La direction artistique communiquera au plus vite la liste des chanteurs s\u00e9lectionn\u00e9s pour participer \u00e0 ITP. Cette s\u00e9lection sera faite en fonction du niveau des chanteurs et de l\u2019\u00e9quilibre des tessitures .<\/p>\n<p>Nous s\u00e9lectionnerons <b>10 candidats pour\u00a0cette ann\u00e9e<\/b>.<\/p>\n<p>La participation \u00e0 tous les concerts ainsi qu\u2019aux r\u00e9p\u00e9titions quotidiennes est obligatoire.<\/p>\n<p><b>Un enregistrement vous sera demand\u00e9 pour l\u2019examen de votre candidature (pour les chanteurs n\u2019ayant jamais particip\u00e9 \u00e0 l&rsquo;Acad\u00e9mie). La candidature et l&rsquo;enregistrement doivent donc tous deux nous parvenir avant la date limite de candidature (1 ao\u00fbt).<\/b><\/p>\n<p><strong>D\u00e9p\u00f4t de candidature pour l&rsquo;Acad\u00e9mie \u00ab\u00a0In Terra Pax\u00a0\u00bb 2020<\/strong><\/p>\n<p>Votre candidature sera officiellement prise en compte \u00e0 r\u00e9ception de ce formulaire et de votre enregistrement vocal (enregistrement requis si vous n&rsquo;avez jamais particip\u00e9 \u00e0 l&rsquo;Acad\u00e9mie In Terra Pax). Vous ferez votre enregistrement sous format MP3 dans la voix pour laquelle vous postulez.<\/p>\n<p>Voici le lien pour r\u00e9cup\u00e9rer le morceau \u00e0 enregistrer (A. Becker \u2013 Bleibe, Abend will es werden)<\/p>\n<p>https:\/\/www.dropbox.com\/s\/ungmmviun7arf2o\/Bleibe-Abend_Becker.pdf?dl=0<\/p>\n<p>Date limite de d\u00e9p\u00f4t de candidature : 1 AO\u00dbT 2020<\/p>\n<p>Julien VINCENT &amp; Emmanuelle DA COSTA<\/p>\n<p>E. Mail : <a href=\"http:\/\/www.interrapax.org\/?page_id=343&amp;lang=fr\">interrapax.france@gmail.com<\/a><\/p>\n\n<div class=\"wpcf7 no-js\" id=\"wpcf7-f847-o1\" lang=\"en-US\" dir=\"ltr\" data-wpcf7-id=\"847\">\n<div class=\"screen-reader-response\"><p role=\"status\" aria-live=\"polite\" aria-atomic=\"true\"><\/p> <ul><\/ul><\/div>\n<form action=\"\/fr\/wp-json\/wp\/v2\/pages\/836#wpcf7-f847-o1\" method=\"post\" class=\"wpcf7-form init\" aria-label=\"Contact form\" novalidate=\"novalidate\" data-status=\"init\">\n<fieldset class=\"hidden-fields-container\"><input type=\"hidden\" name=\"_wpcf7\" value=\"847\" \/><input type=\"hidden\" name=\"_wpcf7_version\" value=\"6.1.6\" \/><input type=\"hidden\" name=\"_wpcf7_locale\" value=\"en_US\" \/><input type=\"hidden\" name=\"_wpcf7_unit_tag\" value=\"wpcf7-f847-o1\" \/><input type=\"hidden\" name=\"_wpcf7_container_post\" value=\"0\" \/><input type=\"hidden\" name=\"_wpcf7_posted_data_hash\" value=\"\" \/><input type=\"hidden\" name=\"_wpcf7_recaptcha_response\" value=\"\" \/>\n<\/fieldset>\n<style>\n#signupform table {\nborder:none;\nborder-spacing:15px;\nborder-collapse:separate;\nmargin:0px;\n}\n#signupform tr {\nborder:none;\n}\n#signupform tr td {\nborder:none;\npadding:0px;\n}\n#signupform select {\nmargin:0px;\n}\n#signupform input, #signupform textarea {\nmargin:0px;\n}\n#signupform .signuplong input, #signupform .signuplong textarea {\nwidth:500px;\n}\n#signupform .signupshort input, #signupform .signupshort textarea {\nwidth:200px;\n}\n<\/style>\n<div  id=\"signupform\">\n\t<table border=\"0\" >\n\t\t<tr>\n\t\t\t<td>\n\t\t\t\t<p>Sexe*<br \/>\n<span class=\"wpcf7-form-control-wrap\" data-name=\"your-sex\"><select class=\"wpcf7-form-control wpcf7-select wpcf7-validates-as-required\" aria-required=\"true\" aria-invalid=\"false\" name=\"your-sex\"><option value=\"\">&#8212;Please choose an option&#8212;<\/option><option value=\"Homme\">Homme<\/option><option value=\"Femme\">Femme<\/option><\/select><\/span>\n\t\t\t\t<\/p>\n\t\t\t<\/td>\n\t\t\t<td>\n\t\t\t\t<p>Statut*<br \/>\n<span class=\"wpcf7-form-control-wrap\" data-name=\"your-status\"><select class=\"wpcf7-form-control wpcf7-select wpcf7-validates-as-required\" aria-required=\"true\" aria-invalid=\"false\" name=\"your-status\"><option value=\"\">&#8212;Please choose an option&#8212;<\/option><option value=\"\u00c9tudiant\">\u00c9tudiant<\/option><option value=\"Adulte\">Adulte<\/option><\/select><\/span>\n\t\t\t\t<\/p>\n\t\t\t<\/td>\n\t\t<\/tr>\n\t\t<tr style=\"border:0px;margin-bottom:-10px\">\n\t\t\t<td class=\"signupshort\">\n\t\t\t\t<p>Nom*<br \/>\n<span class=\"wpcf7-form-control-wrap\" data-name=\"your-name\"><input size=\"20\" maxlength=\"400\" class=\"wpcf7-form-control wpcf7-text wpcf7-validates-as-required\" aria-required=\"true\" aria-invalid=\"false\" value=\"\" type=\"text\" name=\"your-name\" \/><\/span>\n\t\t\t\t<\/p>\n\t\t\t<\/td>\n\t\t\t<td class=\"signupshort\">\n\t\t\t\t<p>Prenom*<br \/>\n<span class=\"wpcf7-form-control-wrap\" data-name=\"your-firstname\"><input size=\"20\" maxlength=\"400\" class=\"wpcf7-form-control wpcf7-text wpcf7-validates-as-required\" aria-required=\"true\" aria-invalid=\"false\" value=\"\" type=\"text\" name=\"your-firstname\" \/><\/span>\n\t\t\t\t<\/p>\n\t\t\t<\/td>\n\t\t<\/tr>\n\t\t<tr>\n\t\t\t<td colspan=\"2\" class=\"signuplong\">\n\t\t\t\t<p>Addresse*<br \/>\n<span class=\"wpcf7-form-control-wrap\" data-name=\"your-address\"><input size=\"93\" maxlength=\"400\" class=\"wpcf7-form-control wpcf7-text wpcf7-validates-as-required\" aria-required=\"true\" aria-invalid=\"false\" value=\"\" type=\"text\" name=\"your-address\" \/><\/span>\n\t\t\t\t<\/p>\n\t\t\t<\/td>\n\t\t<\/tr>\n\t\t<tr>\n\t\t\t<td class=\"signupshort\">\n\t\t\t\t<p>Code postal*<br \/>\n<span class=\"wpcf7-form-control-wrap\" data-name=\"your-zip\"><input size=\"20\" maxlength=\"400\" class=\"wpcf7-form-control wpcf7-text wpcf7-validates-as-required\" aria-required=\"true\" aria-invalid=\"false\" value=\"\" type=\"text\" name=\"your-zip\" \/><\/span>\n\t\t\t\t<\/p>\n\t\t\t<\/td>\n\t\t\t<td class=\"signupshort\">\n\t\t\t\t<p>Ville*<br \/>\n<span class=\"wpcf7-form-control-wrap\" data-name=\"your-city\"><input size=\"20\" maxlength=\"400\" class=\"wpcf7-form-control wpcf7-text wpcf7-validates-as-required\" aria-required=\"true\" aria-invalid=\"false\" value=\"\" type=\"text\" name=\"your-city\" \/><\/span>\n\t\t\t\t<\/p>\n\t\t\t<\/td>\n\t\t<\/tr>\n\t\t<tr>\n\t\t\t<td class=\"signupshort\">\n\t\t\t\t<p>Pays*<br \/>\n<span class=\"wpcf7-form-control-wrap\" data-name=\"your-country\"><input size=\"40\" maxlength=\"400\" class=\"wpcf7-form-control wpcf7-text wpcf7-validates-as-required\" aria-required=\"true\" aria-invalid=\"false\" value=\"\" type=\"text\" name=\"your-country\" \/><\/span>\n\t\t\t\t<\/p>\n\t\t\t<\/td>\n\t\t\t<td class=\"signupshort\">\n\t\t\t\t<p>E-mail*<br \/>\n<span class=\"wpcf7-form-control-wrap\" data-name=\"your-email\"><input size=\"40\" maxlength=\"400\" class=\"wpcf7-form-control wpcf7-email wpcf7-validates-as-required wpcf7-text wpcf7-validates-as-email\" aria-required=\"true\" aria-invalid=\"false\" value=\"\" type=\"email\" name=\"your-email\" \/><\/span>\n\t\t\t\t<\/p>\n\t\t\t<\/td>\n\t\t<\/tr>\n\t\t<tr>\n\t\t\t<td class=\"signupshort\">\n\t\t\t\t<p>T\u00e9l\u00e9phone fixe*<br \/>\n<span class=\"wpcf7-form-control-wrap\" data-name=\"your-phone\"><input size=\"40\" maxlength=\"400\" class=\"wpcf7-form-control wpcf7-text wpcf7-validates-as-required\" aria-required=\"true\" aria-invalid=\"false\" value=\"\" type=\"text\" name=\"your-phone\" \/><\/span>\n\t\t\t\t<\/p>\n\t\t\t<\/td>\n\t\t\t<td class=\"signupshort\">\n\t\t\t\t<p>T\u00e9l\u00e9phone portable*<br \/>\n<span class=\"wpcf7-form-control-wrap\" data-name=\"your-cellphone\"><input size=\"40\" maxlength=\"400\" class=\"wpcf7-form-control wpcf7-text wpcf7-validates-as-required\" aria-required=\"true\" aria-invalid=\"false\" value=\"\" type=\"text\" name=\"your-cellphone\" \/><\/span>\n\t\t\t\t<\/p>\n\t\t\t<\/td>\n\t\t<\/tr>\n\t\t<tr>\n\t\t\t<td class=\"signupshort\">\n\t\t\t\t<p>Date de naissance*<br \/>\n<span class=\"wpcf7-form-control-wrap\" data-name=\"your-birthday\"><input size=\"40\" maxlength=\"400\" class=\"wpcf7-form-control wpcf7-text wpcf7-validates-as-required\" aria-required=\"true\" aria-invalid=\"false\" value=\"\" type=\"text\" name=\"your-birthday\" \/><\/span>\n\t\t\t\t<\/p>\n\t\t\t<\/td>\n\t\t\t<td class=\"signupshort\">\n\t\t\t\t<p>Profession*<br \/>\n<span class=\"wpcf7-form-control-wrap\" data-name=\"your-profession\"><input size=\"40\" maxlength=\"400\" class=\"wpcf7-form-control wpcf7-text wpcf7-validates-as-required\" aria-required=\"true\" aria-invalid=\"false\" value=\"\" type=\"text\" name=\"your-profession\" \/><\/span>\n\t\t\t\t<\/p>\n\t\t\t<\/td>\n\t\t<\/tr>\n\t\t<tr>\n\t\t\t<td colspan=\"2\" class=\"signuplong\">\n\t\t\t\t<p>Attention l\u2019\u00e2ge minimum requis est 18 ans r\u00e9volus au moment de l\u2019Acad\u00e9mie (Nous consulter pour d\u00e9rogation \u00e0 titre exceptionnel)\n\t\t\t\t<\/p>\n\t\t\t<\/td>\n\t\t<\/tr>\n\t\t<tr>\n\t\t\t<td colspan=\"2\" class=\"signuplong\">\n\t\t\t\t<p>Chantez-vous dans un ch\u0153ur ? (si oui, donnez le nom)<br \/>\n<span class=\"wpcf7-form-control-wrap\" data-name=\"your-choir\"><input size=\"93\" maxlength=\"400\" class=\"wpcf7-form-control wpcf7-text\" aria-invalid=\"false\" value=\"\" type=\"text\" name=\"your-choir\" \/><\/span>\n\t\t\t\t<\/p>\n\t\t\t<\/td>\n\t\t<\/tr>\n\t\t<tr>\n\t\t\t<td colspan=\"2\" class=\"signuplong\">\n\t\t\t\t<p>Prenez-vous des cours de chant ?<br \/>\n<span class=\"wpcf7-form-control-wrap\" data-name=\"your-classes\"><input size=\"93\" maxlength=\"400\" class=\"wpcf7-form-control wpcf7-text\" aria-invalid=\"false\" value=\"\" type=\"text\" name=\"your-classes\" \/><\/span>\n\t\t\t\t<\/p>\n\t\t\t<\/td>\n\t\t<\/tr>\n\t\t<tr>\n\t\t\t<td colspan=\"2\" class=\"signuplong\">\n\t\t\t\t<p>Jouez-vous d\u2019un instrument de musique ? (si oui, lequel ?)<br \/>\n<span class=\"wpcf7-form-control-wrap\" data-name=\"your-instrument\"><input size=\"93\" maxlength=\"400\" class=\"wpcf7-form-control wpcf7-text\" aria-invalid=\"false\" value=\"\" type=\"text\" name=\"your-instrument\" \/><\/span>\n\t\t\t\t<\/p>\n\t\t\t<\/td>\n\t\t<\/tr>\n\t\t<tr>\n\t\t\t<td colspan=\"2\" class=\"signuplong\">\n\t\t\t\t<p>Avez-vous d\u00e9j\u00e0 particip\u00e9 \u00e0 l\u2019Acad\u00e9mie ITP ? (si oui, en quelle ann\u00e9e ?)<br \/>\n<span class=\"wpcf7-form-control-wrap\" data-name=\"your-prioritp\"><input size=\"93\" maxlength=\"400\" class=\"wpcf7-form-control wpcf7-text\" aria-invalid=\"false\" value=\"\" type=\"text\" name=\"your-prioritp\" \/><\/span>\n\t\t\t\t<\/p>\n\t\t\t<\/td>\n\t\t<\/tr>\n\t\t<tr>\n\t\t\t<td colspan=\"2\" class=\"signuplong\">\n\t\t\t\t<p>Avez-vous d\u00e9j\u00e0 particip\u00e9 \u00e0 une autre Acad\u00e9mie ? (si oui, laquelle ?)<br \/>\n<span class=\"wpcf7-form-control-wrap\" data-name=\"your-prioracademie\"><input size=\"93\" maxlength=\"400\" class=\"wpcf7-form-control wpcf7-text\" aria-invalid=\"false\" value=\"\" type=\"text\" name=\"your-prioracademie\" \/><\/span>\n\t\t\t\t<\/p>\n\t\t\t<\/td>\n\t\t<\/tr>\n\t\t<tr>\n\t\t\t<td colspan=\"2\" class=\"signuplong\">\n\t\t\t\t<p>Avez-vous un dipl\u00f4me de conservatoire ? (si oui, lequel ?)<br \/>\n<span class=\"wpcf7-form-control-wrap\" data-name=\"your-diplome\"><input size=\"93\" maxlength=\"400\" class=\"wpcf7-form-control wpcf7-text\" aria-invalid=\"false\" value=\"\" type=\"text\" name=\"your-diplome\" \/><\/span>\n\t\t\t\t<\/p>\n\t\t\t<\/td>\n\t\t<\/tr>\n\t<\/table>\n\t<table border=\"0\">\n\t\t<tr>\n\t\t\t<td>\n\t\t\t\t<p>Voix*\n\t\t\t\t<\/p>\n\t\t\t\t<p><span class=\"wpcf7-form-control-wrap\" data-name=\"your-voice\"><select class=\"wpcf7-form-control wpcf7-select wpcf7-validates-as-required\" aria-required=\"true\" aria-invalid=\"false\" name=\"your-voice\"><option value=\"\">&#8212;Please choose an option&#8212;<\/option><option value=\"Soprano 1\">Soprano 1<\/option><option value=\"Soprano 2\">Soprano 2<\/option><option value=\"Alto 1\">Alto 1<\/option><option value=\"Alto 2\">Alto 2<\/option><option value=\"T\u00e9nor 1\">T\u00e9nor 1<\/option><option value=\"T\u00e9nor 2\">T\u00e9nor 2<\/option><option value=\"Basse 1\">Basse 1<\/option><option value=\"Basse 2\">Basse 2<\/option><\/select><\/span>\n\t\t\t\t<\/p>\n\t\t\t<\/td>\n\t\t\t<td>\n\t\t\t\t<p>Niveau de d\u00e9chiffrage*<br \/>\n(1 : d\u00e9butant \u2013 5 : professionnel)<br \/>\n<span class=\"wpcf7-form-control-wrap\" data-name=\"your-dechiffrage\"><select class=\"wpcf7-form-control wpcf7-select wpcf7-validates-as-required\" aria-required=\"true\" aria-invalid=\"false\" name=\"your-dechiffrage\"><option value=\"\">&#8212;Please choose an option&#8212;<\/option><option value=\"1\">1<\/option><option value=\"2\">2<\/option><option value=\"3\">3<\/option><option value=\"4\">4<\/option><option value=\"5\">5<\/option><\/select><\/span>\n\t\t\t\t<\/p>\n\t\t\t<\/td>\n\t\t\t<td>\n\t\t\t\t<p>Niveau de chant*<br \/>\n(1 : d\u00e9butant \u2013 5 : professionnel)<br \/>\n<span class=\"wpcf7-form-control-wrap\" data-name=\"your-chant\"><select class=\"wpcf7-form-control wpcf7-select wpcf7-validates-as-required\" aria-required=\"true\" aria-invalid=\"false\" name=\"your-chant\"><option value=\"\">&#8212;Please choose an option&#8212;<\/option><option value=\"1\">1<\/option><option value=\"2\">2<\/option><option value=\"3\">3<\/option><option value=\"4\">4<\/option><option value=\"5\">5<\/option><\/select><\/span>\n\t\t\t\t<\/p>\n\t\t\t<\/td>\n\t\t<\/tr>\n\t\t<tr>\n\t\t\t<td colspan=\"3\"  class=\"signuplong\">\n\t\t\t\t<p>Quelques mots sur vous et vos motivations (comment vous nous avez connus... et tout ce que vous souhaitez ajouter sur vous ou sur votre parcours musical....)<br \/>\n<span class=\"wpcf7-form-control-wrap\" data-name=\"your-message\"><textarea cols=\"80\" rows=\"7\" maxlength=\"2000\" class=\"wpcf7-form-control wpcf7-textarea\" aria-invalid=\"false\" name=\"your-message\"><\/textarea><\/span>\n\t\t\t\t<\/p>\n\t\t\t<\/td>\n\t\t<\/tr>\n\t<\/table>\n\t<tr>\n\t\t<td colspan=\"3\">\n\t\t\t<p>Si ma candidature est retenue, je m\u2019engage \u00e0 respecter les dispositions \u00e9nonc\u00e9es dans les informations pratiques.<br \/>\n<input class=\"wpcf7-form-control wpcf7-submit has-spinner\" type=\"submit\" value=\"Send\" \/>\n\t\t\t<\/p>\n\t\t<\/td>\n\t<\/tr>\n<\/div><p style=\"display: none !important;\" class=\"akismet-fields-container\" data-prefix=\"_wpcf7_ak_\"><label>&#916;<textarea name=\"_wpcf7_ak_hp_textarea\" cols=\"45\" rows=\"8\" maxlength=\"100\"><\/textarea><\/label><input type=\"hidden\" id=\"ak_js_1\" name=\"_wpcf7_ak_js\" value=\"166\"\/><script type=\"text\/javascript\">\n\/* <![CDATA[ *\/\ndocument.getElementById( \"ak_js_1\" ).setAttribute( \"value\", ( new Date() ).getTime() );\n\/* ]]> *\/\n<\/script>\n<\/p><div class=\"wpcf7-response-output\" aria-hidden=\"true\"><\/div>\n<\/form>\n<\/div>\n\n","protected":false},"excerpt":{"rendered":"<p>CONDITIONS DE CANDIDATURE ET DE SELECTION DES CHANTEURS Le programme musical abord\u00e9 contient environ douze pi\u00e8ces allant du moyen-\u00e2ge \u00e0 nos jours et dans plusieurs langues (polonais, slovaque, anglais, fran\u00e7ais, allemand\u2026) Les candidats devront pr\u00e9parer en autonomie les partitions fournies &hellip; <a href=\"http:\/\/www.interrapax.org\/fr\/participez\/sign-up-form\/\">Continue reading <span class=\"meta-nav\">&rarr;<\/span><\/a><\/p>\n","protected":false},"author":13,"featured_media":0,"parent":360,"menu_order":0,"comment_status":"closed","ping_status":"closed","template":"","meta":{"footnotes":""},"class_list":["post-836","page","type-page","status-publish","hentry"],"_links":{"self":[{"href":"http:\/\/www.interrapax.org\/fr\/wp-json\/wp\/v2\/pages\/836","targetHints":{"allow":["GET"]}}],"collection":[{"href":"http:\/\/www.interrapax.org\/fr\/wp-json\/wp\/v2\/pages"}],"about":[{"href":"http:\/\/www.interrapax.org\/fr\/wp-json\/wp\/v2\/types\/page"}],"author":[{"embeddable":true,"href":"http:\/\/www.interrapax.org\/fr\/wp-json\/wp\/v2\/users\/13"}],"replies":[{"embeddable":true,"href":"http:\/\/www.interrapax.org\/fr\/wp-json\/wp\/v2\/comments?post=836"}],"version-history":[{"count":53,"href":"http:\/\/www.interrapax.org\/fr\/wp-json\/wp\/v2\/pages\/836\/revisions"}],"predecessor-version":[{"id":2423,"href":"http:\/\/www.interrapax.org\/fr\/wp-json\/wp\/v2\/pages\/836\/revisions\/2423"}],"up":[{"embeddable":true,"href":"http:\/\/www.interrapax.org\/fr\/wp-json\/wp\/v2\/pages\/360"}],"wp:attachment":[{"href":"http:\/\/www.interrapax.org\/fr\/wp-json\/wp\/v2\/media?parent=836"}],"curies":[{"name":"wp","href":"https:\/\/api.w.org\/{rel}","templated":true}]}}