{"id":790,"date":"2012-02-29T06:32:11","date_gmt":"2012-02-29T06:32:11","guid":{"rendered":"http:\/\/www.interrapax.org\/?page_id=790"},"modified":"2020-06-11T09:10:29","modified_gmt":"2020-06-11T09:10:29","slug":"conditions-financieres","status":"publish","type":"page","link":"http:\/\/www.interrapax.org\/fr\/participez\/conditions-financieres\/","title":{"rendered":"Conditions financi\u00e8res"},"content":{"rendered":"<p><b>CONDITIONS FINANCI\u00c8RES DE PARTICIPATION<\/b><\/p>\n<div align=\"center\">\n<table border=\"1\" cellspacing=\"0\" cellpadding=\"0\">\n<tbody>\n<tr>\n<td width=\"458\"><\/td>\n<td width=\"180\">\n<p align=\"center\"><b>Prix<\/b><\/p>\n<\/td>\n<\/tr>\n<tr>\n<td width=\"458\">\n<p align=\"center\">Stage de chant choral Miedzyzdroje(Pologne) <i>(1)<\/i><\/p>\n<\/td>\n<td width=\"180\">\n<p align=\"center\">120 \u20ac <i>(2)<\/i>\/170\u20ac<\/p>\n<\/td>\n<\/tr>\n<tr>\n<td width=\"458\"><\/td>\n<td width=\"180\"><\/td>\n<\/tr>\n<tr>\n<td width=\"458\">\n<p align=\"center\">Frais de dossier <i>(3)<\/i><\/p>\n<\/td>\n<td width=\"180\">\n<p align=\"center\">20 \u20ac<\/p>\n<\/td>\n<\/tr>\n<tr>\n<td width=\"458\">\n<p align=\"center\">Adh\u00e9sion \u00e0 l\u2019association \u00ab Les amis d\u2019In Terra Pax \u00bb<\/p>\n<\/td>\n<td width=\"180\">\n<p align=\"center\">20 \u20ac<\/p>\n<\/td>\n<\/tr>\n<tr>\n<td width=\"458\">\n<p align=\"center\"><b>Total pour les deux sessions <\/b><\/p>\n<\/td>\n<td width=\"180\">\n<p align=\"center\"><b>160 \u20ac<\/b><i>(2)<\/i><b>\/210 \u20ac<\/b><\/p>\n<\/td>\n<\/tr>\n<\/tbody>\n<\/table>\n<\/div>\n<p><i>(1) <\/i><i>Prix ne comprenant <b><span style=\"text-decoration: underline;\">pas le transport<\/span><\/b>, mais <b><span style=\"text-decoration: underline;\">l\u2019h\u00e9bergement en pension compl\u00e8te<\/span><\/b> et les frais du stage.<\/i><\/p>\n<p><i>(2) <\/i><i>Tarif \u00e9tudiant : Justificatif \u00e0 fournir (carte d\u2019\u00e9tudiant ou certificat de scolarit\u00e9 de l\u2019ann\u00e9e en cours)<\/i><\/p>\n<p><i> (3) Partitions, t-shirts, sacs, organisation du voyage et frais de fonctionnement<\/i><\/p>\n<p><b><span style=\"text-decoration: underline;\">Pologne : D\u00e9part pour Miedzyzdroje le vendredi 18 \/ Retour le dimanche soir 27 septembre depuis Szczecin<\/span><\/b><\/p>\n<p>Les r\u00e9p\u00e9titions commenceront d\u00e8s le samedi apr\u00e8s -midi. L\u2019h\u00e9bergement est pris en charge du premier soir en Pologne le 19\/09 au dimanche matin 27\/09 inclus.<\/p>\n<p>Le d\u00e9placement entre la Pologne et l&rsquo;Allemagne est g\u00e9r\u00e9 par l&rsquo;association.<\/p>\n<p>Si votre candidature est retenue, <b>un acompte de 80 \u20ac (60 \u20ac pour les \u00e9tudiants) par session ainsi que votre adh\u00e9sion \u00e0 l\u2019association et le r\u00e8glement des frais de dossier<\/b> par ch\u00e8que (ou virement)non remboursable \u00e0 l\u2019ordre de Assocation In Terra Pax Singers vous seront demand\u00e9s <b>pour valider d\u00e9finitivement votre inscription.<\/b><\/p>\n<p><b>Le transport<\/b><\/p>\n<p><b> <\/b>Il est \u00e0 votre charge et toutes les solutions sont possibles :<\/p>\n<p>&#8211; Avion<\/p>\n<p>&#8211; Train<\/p>\n<p>&#8211; Bus (grandes lignes Europ\u00e9ennes)<\/p>\n<p>&#8211; Voiture<\/p>\n<p>Pour la Pologne, nous indiquons un d\u00e9part la veille pour vous permettre de vous organiser car en fonction du transport choisi (voiture\/Train\/Bus) un d\u00e9part au 15 peut s\u2019imposer<\/p>\n<p><b> <\/b><strong>Les liens utiles :<\/strong><\/p>\n<p><a href=\"http:\/\/www.rentacar.fr\/\" target=\"_blank\" rel=\"noopener noreferrer\">http:\/\/www.rentacar.fr\/<\/a> (si vous souhaitez louer une voiture)<\/p>\n<p><a href=\"http:\/\/www.easyjet.com\/fr\" target=\"_blank\" rel=\"noopener noreferrer\">http:\/\/www.easyjet.com\/fr<\/a><\/p>\n<p><a href=\"http:\/\/www.edreams.fr\/vol\/\" target=\"_blank\" rel=\"noopener noreferrer\">http:\/\/www.edreams.fr\/vol\/<\/a><\/p>\n<p>https:\/\/www.bahn.com\/fr\/view\/index.shtml<\/p>\n","protected":false},"excerpt":{"rendered":"<p>CONDITIONS FINANCI\u00c8RES DE PARTICIPATION Prix Stage de chant choral Miedzyzdroje(Pologne) (1) 120 \u20ac (2)\/170\u20ac Frais de dossier (3) 20 \u20ac Adh\u00e9sion \u00e0 l\u2019association \u00ab Les amis d\u2019In Terra Pax \u00bb 20 \u20ac Total pour les deux sessions 160 \u20ac(2)\/210 \u20ac &hellip; <a href=\"http:\/\/www.interrapax.org\/fr\/participez\/conditions-financieres\/\">Continue reading <span class=\"meta-nav\">&rarr;<\/span><\/a><\/p>\n","protected":false},"author":12,"featured_media":0,"parent":360,"menu_order":0,"comment_status":"closed","ping_status":"closed","template":"","meta":{"footnotes":""},"class_list":["post-790","page","type-page","status-publish","hentry"],"_links":{"self":[{"href":"http:\/\/www.interrapax.org\/fr\/wp-json\/wp\/v2\/pages\/790","targetHints":{"allow":["GET"]}}],"collection":[{"href":"http:\/\/www.interrapax.org\/fr\/wp-json\/wp\/v2\/pages"}],"about":[{"href":"http:\/\/www.interrapax.org\/fr\/wp-json\/wp\/v2\/types\/page"}],"author":[{"embeddable":true,"href":"http:\/\/www.interrapax.org\/fr\/wp-json\/wp\/v2\/users\/12"}],"replies":[{"embeddable":true,"href":"http:\/\/www.interrapax.org\/fr\/wp-json\/wp\/v2\/comments?post=790"}],"version-history":[{"count":24,"href":"http:\/\/www.interrapax.org\/fr\/wp-json\/wp\/v2\/pages\/790\/revisions"}],"predecessor-version":[{"id":2422,"href":"http:\/\/www.interrapax.org\/fr\/wp-json\/wp\/v2\/pages\/790\/revisions\/2422"}],"up":[{"embeddable":true,"href":"http:\/\/www.interrapax.org\/fr\/wp-json\/wp\/v2\/pages\/360"}],"wp:attachment":[{"href":"http:\/\/www.interrapax.org\/fr\/wp-json\/wp\/v2\/media?parent=790"}],"curies":[{"name":"wp","href":"https:\/\/api.w.org\/{rel}","templated":true}]}}