{"id":627,"date":"2012-02-04T02:59:17","date_gmt":"2012-02-04T02:59:17","guid":{"rendered":"http:\/\/www.interrapax.org\/?page_id=627"},"modified":"2020-06-11T09:15:53","modified_gmt":"2020-06-11T09:15:53","slug":"semaine-de-repetition","status":"publish","type":"page","link":"http:\/\/www.interrapax.org\/fr\/about-french\/semaine-de-repetition\/","title":{"rendered":"Semaine de repetition"},"content":{"rendered":"<p><strong>LE DEROULEMENT<\/strong><\/p>\n<p>La semaine de r\u00e9p\u00e9tition en Pologne se d\u00e9roulera du 19 au 27 septembre 2020 (D\u00e9part de France le 18\/09 et retour de Szczecin le 27\/09 au soir). Elle donnera lieu \u00e0 la production de deux grands concerts dans le cadre du festival-concours international de chant choral de Mi\u0119dzyzdroje. Il r\u00e9compense les chorales par cat\u00e9gorie (chants du monde, chants sacr\u00e9s\u2026). L\u2019Acad\u00e9mie <strong>In Terra Pax<\/strong> s\u2019y illustrera en tant que ch\u0153ur international pour le concert final de remise de prix et pour un concert hors comp\u00e9tition. Ainsi, tous les soirs, les membres de l\u2019Acad\u00e9mie auront un acc\u00e8s libre \u00e0 l\u2019ensemble des concerts du festival et ce dans une ambiance festive et studieuse.<\/p>\n<p>Le programme musical abord\u00e9 par le ch\u0153ur de l\u2019Acad\u00e9mie <strong>In Terra Pax<\/strong> pendant cette session sera constitu\u00e9 d\u2019\u0153uvres chorales vari\u00e9es allant du moyen \u00e2ge \u00e0 la musique contemporaine. Une quinzaine d\u2019\u0153uvres sera abord\u00e9e durant quatre jours intenses de r\u00e9p\u00e9titions afin de pr\u00e9senter ces deux concerts a capella.<\/p>\n<p><strong>LES REPETITIONS<\/strong><\/p>\n<p>Elles commencent tr\u00e8s vite ! Le samedi 19\/09\/20 \u00e0 16h30 ! Le programme doit \u00eatre assimil\u00e9 rapidement par tous. Les deux chefs pr\u00e9sents, Szymon Wyrzykowski et Christiane Buttig m\u00e8nent les r\u00e9p\u00e9titions en tutti ou en divisi.<\/p>\n<p>L\u2019assiduit\u00e9 \u00e0 toutes les r\u00e9p\u00e9titions est donc indispensable !!!! Mais c\u2019est avec enthousiasme que les chanteurs viennent partager ces moments magiques !<\/p>\n<p><b>H\u00c9BERGEMENT<\/b><\/p>\n<p>Les choristes, le temps d\u2019une semaine, sont h\u00e9berg\u00e9s dans un h\u00f4tel de Mi\u0119dzyzdroje en g\u00e9n\u00e9ral \u00e0 proximit\u00e9 de la mer ! Les r\u00e9p\u00e9titions et les repas se d\u00e9roulent \u00e0 l\u2019h\u00f4tel.<\/p>\n<p><strong> LA VIE DU CH\u0152UR<\/strong><\/p>\n<p>Ponctu\u00e9e par les r\u00e9p\u00e9titions, le festival de <strong>Mi\u0119dzyzdroje<\/strong>, les concerts et les quelques moments de d\u00e9tente au bord de la mer, la vie du ch\u0153ur est le point d\u2019ancrage de cette semaine de travail. Les liens qui se tissent renforcent ces voix qui s\u2019unissent et donnent naissance \u00e0 des accords musicaux toujours plus beaux !<\/p>\n<p>Du c\u00f4t\u00e9 allemand et polonais, les choristes sont tr\u00e8s nombreux \u00e0 postuler chaque ann\u00e9e, et c\u2019est pour cette raison que pour ces pays-l\u00e0 seulement quatre chanteurs par ch\u0153ur repr\u00e9sent\u00e9 sont s\u00e9lectionn\u00e9s. Afin de mieux faire connaissance, en milieu de semaine une \u00ab pr\u00e9sentation \u00bb est organis\u00e9e. Il s\u2019agit pour chaque petit groupe d\u2019effectuer &#8211; sous forme de chant de danse ou de sketch &#8211; une prestation destin\u00e9e \u00e0 se pr\u00e9senter dans la joie et la bonne humeur ! Que de plaisir\u2026et de rires !<\/p>\n","protected":false},"excerpt":{"rendered":"<p>LE DEROULEMENT La semaine de r\u00e9p\u00e9tition en Pologne se d\u00e9roulera du 19 au 27 septembre 2020 (D\u00e9part de France le 18\/09 et retour de Szczecin le 27\/09 au soir). Elle donnera lieu \u00e0 la production de deux grands concerts dans &hellip; <a href=\"http:\/\/www.interrapax.org\/fr\/about-french\/semaine-de-repetition\/\">Continue reading <span class=\"meta-nav\">&rarr;<\/span><\/a><\/p>\n","protected":false},"author":13,"featured_media":0,"parent":151,"menu_order":0,"comment_status":"closed","ping_status":"open","template":"","meta":{"footnotes":""},"class_list":["post-627","page","type-page","status-publish","hentry"],"_links":{"self":[{"href":"http:\/\/www.interrapax.org\/fr\/wp-json\/wp\/v2\/pages\/627","targetHints":{"allow":["GET"]}}],"collection":[{"href":"http:\/\/www.interrapax.org\/fr\/wp-json\/wp\/v2\/pages"}],"about":[{"href":"http:\/\/www.interrapax.org\/fr\/wp-json\/wp\/v2\/types\/page"}],"author":[{"embeddable":true,"href":"http:\/\/www.interrapax.org\/fr\/wp-json\/wp\/v2\/users\/13"}],"replies":[{"embeddable":true,"href":"http:\/\/www.interrapax.org\/fr\/wp-json\/wp\/v2\/comments?post=627"}],"version-history":[{"count":11,"href":"http:\/\/www.interrapax.org\/fr\/wp-json\/wp\/v2\/pages\/627\/revisions"}],"predecessor-version":[{"id":2425,"href":"http:\/\/www.interrapax.org\/fr\/wp-json\/wp\/v2\/pages\/627\/revisions\/2425"}],"up":[{"embeddable":true,"href":"http:\/\/www.interrapax.org\/fr\/wp-json\/wp\/v2\/pages\/151"}],"wp:attachment":[{"href":"http:\/\/www.interrapax.org\/fr\/wp-json\/wp\/v2\/media?parent=627"}],"curies":[{"name":"wp","href":"https:\/\/api.w.org\/{rel}","templated":true}]}}