{"id":589,"date":"2012-02-04T01:34:18","date_gmt":"2012-02-04T01:34:18","guid":{"rendered":"http:\/\/www.interrapax.org\/?page_id=589"},"modified":"2012-02-29T21:34:01","modified_gmt":"2012-02-29T21:34:01","slug":"don-james","status":"publish","type":"page","link":"http:\/\/www.interrapax.org\/fr\/retrospective\/chefs-de-choeur\/don-james\/","title":{"rendered":"Don James"},"content":{"rendered":"<p>On compte Don James parmi les chefs de ch\u0153ur les plus importants au Canada. Il travaille comme professeur de direction de ch\u0153ur et d\u2019orchestre \u00e0 l\u2019universit\u00e9 de Toronto (Canada) ainsi que dans deux universit\u00e9s \u00e0 Seattle (\u00c9tats-Unis) : Celle de l\u2019\u00c9tat de Washington ainsi qu\u2019\u00e0 la \u00ab Pacific-University\u00a0\u00bb. En tant que ma\u00eetre de conf\u00e9rences, il donne \u00e9galement des masters classes de piano, et des cours de th\u00e9orie de la musique et de musicologie. Il est membre de la pr\u00e9sidence de l\u2019association de chorales British Columbia (Canada).<br \/>\nPendant de nombreuses ann\u00e9es, Don James a \u00e9t\u00e9 pr\u00e9sident de l\u2019Association des Chefs de ch\u0153ur canadiens et membre de la pr\u00e9sidence de l\u2019Association Internationale de Musique chorale. Il est d\u00e9tenteur de l\u2019ordre du m\u00e9rite du Canada, et pour honorer son engagement pour la musique chorale, on lui a attribu\u00e9 le \u00ab\u00a0Willen Award\u00a0\u00bb.<\/p>\n<p>En 1997, Don James a \u00e9t\u00e9 chef de ch\u0153ur \u00e0 l\u2019Acad\u00e9mie In Terra Pax.<\/p>\n<p>&nbsp;<\/p>\n<p>&nbsp;<\/p>\n<p>&nbsp;<\/p>\n","protected":false},"excerpt":{"rendered":"<p>On compte Don James parmi les chefs de ch\u0153ur les plus importants au Canada. Il travaille comme professeur de direction de ch\u0153ur et d\u2019orchestre \u00e0 l\u2019universit\u00e9 de Toronto (Canada) ainsi que dans deux universit\u00e9s \u00e0 Seattle (\u00c9tats-Unis) : Celle de &hellip; <a href=\"http:\/\/www.interrapax.org\/fr\/retrospective\/chefs-de-choeur\/don-james\/\">Continue reading <span class=\"meta-nav\">&rarr;<\/span><\/a><\/p>\n","protected":false},"author":2,"featured_media":0,"parent":568,"menu_order":0,"comment_status":"closed","ping_status":"open","template":"","meta":{"footnotes":""},"class_list":["post-589","page","type-page","status-publish","hentry"],"_links":{"self":[{"href":"http:\/\/www.interrapax.org\/fr\/wp-json\/wp\/v2\/pages\/589","targetHints":{"allow":["GET"]}}],"collection":[{"href":"http:\/\/www.interrapax.org\/fr\/wp-json\/wp\/v2\/pages"}],"about":[{"href":"http:\/\/www.interrapax.org\/fr\/wp-json\/wp\/v2\/types\/page"}],"author":[{"embeddable":true,"href":"http:\/\/www.interrapax.org\/fr\/wp-json\/wp\/v2\/users\/2"}],"replies":[{"embeddable":true,"href":"http:\/\/www.interrapax.org\/fr\/wp-json\/wp\/v2\/comments?post=589"}],"version-history":[{"count":2,"href":"http:\/\/www.interrapax.org\/fr\/wp-json\/wp\/v2\/pages\/589\/revisions"}],"predecessor-version":[{"id":853,"href":"http:\/\/www.interrapax.org\/fr\/wp-json\/wp\/v2\/pages\/589\/revisions\/853"}],"up":[{"embeddable":true,"href":"http:\/\/www.interrapax.org\/fr\/wp-json\/wp\/v2\/pages\/568"}],"wp:attachment":[{"href":"http:\/\/www.interrapax.org\/fr\/wp-json\/wp\/v2\/media?parent=589"}],"curies":[{"name":"wp","href":"https:\/\/api.w.org\/{rel}","templated":true}]}}