{"id":587,"date":"2012-02-04T01:33:57","date_gmt":"2012-02-04T01:33:57","guid":{"rendered":"http:\/\/www.interrapax.org\/?page_id=587"},"modified":"2012-02-04T01:33:57","modified_gmt":"2012-02-04T01:33:57","slug":"jurgen-fasbender","status":"publish","type":"page","link":"http:\/\/www.interrapax.org\/fr\/retrospective\/chefs-de-choeur\/jurgen-fasbender\/","title":{"rendered":"J\u00fcrgen Fa\u00dfbender"},"content":{"rendered":"<p>J\u00fcrgen Fa\u00dfbender a fait des \u00e9tudes de musique et d\u2019allemand. Il a fait des exp\u00e9riences importantes pour son travail de chef de ch\u0153ur en collaborant avec des ensembles professionnels (Ensemble Vocal de Francfort, Ch\u0153ur de Chambre de Stuttgart, Studio Vocale de Karlsruhe) ; de plus, Fa\u00dfbender a suivi des s\u00e9minaires de formation continue chez Eric Ericson, Werner Pfaff, Frieder Bernius et Wolfgang Sch\u00e4fer, ce qui a sans doute contribu\u00e9 \u00e0 parfaire sa formation.<br \/>\nAujourd\u2019hui J\u00fcrgen Fa\u00dfbender est le chef de plusieurs chorales renomm\u00e9es.<\/p>\n<p>Outre de nombreux premiers prix re\u00e7us lors de concours internationaux (entre autres en Italie, en R\u00e9publique tch\u00e8que, en Argentine et aux Pays-Bas) et lors du Concours International de la Radio \u00ab\u00a0Let the People sing\u00a0\u00bb en 1995 avec son ensemble \u00ab\u00a0Cantabile Limburg\u00a0\u00bb, Fa\u00dfbender a plusieurs fois re\u00e7u par un prix exceptionnel pour ses m\u00e9rites artistiques exceptionnels. A la direction des ensembles \u00ab\u00a0Carpe diem\u00a0\u00bb et \u00ab\u00a0Cantabile\u00a0\u00bb, il a obtenu le premier prix au Concours de chorale allemand \u00e0 Fulda en 1994, non seulement dans la discipline \u00ab\u00a0ch\u0153urs d\u2019hommes\u00a0\u00bb mais aussi dans la discipline \u00ab\u00a0ch\u0153urs de femmes\u00a0\u00bb : un succ\u00e8s unique dans l\u2019histoire de ce concours. De plus, Fa\u00dfbender et ses deux ensembles se sont vu accorder une distinction pour leur interpr\u00e9tation m\u00e9morable d\u2019une \u0153uvre contemporaine.<\/p>\n<p>Depuis 1995, Fa\u00dfbender est b\u00e9n\u00e9ficiaire du Conseil de musique allemand, et lors du premier Symposium de chorale europ\u00e9en \u00e0 Ljubljana (Slov\u00e9nie), il a \u00e9t\u00e9 invit\u00e9 \u00e0 participer \u00e0 une masterclass chez Eric Ericson. On peut ajouter d\u2019innombrables invitations au jury de concours nationaux et internationaux, comme chef de ch\u0153ur (Ch\u0153ur de Jeunes de Rh\u00e9nanie-Palatinat) ou professeur invit\u00e9 (Conservatoire de Rh\u00e9nanie-Palatinat, Union chorale de Bavi\u00e8re, \u00ab\u00a0Musica Mundi\u00a0\u00bb, etc.). Il a \u00e9galement produit beaucoup de disques et d\u2019enregistrements pour la radio et la t\u00e9l\u00e9vision.<br \/>\nJ\u00fcrgen Fa\u00dfbender est membre de la Commission F\u00e9d\u00e9rale de la Musique de l\u2019Union de Chorales de la Hesse, du Comit\u00e9 consultatif de la Musique du Centre Allemand de la Musique chorale, et enfin de la Commission litt\u00e9raire du Concours de Chorale Allemand.<\/p>\n<p>En 1997 Fa\u00dfbender a \u00e9t\u00e9 chef de ch\u0153ur \u00e0 l\u2019acad\u00e9mie germano-polonaise de chant choral \u00ab\u00a0in terra pax\u00a0\u00bb.<\/p>\n","protected":false},"excerpt":{"rendered":"<p>J\u00fcrgen Fa\u00dfbender a fait des \u00e9tudes de musique et d\u2019allemand. Il a fait des exp\u00e9riences importantes pour son travail de chef de ch\u0153ur en collaborant avec des ensembles professionnels (Ensemble Vocal de Francfort, Ch\u0153ur de Chambre de Stuttgart, Studio Vocale &hellip; <a href=\"http:\/\/www.interrapax.org\/fr\/retrospective\/chefs-de-choeur\/jurgen-fasbender\/\">Continue reading <span class=\"meta-nav\">&rarr;<\/span><\/a><\/p>\n","protected":false},"author":2,"featured_media":0,"parent":568,"menu_order":0,"comment_status":"closed","ping_status":"open","template":"","meta":{"footnotes":""},"class_list":["post-587","page","type-page","status-publish","hentry"],"_links":{"self":[{"href":"http:\/\/www.interrapax.org\/fr\/wp-json\/wp\/v2\/pages\/587","targetHints":{"allow":["GET"]}}],"collection":[{"href":"http:\/\/www.interrapax.org\/fr\/wp-json\/wp\/v2\/pages"}],"about":[{"href":"http:\/\/www.interrapax.org\/fr\/wp-json\/wp\/v2\/types\/page"}],"author":[{"embeddable":true,"href":"http:\/\/www.interrapax.org\/fr\/wp-json\/wp\/v2\/users\/2"}],"replies":[{"embeddable":true,"href":"http:\/\/www.interrapax.org\/fr\/wp-json\/wp\/v2\/comments?post=587"}],"version-history":[{"count":1,"href":"http:\/\/www.interrapax.org\/fr\/wp-json\/wp\/v2\/pages\/587\/revisions"}],"predecessor-version":[{"id":588,"href":"http:\/\/www.interrapax.org\/fr\/wp-json\/wp\/v2\/pages\/587\/revisions\/588"}],"up":[{"embeddable":true,"href":"http:\/\/www.interrapax.org\/fr\/wp-json\/wp\/v2\/pages\/568"}],"wp:attachment":[{"href":"http:\/\/www.interrapax.org\/fr\/wp-json\/wp\/v2\/media?parent=587"}],"curies":[{"name":"wp","href":"https:\/\/api.w.org\/{rel}","templated":true}]}}