{"id":585,"date":"2012-02-04T01:33:34","date_gmt":"2012-02-04T01:33:34","guid":{"rendered":"http:\/\/www.interrapax.org\/?page_id=585"},"modified":"2012-02-29T21:32:22","modified_gmt":"2012-02-29T21:32:22","slug":"jose-ramon-perez-cebrian","status":"publish","type":"page","link":"http:\/\/www.interrapax.org\/fr\/retrospective\/chefs-de-choeur\/jose-ramon-perez-cebrian\/","title":{"rendered":"Jos\u00e9 Ramon Perez Cebrian"},"content":{"rendered":"<p>N\u00e9 en 1948 \u00e0 Losa des Obispo \u00e0 c\u00f4t\u00e9 de Valence \/ Espagne, il a effectu\u00e9 ses \u00e9tudes de musique \u00e0 l\u2019acad\u00e9mie de musique et \u00e0 l\u2019Universit\u00e9 de Valence. Il a \u00e9t\u00e9 nomm\u00e9 professeur dans ces deux facult\u00e9s.<\/p>\n<p>M. Perez dirige le festival Millenium Pace ainsi que la biennale de ch\u0153ur de Valence. Par ailleurs, il travaille souvent avec des ch\u0153urs et orchestres du monde entier, mais sp\u00e9cialement avec ceux de Pologne.<\/p>\n<p>Pour son engagement, il a re\u00e7u la m\u00e9daille de la culture du gouvernement de Pologne. La ville de Szczecin lui a remis la m\u00e9daille d\u2019or de l\u2019association des amis de la ville de Szczecin. En outre il a obtenu des dipl\u00f4mes \u00e0 l\u2019universit\u00e9 technique de Szczecin. En 1998 Jos\u00e9 Ramon Perez Cebrian a \u00e9t\u00e9 chef de ch\u0153ur \u00e0 l\u2019Acad\u00e9mie \u00ab\u00a0In Terra Pax\u00a0\u00bb.<\/p>\n<p><strong> <\/strong><\/p>\n","protected":false},"excerpt":{"rendered":"<p>N\u00e9 en 1948 \u00e0 Losa des Obispo \u00e0 c\u00f4t\u00e9 de Valence \/ Espagne, il a effectu\u00e9 ses \u00e9tudes de musique \u00e0 l\u2019acad\u00e9mie de musique et \u00e0 l\u2019Universit\u00e9 de Valence. Il a \u00e9t\u00e9 nomm\u00e9 professeur dans ces deux facult\u00e9s. M. Perez &hellip; <a href=\"http:\/\/www.interrapax.org\/fr\/retrospective\/chefs-de-choeur\/jose-ramon-perez-cebrian\/\">Continue reading <span class=\"meta-nav\">&rarr;<\/span><\/a><\/p>\n","protected":false},"author":2,"featured_media":0,"parent":568,"menu_order":0,"comment_status":"closed","ping_status":"open","template":"","meta":{"footnotes":""},"class_list":["post-585","page","type-page","status-publish","hentry"],"_links":{"self":[{"href":"http:\/\/www.interrapax.org\/fr\/wp-json\/wp\/v2\/pages\/585","targetHints":{"allow":["GET"]}}],"collection":[{"href":"http:\/\/www.interrapax.org\/fr\/wp-json\/wp\/v2\/pages"}],"about":[{"href":"http:\/\/www.interrapax.org\/fr\/wp-json\/wp\/v2\/types\/page"}],"author":[{"embeddable":true,"href":"http:\/\/www.interrapax.org\/fr\/wp-json\/wp\/v2\/users\/2"}],"replies":[{"embeddable":true,"href":"http:\/\/www.interrapax.org\/fr\/wp-json\/wp\/v2\/comments?post=585"}],"version-history":[{"count":2,"href":"http:\/\/www.interrapax.org\/fr\/wp-json\/wp\/v2\/pages\/585\/revisions"}],"predecessor-version":[{"id":852,"href":"http:\/\/www.interrapax.org\/fr\/wp-json\/wp\/v2\/pages\/585\/revisions\/852"}],"up":[{"embeddable":true,"href":"http:\/\/www.interrapax.org\/fr\/wp-json\/wp\/v2\/pages\/568"}],"wp:attachment":[{"href":"http:\/\/www.interrapax.org\/fr\/wp-json\/wp\/v2\/media?parent=585"}],"curies":[{"name":"wp","href":"https:\/\/api.w.org\/{rel}","templated":true}]}}