{"id":583,"date":"2012-02-04T01:32:59","date_gmt":"2012-02-04T01:32:59","guid":{"rendered":"http:\/\/www.interrapax.org\/?page_id=583"},"modified":"2012-02-04T01:32:59","modified_gmt":"2012-02-04T01:32:59","slug":"martin-winkler","status":"publish","type":"page","link":"http:\/\/www.interrapax.org\/fr\/retrospective\/chefs-de-choeur\/martin-winkler\/","title":{"rendered":"Martin Winkler"},"content":{"rendered":"<p>Martin Winkler a fait des \u00e9tudes de musicologie (chez Winfried Kirsch), de didactique du chant (chez Johannes M. K\u00f6sters) et de direction de ch\u0153ur (chez Helmut Rilling, Hans Michael Beuerle et Uwe Gronostay), puis il a effectu\u00e9 plusieurs cours de perfectionnement aupr\u00e8s de Gardiner, Ericson et Celibidache.<\/p>\n<p>Il a \u00e9t\u00e9 ma\u00eetre de conf\u00e9rences en direction de ch\u0153ur au Conservatoire Heidelberg-Mannheim, o\u00f9 il dirigeait la chorale universitaire. Directeur de l\u2019\u00e9cole de musique de Dreieich qui est c\u00e9l\u00e8bre dans le domaine de l\u2019enseignement du chant et de la direction, Winkler est \u00e0 la t\u00eate du Collegium de chefs de ch\u0153ur \/ d\u2019orchestre, en coop\u00e9ration avec l\u2019Association des Conservatoires Allemands (VdM).<\/p>\n<p>Ses concerts et leurs enregistrements, ses productions pour la radio et la t\u00e9l\u00e9vision t\u00e9moignent d\u2019une harmonie profonde dans la collaboration entre Winkler et ses ensembles. Laur\u00e9at du Concours d\u2019orchestre allemand ainsi que du Concours de chorale allemand, Winkler a plusieurs fois \u00e9t\u00e9 honor\u00e9 sur le plan national et international. De plus, on lui a attribu\u00e9 des prix exceptionnels pour son interpr\u00e9tation d\u2019\u0153uvres contemporaines. Gr\u00e2ce \u00e0 ces succ\u00e8s, il est tr\u00e8s souvent invit\u00e9 en tant que chef de ch\u0153ur, jury aux concours et ma\u00eetre de conf\u00e9rences lors d\u2019ateliers de direction et de chant choral.<\/p>\n<p>Sur le plan national et international, Martin Winkler est connu pour ses comp\u00e9tences en tant que jury aux concours et chef de ch\u0153ur qui donne \u00e9galement des cours de chant et de direction.<\/p>\n<p>En 2000 Martin Winkler a \u00e9t\u00e9 chef de ch\u0153ur \u00e0 l&rsquo;acad\u00e9mie germano-polonaise de chant choral \u00ab\u00a0in terra pax\u00a0\u00bb.<\/p>\n","protected":false},"excerpt":{"rendered":"<p>Martin Winkler a fait des \u00e9tudes de musicologie (chez Winfried Kirsch), de didactique du chant (chez Johannes M. K\u00f6sters) et de direction de ch\u0153ur (chez Helmut Rilling, Hans Michael Beuerle et Uwe Gronostay), puis il a effectu\u00e9 plusieurs cours de &hellip; <a href=\"http:\/\/www.interrapax.org\/fr\/retrospective\/chefs-de-choeur\/martin-winkler\/\">Continue reading <span class=\"meta-nav\">&rarr;<\/span><\/a><\/p>\n","protected":false},"author":2,"featured_media":0,"parent":568,"menu_order":0,"comment_status":"closed","ping_status":"open","template":"","meta":{"footnotes":""},"class_list":["post-583","page","type-page","status-publish","hentry"],"_links":{"self":[{"href":"http:\/\/www.interrapax.org\/fr\/wp-json\/wp\/v2\/pages\/583","targetHints":{"allow":["GET"]}}],"collection":[{"href":"http:\/\/www.interrapax.org\/fr\/wp-json\/wp\/v2\/pages"}],"about":[{"href":"http:\/\/www.interrapax.org\/fr\/wp-json\/wp\/v2\/types\/page"}],"author":[{"embeddable":true,"href":"http:\/\/www.interrapax.org\/fr\/wp-json\/wp\/v2\/users\/2"}],"replies":[{"embeddable":true,"href":"http:\/\/www.interrapax.org\/fr\/wp-json\/wp\/v2\/comments?post=583"}],"version-history":[{"count":1,"href":"http:\/\/www.interrapax.org\/fr\/wp-json\/wp\/v2\/pages\/583\/revisions"}],"predecessor-version":[{"id":584,"href":"http:\/\/www.interrapax.org\/fr\/wp-json\/wp\/v2\/pages\/583\/revisions\/584"}],"up":[{"embeddable":true,"href":"http:\/\/www.interrapax.org\/fr\/wp-json\/wp\/v2\/pages\/568"}],"wp:attachment":[{"href":"http:\/\/www.interrapax.org\/fr\/wp-json\/wp\/v2\/media?parent=583"}],"curies":[{"name":"wp","href":"https:\/\/api.w.org\/{rel}","templated":true}]}}