{"id":579,"date":"2012-02-04T01:32:12","date_gmt":"2012-02-04T01:32:12","guid":{"rendered":"http:\/\/www.interrapax.org\/?page_id=579"},"modified":"2012-02-04T01:32:12","modified_gmt":"2012-02-04T01:32:12","slug":"harold-lenselink","status":"publish","type":"page","link":"http:\/\/www.interrapax.org\/fr\/retrospective\/chefs-de-choeur\/harold-lenselink\/","title":{"rendered":"Harold Lenselink"},"content":{"rendered":"<p>Harold Lenselink a effectu\u00e9 ses \u00e9tudes de piano et de direction d\u2019orchestre au Conservatoire d\u2019Utrecht. Ma\u00eetre de conf\u00e9rences en direction de ch\u0153ur, il travaille au Conservatoire Alkmaar, et il s\u2019engage dans l\u2019Union de Chorale hollandaise SNK\/UNISONO. De plus Lenselik est souvent jury aux concours lors de festivals de chant; il travaille aussi comme conseiller musical de diff\u00e9rentes organisations hollandaises.<\/p>\n<p>Pendant de nombreuses ann\u00e9es, Lenselink a \u00e9t\u00e9 le chef de la chorale et de l\u2019orchestre de l\u2019universit\u00e9 \u00e0 Utrecht (USKO) ainsi que le directeur de l\u2019ensemble de jazz vocal \u00ab\u00a0Umbellifera\u00a0\u00bb, qu\u2019il avait cr\u00e9\u00e9 lui-m\u00eame.<\/p>\n<p>Harold Lenselink a travaill\u00e9 pour plusieurs institutions musicales en tant que professeur invit\u00e9, entres autres \u00e0 l\u2019acad\u00e9mie de musique bavaroise \u00e0 Marktoberdorf et \u00e0 Hammelburg, au Conservatoire de Karlsruhe, \u00e0 l\u2019association de chorale fran\u00e7aise \u00ab\u00a0A Coeur Joie\u00a0\u00bb et \u00e0 la SNK hollandaise.<\/p>\n<p>Il a voyag\u00e9 partout en Europe et en Isra\u00ebl en tant que chef de ch\u0153ur invit\u00e9 ou avec ses propres ensembles.<\/p>\n<p>Il a souvent \u00e9t\u00e9 \u00e0 la t\u00eate d\u2019ateliers dans le cadre de festivals tels que \u00ab\u00a0Europa Cantat\u00a0\u00bb, \u00ab\u00a0Euro Chor\u00a0\u00bb, \u00ab\u00a0Choralies\u00a0\u00bb \u00e0 Vaison-la-Romaine (France), \u00ab\u00a0Zimriya\u00a0\u00bb \u00e0 J\u00e9rusalem (Isra\u00ebl), \u00ab\u00a0Euro Treff Baden W\u00fcrttemberg\u00a0\u00bb (Allemagne), \u00ab\u00a0Vokalwoche Wolfsberg\u00a0\u00bb (Autriche), \u00ab\u00a0Kor72\u00a0\u00bb (Danemark), \u00ab\u00a0European Symposium on Choral Music\u00a0\u00bb enfin \u00ab\u00a0Internationaal Koorfestival\u00a0\u00bb \u00e0 Arnheim (Pays-Bas). Harold Lenselink a souvent dirig\u00e9 les premi\u00e8res d\u2019\u0153uvres de compositeurs n\u00e9erlandais.<\/p>\n<p>Lenselink a obtenu plusieurs prix pour ses arrangements de jazz vocal ; de plus on lui a offert les honneurs pour son interpr\u00e9tation de la Passion selon Saint-Matthieu de J.-S. Bach lors du \u00ab\u00a0Festival Internacional orquestras de Joventes\u00a0\u00bb \u00e0 Murcia en Espagne.<\/p>\n<p>En 1993 et en 1996, Harold Lenselink a \u00e9t\u00e9 chef de ch\u0153ur \u00e0 l\u2019acad\u00e9mie germano-polonaise de chant choral \u00ab\u00a0in terra pax\u00a0\u00bb.<\/p>\n","protected":false},"excerpt":{"rendered":"<p>Harold Lenselink a effectu\u00e9 ses \u00e9tudes de piano et de direction d\u2019orchestre au Conservatoire d\u2019Utrecht. Ma\u00eetre de conf\u00e9rences en direction de ch\u0153ur, il travaille au Conservatoire Alkmaar, et il s\u2019engage dans l\u2019Union de Chorale hollandaise SNK\/UNISONO. De plus Lenselik est &hellip; <a href=\"http:\/\/www.interrapax.org\/fr\/retrospective\/chefs-de-choeur\/harold-lenselink\/\">Continue reading <span class=\"meta-nav\">&rarr;<\/span><\/a><\/p>\n","protected":false},"author":2,"featured_media":0,"parent":568,"menu_order":0,"comment_status":"closed","ping_status":"closed","template":"","meta":{"footnotes":""},"class_list":["post-579","page","type-page","status-publish","hentry"],"_links":{"self":[{"href":"http:\/\/www.interrapax.org\/fr\/wp-json\/wp\/v2\/pages\/579","targetHints":{"allow":["GET"]}}],"collection":[{"href":"http:\/\/www.interrapax.org\/fr\/wp-json\/wp\/v2\/pages"}],"about":[{"href":"http:\/\/www.interrapax.org\/fr\/wp-json\/wp\/v2\/types\/page"}],"author":[{"embeddable":true,"href":"http:\/\/www.interrapax.org\/fr\/wp-json\/wp\/v2\/users\/2"}],"replies":[{"embeddable":true,"href":"http:\/\/www.interrapax.org\/fr\/wp-json\/wp\/v2\/comments?post=579"}],"version-history":[{"count":1,"href":"http:\/\/www.interrapax.org\/fr\/wp-json\/wp\/v2\/pages\/579\/revisions"}],"predecessor-version":[{"id":580,"href":"http:\/\/www.interrapax.org\/fr\/wp-json\/wp\/v2\/pages\/579\/revisions\/580"}],"up":[{"embeddable":true,"href":"http:\/\/www.interrapax.org\/fr\/wp-json\/wp\/v2\/pages\/568"}],"wp:attachment":[{"href":"http:\/\/www.interrapax.org\/fr\/wp-json\/wp\/v2\/media?parent=579"}],"curies":[{"name":"wp","href":"https:\/\/api.w.org\/{rel}","templated":true}]}}