{"id":575,"date":"2012-02-04T01:31:19","date_gmt":"2012-02-04T01:31:19","guid":{"rendered":"http:\/\/www.interrapax.org\/?page_id=575"},"modified":"2012-02-29T21:41:04","modified_gmt":"2012-02-29T21:41:04","slug":"werner-pfaff","status":"publish","type":"page","link":"http:\/\/www.interrapax.org\/fr\/retrospective\/chefs-de-choeur\/werner-pfaff\/","title":{"rendered":"Werner Pfaff"},"content":{"rendered":"<p>Werner Pfaff a \u00e9tudi\u00e9 la direction (son principal professeur a \u00e9t\u00e9 Hans Michael Beuerle), le piano, le chant, la th\u00e9orie de la musique, ainsi que l\u2019allemand et la philosophie. La collaboration avec Solti, Sinopoli, Chailly, Bertini, Inbal, Harnoncourt, Gielen, Marriner, Rostropovitch, Penderecki et Ericson lui a permis de faire d\u2019autres exp\u00e9riences artistiques importantes. Depuis 1980, Werner Pfaff dirige l\u2019ensemble \u00ab\u00a0Studio Vocale Karlsruhe\u00a0\u00bb avec lequel il a obtenu plusieurs premiers prix internationaux.<\/p>\n<p>Il dirige plusieurs ch\u0153urs de Conservatoire en tant que chef de ch\u0153ur invit\u00e9,  \u00e0 Caracas (Venezuela), Danzig (Pologne), B\u00e2le (Suisse), Vilnius (Lituanie). IL est \u00e0 la t\u00eate d\u2019ateliers de chorale internationaux \u00e0 Cuba, en Argentine, au Venezuela. Il participe \u00e0 des festivals tels que \u00ab\u00a0Zimriya\u00a0\u00bb en Isra\u00ebl, \u00ab\u00a0Europa Cantat 12\u00a0\u00bb au Danemark ainsi qu\u2019en Allemagne et en Pologne.<\/p>\n<p>Il organise des s\u00e9minaires de direction et donne des master-class dans le monde entier. De plus, il participe au jury de nombreux concours de chorale internationaux, entre autres \u00e0 Tours (France), Tolosa (Espagne), Riva del Garda (Italie), Trelew (Argentine), Netanya (Isra\u00ebl), Mi\u0119dzyzdroje (Pologne) et Zwickau.<\/p>\n<p>Werner Pfaff a \u00e9t\u00e9 cofondateur de l\u2019Acad\u00e9mie germano-polonaise de chant choral In Terra Pax en 1991. Il a assur\u00e9 la direction de ce ch\u0153ur plusieurs ann\u00e9es cons\u00e9cutives.<strong><\/strong><\/p>\n","protected":false},"excerpt":{"rendered":"<p>Werner Pfaff a \u00e9tudi\u00e9 la direction (son principal professeur a \u00e9t\u00e9 Hans Michael Beuerle), le piano, le chant, la th\u00e9orie de la musique, ainsi que l\u2019allemand et la philosophie. La collaboration avec Solti, Sinopoli, Chailly, Bertini, Inbal, Harnoncourt, Gielen, Marriner, &hellip; <a href=\"http:\/\/www.interrapax.org\/fr\/retrospective\/chefs-de-choeur\/werner-pfaff\/\">Continue reading <span class=\"meta-nav\">&rarr;<\/span><\/a><\/p>\n","protected":false},"author":2,"featured_media":0,"parent":568,"menu_order":0,"comment_status":"closed","ping_status":"open","template":"","meta":{"footnotes":""},"class_list":["post-575","page","type-page","status-publish","hentry"],"_links":{"self":[{"href":"http:\/\/www.interrapax.org\/fr\/wp-json\/wp\/v2\/pages\/575","targetHints":{"allow":["GET"]}}],"collection":[{"href":"http:\/\/www.interrapax.org\/fr\/wp-json\/wp\/v2\/pages"}],"about":[{"href":"http:\/\/www.interrapax.org\/fr\/wp-json\/wp\/v2\/types\/page"}],"author":[{"embeddable":true,"href":"http:\/\/www.interrapax.org\/fr\/wp-json\/wp\/v2\/users\/2"}],"replies":[{"embeddable":true,"href":"http:\/\/www.interrapax.org\/fr\/wp-json\/wp\/v2\/comments?post=575"}],"version-history":[{"count":2,"href":"http:\/\/www.interrapax.org\/fr\/wp-json\/wp\/v2\/pages\/575\/revisions"}],"predecessor-version":[{"id":856,"href":"http:\/\/www.interrapax.org\/fr\/wp-json\/wp\/v2\/pages\/575\/revisions\/856"}],"up":[{"embeddable":true,"href":"http:\/\/www.interrapax.org\/fr\/wp-json\/wp\/v2\/pages\/568"}],"wp:attachment":[{"href":"http:\/\/www.interrapax.org\/fr\/wp-json\/wp\/v2\/media?parent=575"}],"curies":[{"name":"wp","href":"https:\/\/api.w.org\/{rel}","templated":true}]}}