{"id":568,"date":"2012-02-04T01:30:02","date_gmt":"2012-02-04T01:30:02","guid":{"rendered":"http:\/\/www.interrapax.org\/?page_id=568"},"modified":"2018-03-29T17:14:03","modified_gmt":"2018-03-29T17:14:03","slug":"chefs-de-choeur","status":"publish","type":"page","link":"http:\/\/www.interrapax.org\/fr\/retrospective\/chefs-de-choeur\/","title":{"rendered":"Chefs de choeur"},"content":{"rendered":"<p>Les chefs de ch\u0153ur ayant dirig\u00e9 \u00e0 l&rsquo;Acad\u00e9mie In Terra Pax<\/p>\n<ul>\n<li><a title=\"Jean Baptiste Bertrand\" href=\"?page_id=581&amp;lang=fr\">Jean Baptiste Bertrand<\/a><\/li>\n<li><a title=\"J\u00fcrgen Fa\u00dfbender\" href=\"?page_id=587&amp;lang=fr\">J\u00fcrgen Fa\u00dfbender<\/a><\/li>\n<li><a title=\"Don James\" href=\"?page_id=589&amp;lang=fr\">Don James<\/a><\/li>\n<li><a title=\"Harold Lenselink\" href=\"?page_id=579&amp;lang=fr\">Harold Lenselink<\/a><\/li>\n<li><a title=\"Jos\u00e9 Ramon Perez Cebrian\" href=\"?page_id=585&amp;lang=fr\">Jos\u00e9 Ramon Perez Cebrian<\/a><\/li>\n<li><a title=\"Werner Pfaff\" href=\"?page_id=575&amp;lang=fr\">Werner Pfaff<\/a><\/li>\n<li><a title=\"Volker Schmidt-Gertenbach\" href=\"?page_id=577&amp;lang=fr\">Volker Schmidt-Gertenbach<\/a><\/li>\n<li><a title=\"Jan Szyrocki\" href=\"?page_id=567&amp;lang=fr\">Jan Szyrocki<\/a><\/li>\n<li><a title=\"Martin Winkler\" href=\"?page_id=583&amp;lang=fr\">Martin Winkler<\/a><\/li>\n<li><a title=\"Richard Zielinski\" href=\"?page_id=573&amp;lang=fr\">Richard Zielinsky<\/a><\/li>\n<li><a href=\"http:\/\/www.interrapax.org\/?page_id=1119&amp;lang=fr\">Benedykt Blonski<\/a><\/li>\n<li><a href=\"http:\/\/www.interrapax.org\/?page_id=1102&amp;lang=fr\">Szymon Wyrzykowski<\/a><\/li>\n<li>Jan Liermann<\/li>\n<li>Felipe Salazar<\/li>\n<\/ul>\n<p>(liste incompl\u00e8te)<\/p>\n","protected":false},"excerpt":{"rendered":"<p>Les chefs de ch\u0153ur ayant dirig\u00e9 \u00e0 l&rsquo;Acad\u00e9mie In Terra Pax Jean Baptiste Bertrand J\u00fcrgen Fa\u00dfbender Don James Harold Lenselink Jos\u00e9 Ramon Perez Cebrian Werner Pfaff Volker Schmidt-Gertenbach Jan Szyrocki Martin Winkler Richard Zielinsky Benedykt Blonski Szymon Wyrzykowski Jan Liermann &hellip; <a href=\"http:\/\/www.interrapax.org\/fr\/retrospective\/chefs-de-choeur\/\">Continue reading <span class=\"meta-nav\">&rarr;<\/span><\/a><\/p>\n","protected":false},"author":2,"featured_media":0,"parent":364,"menu_order":0,"comment_status":"closed","ping_status":"open","template":"","meta":{"footnotes":""},"class_list":["post-568","page","type-page","status-publish","hentry"],"_links":{"self":[{"href":"http:\/\/www.interrapax.org\/fr\/wp-json\/wp\/v2\/pages\/568","targetHints":{"allow":["GET"]}}],"collection":[{"href":"http:\/\/www.interrapax.org\/fr\/wp-json\/wp\/v2\/pages"}],"about":[{"href":"http:\/\/www.interrapax.org\/fr\/wp-json\/wp\/v2\/types\/page"}],"author":[{"embeddable":true,"href":"http:\/\/www.interrapax.org\/fr\/wp-json\/wp\/v2\/users\/2"}],"replies":[{"embeddable":true,"href":"http:\/\/www.interrapax.org\/fr\/wp-json\/wp\/v2\/comments?post=568"}],"version-history":[{"count":20,"href":"http:\/\/www.interrapax.org\/fr\/wp-json\/wp\/v2\/pages\/568\/revisions"}],"predecessor-version":[{"id":1983,"href":"http:\/\/www.interrapax.org\/fr\/wp-json\/wp\/v2\/pages\/568\/revisions\/1983"}],"up":[{"embeddable":true,"href":"http:\/\/www.interrapax.org\/fr\/wp-json\/wp\/v2\/pages\/364"}],"wp:attachment":[{"href":"http:\/\/www.interrapax.org\/fr\/wp-json\/wp\/v2\/media?parent=568"}],"curies":[{"name":"wp","href":"https:\/\/api.w.org\/{rel}","templated":true}]}}