{"id":375,"date":"2011-07-04T21:56:30","date_gmt":"2011-07-04T21:56:30","guid":{"rendered":"http:\/\/www.interrapax.org\/?page_id=375"},"modified":"2020-06-11T09:21:35","modified_gmt":"2020-06-11T09:21:35","slug":"home-2","status":"publish","type":"page","link":"http:\/\/www.interrapax.org\/fr\/","title":{"rendered":"Home"},"content":{"rendered":"<h2>Accueil<\/h2>\n<p>Bienvenu sur le site de l&rsquo;Acad\u00e9mie internationale de chant choral \u00ab\u00a0In Terra Pax\u00a0\u00bb.<\/p>\n<p>L\u2019Acad\u00e9mie internationale de chant choral \u00ab <strong>In Terra Pax \u00bb<\/strong> aura lieu cette ann\u00e9e au bord de la mer baltique dans la station baln\u00e9aire de Mi\u0119dzyzdroje du 19 au 27 septembre 2020.<\/p>\n<p>Ces rencontres offrent \u00e0 soixante chanteurs de France, Allemagne et Pologne, une occasion unique de partage de moments forts de musique, de chant mais aussi d\u2019amiti\u00e9 ! Une alternance de r\u00e9p\u00e9titions, concerts, rencontres avec des chefs de ch\u0153ur et des choristes aux origines culturelles diverses.<\/p>\n<p>Sur notre site vous pouvez trouver plus d&rsquo;informations sur l&rsquo;Acad\u00e9mie, notre <a title=\"R\u00e9trospective\" href=\"?page_id=364&amp;lang=fr\">histoire<\/a> et les dates pour la session de cette ann\u00e9e.<\/p>\n","protected":false},"excerpt":{"rendered":"<p>Accueil Bienvenu sur le site de l&rsquo;Acad\u00e9mie internationale de chant choral \u00ab\u00a0In Terra Pax\u00a0\u00bb. L\u2019Acad\u00e9mie internationale de chant choral \u00ab In Terra Pax \u00bb aura lieu cette ann\u00e9e au bord de la mer baltique dans la station baln\u00e9aire de Mi\u0119dzyzdroje &hellip; <a href=\"http:\/\/www.interrapax.org\/fr\/\">Continue reading <span class=\"meta-nav\">&rarr;<\/span><\/a><\/p>\n","protected":false},"author":13,"featured_media":0,"parent":0,"menu_order":0,"comment_status":"closed","ping_status":"open","template":"","meta":{"footnotes":""},"class_list":["post-375","page","type-page","status-publish","hentry"],"_links":{"self":[{"href":"http:\/\/www.interrapax.org\/fr\/wp-json\/wp\/v2\/pages\/375","targetHints":{"allow":["GET"]}}],"collection":[{"href":"http:\/\/www.interrapax.org\/fr\/wp-json\/wp\/v2\/pages"}],"about":[{"href":"http:\/\/www.interrapax.org\/fr\/wp-json\/wp\/v2\/types\/page"}],"author":[{"embeddable":true,"href":"http:\/\/www.interrapax.org\/fr\/wp-json\/wp\/v2\/users\/13"}],"replies":[{"embeddable":true,"href":"http:\/\/www.interrapax.org\/fr\/wp-json\/wp\/v2\/comments?post=375"}],"version-history":[{"count":25,"href":"http:\/\/www.interrapax.org\/fr\/wp-json\/wp\/v2\/pages\/375\/revisions"}],"predecessor-version":[{"id":2428,"href":"http:\/\/www.interrapax.org\/fr\/wp-json\/wp\/v2\/pages\/375\/revisions\/2428"}],"wp:attachment":[{"href":"http:\/\/www.interrapax.org\/fr\/wp-json\/wp\/v2\/media?parent=375"}],"curies":[{"name":"wp","href":"https:\/\/api.w.org\/{rel}","templated":true}]}}