{"id":360,"date":"2011-07-24T20:11:51","date_gmt":"2011-07-24T20:11:51","guid":{"rendered":"http:\/\/www.interrapax.org\/?page_id=360"},"modified":"2018-03-29T17:08:39","modified_gmt":"2018-03-29T17:08:39","slug":"participez","status":"publish","type":"page","link":"http:\/\/www.interrapax.org\/fr\/participez\/","title":{"rendered":"Recrutement"},"content":{"rendered":"<p><strong>CONDITIONS DE CANDIDATURE ET DE SELECTION DES CHANTEURS<\/strong><\/p>\n<p>Le programme musical abord\u00e9 contient environ douze pi\u00e8ces allant du moyen-\u00e2ge \u00e0 nos jours et dans plusieurs langages (polonais, slovaque, anglais, fran\u00e7ais, allemand\u2026)<\/p>\n<p>Les candidats devront pr\u00e9parer <strong>en autonomie les partitions fournies<\/strong> et arriver au stage en les ayant pr\u00e9alablement d\u00e9chiffr\u00e9es. La direction artistique communiquera au plus vite la liste des chanteurs s\u00e9lectionn\u00e9s pour participer \u00e0 ITP. Cette s\u00e9lection sera faite en fonction du niveau des chanteurs et de l\u2019\u00e9quilibre des tessitures.<\/p>\n<p>Nous s\u00e9lectionnerons <strong>10 candidats pour chaque session<\/strong>. L\u2019inscription aux deux sessions vous permettra de profiter du programme appris en Pologne sur plusieurs concerts.<\/p>\n<p>La participation \u00e0 tous les concerts ainsi qu\u2019aux r\u00e9p\u00e9titions quotidiennes est obligatoire.<\/p>\n<p><strong>Un enregistrement sera demand\u00e9 pour l\u2019examen de votre candidature (pour les chanteurs n&rsquo;ayant jamais particip\u00e9 \u00e0 l&rsquo;Acad\u00e9mie).<\/strong><\/p>\n<p>&nbsp;<\/p>\n<p>&nbsp;<\/p>\n<p>&nbsp;<\/p>\n","protected":false},"excerpt":{"rendered":"<p>CONDITIONS DE CANDIDATURE ET DE SELECTION DES CHANTEURS Le programme musical abord\u00e9 contient environ douze pi\u00e8ces allant du moyen-\u00e2ge \u00e0 nos jours et dans plusieurs langages (polonais, slovaque, anglais, fran\u00e7ais, allemand\u2026) Les candidats devront pr\u00e9parer en autonomie les partitions fournies &hellip; <a href=\"http:\/\/www.interrapax.org\/fr\/participez\/\">Continue reading <span class=\"meta-nav\">&rarr;<\/span><\/a><\/p>\n","protected":false},"author":13,"featured_media":0,"parent":0,"menu_order":0,"comment_status":"closed","ping_status":"closed","template":"","meta":{"footnotes":""},"class_list":["post-360","page","type-page","status-publish","hentry"],"_links":{"self":[{"href":"http:\/\/www.interrapax.org\/fr\/wp-json\/wp\/v2\/pages\/360","targetHints":{"allow":["GET"]}}],"collection":[{"href":"http:\/\/www.interrapax.org\/fr\/wp-json\/wp\/v2\/pages"}],"about":[{"href":"http:\/\/www.interrapax.org\/fr\/wp-json\/wp\/v2\/types\/page"}],"author":[{"embeddable":true,"href":"http:\/\/www.interrapax.org\/fr\/wp-json\/wp\/v2\/users\/13"}],"replies":[{"embeddable":true,"href":"http:\/\/www.interrapax.org\/fr\/wp-json\/wp\/v2\/comments?post=360"}],"version-history":[{"count":9,"href":"http:\/\/www.interrapax.org\/fr\/wp-json\/wp\/v2\/pages\/360\/revisions"}],"predecessor-version":[{"id":1977,"href":"http:\/\/www.interrapax.org\/fr\/wp-json\/wp\/v2\/pages\/360\/revisions\/1977"}],"wp:attachment":[{"href":"http:\/\/www.interrapax.org\/fr\/wp-json\/wp\/v2\/media?parent=360"}],"curies":[{"name":"wp","href":"https:\/\/api.w.org\/{rel}","templated":true}]}}