{"id":343,"date":"2011-07-24T19:42:23","date_gmt":"2011-07-24T19:42:23","guid":{"rendered":"http:\/\/www.interrapax.org\/?page_id=343"},"modified":"2020-06-11T09:07:00","modified_gmt":"2020-06-11T09:07:00","slug":"kontakt","status":"publish","type":"page","link":"http:\/\/www.interrapax.org\/fr\/kontakt\/","title":{"rendered":"Contacts"},"content":{"rendered":"<h2>Premier chef de choeur et directeur artistique<\/h2>\n<p><a href=\"http:\/\/www.interrapax.org\/?page_id=1102&amp;lang=fr\">Szymon Wyrzykowski<\/a><\/p>\n<h2>Directeur de l\u2019organisation<\/h2>\n<p>Grzegorz Bosy<\/p>\n<h2>L\u2019organisation en Allemagne (et \u00e9galement pour les postulants de Suisse, Autriche et le nord de l&rsquo;Europe)<\/h2>\n<p>Association d\u00e9clar\u00e9e pour la protection de l\u2019acad\u00e9mie germano-polonaise \u00ab\u00a0in terra pax\u00a0\u00bb<br \/>\nHolger Rode<br \/>\nDirk Coehne<br \/>\nE-Mail: <a href=\"mailto:germany@interrapax.org\">germany@interrapax.org<\/a><\/p>\n<h2>L\u2019organisation en Pologne (et \u00e9galement pour les postulants de l&rsquo;Europe de l&rsquo;Est )<\/h2>\n<p>Choeur acad\u00e9mique de l\u2019universit\u00e9 technique de Stettin \u00ab\u00a0Jan Szyrocki\u00a0\u00bb<br \/>\nGrzegorz Bosy<br \/>\nKatarzyna Wilko\u0144ska<br \/>\nE-Mail: <a href=\"mailto:poland@interrapax.org\">poland@interrapax.org<\/a><\/p>\n<h2>L\u2019organisation en France (et \u00e9galement pour les postulants du Sud de l&rsquo;Europe)<\/h2>\n<p>Les amis d&rsquo;in terra pax<br \/>\nJulien VINCENT ( pr\u00e9sident ), Beno\u00eet ROCH ( tr\u00e9sorier ),<br \/>\nEmmanuelle DA COSTA ( secr\u00e9taire )<br \/>\nE-Mail: <a href=\"mailto:interrapax.fr@gmail.com\">interrapax.france@gmail.com<\/a><\/p>\n<h2>Pour les questions techniques concernant le page web<\/h2>\n<p><a href=\"mailto:webmaster@interrapax.org\">webmaster@interrapax.org<\/a> (in German or English, please!)<\/p>\n","protected":false},"excerpt":{"rendered":"<p>Premier chef de choeur et directeur artistique Szymon Wyrzykowski Directeur de l\u2019organisation Grzegorz Bosy L\u2019organisation en Allemagne (et \u00e9galement pour les postulants de Suisse, Autriche et le nord de l&rsquo;Europe) Association d\u00e9clar\u00e9e pour la protection de l\u2019acad\u00e9mie germano-polonaise \u00ab\u00a0in terra &hellip; <a href=\"http:\/\/www.interrapax.org\/fr\/kontakt\/\">Continue reading <span class=\"meta-nav\">&rarr;<\/span><\/a><\/p>\n","protected":false},"author":13,"featured_media":0,"parent":0,"menu_order":0,"comment_status":"closed","ping_status":"open","template":"","meta":{"footnotes":""},"class_list":["post-343","page","type-page","status-publish","hentry"],"_links":{"self":[{"href":"http:\/\/www.interrapax.org\/fr\/wp-json\/wp\/v2\/pages\/343","targetHints":{"allow":["GET"]}}],"collection":[{"href":"http:\/\/www.interrapax.org\/fr\/wp-json\/wp\/v2\/pages"}],"about":[{"href":"http:\/\/www.interrapax.org\/fr\/wp-json\/wp\/v2\/types\/page"}],"author":[{"embeddable":true,"href":"http:\/\/www.interrapax.org\/fr\/wp-json\/wp\/v2\/users\/13"}],"replies":[{"embeddable":true,"href":"http:\/\/www.interrapax.org\/fr\/wp-json\/wp\/v2\/comments?post=343"}],"version-history":[{"count":17,"href":"http:\/\/www.interrapax.org\/fr\/wp-json\/wp\/v2\/pages\/343\/revisions"}],"predecessor-version":[{"id":2420,"href":"http:\/\/www.interrapax.org\/fr\/wp-json\/wp\/v2\/pages\/343\/revisions\/2420"}],"wp:attachment":[{"href":"http:\/\/www.interrapax.org\/fr\/wp-json\/wp\/v2\/media?parent=343"}],"curies":[{"name":"wp","href":"https:\/\/api.w.org\/{rel}","templated":true}]}}