{"id":1119,"date":"2012-05-13T20:54:37","date_gmt":"2012-05-13T20:54:37","guid":{"rendered":"http:\/\/www.interrapax.org\/?page_id=1119"},"modified":"2012-05-13T20:54:37","modified_gmt":"2012-05-13T20:54:37","slug":"benedykt-blonski","status":"publish","type":"page","link":"http:\/\/www.interrapax.org\/fr\/retrospective\/chefs-de-choeur\/benedykt-blonski\/","title":{"rendered":"Benedykt B\u0142o\u0144ski"},"content":{"rendered":"<p><strong>BENEDYKT BLONSKI : DIRECTEUR ARTISTIQUE DE 2007 A 2010<\/strong><\/p>\n<p>Benedykt BLONSKI est dipl\u00f4m\u00e9 de l\u2019Acad\u00e9mie de musique F. Chopina de Varsovie, \u00e0 la facult\u00e9 Wydzial Wychowania Muzycznego, dans la classe du professeur Andrzej Banasiewicza. Il exerce en tant que chef de ch\u0153ur et p\u00e9dagogue de musique. Apr\u00e8s ses \u00e9tudes il est revenu \u00e0 Olsztyn afin d\u2019y commencer son activit\u00e9 artistique et scientifique.<\/p>\n<p>Il gagne deux fois le prix individuel d\u2019Og\u00f3lnopolski Turniej Chorz\u00f3w \u00ab\u00a0Legnica Cantat\u00a0\u00bb en 1989 et 1990, puis le prix de chef de ch\u0153ur polonais au cours du 26<sup>\u00e8me<\/sup> festival international de chant choral  de Mi\u0119dzyzdroje (1991). Depuis des ann\u00e9es il coop\u00e8re avec des ch\u0153urs \u00e9trangers, mais aussi avec le philharmonique d\u2019Olsztyn o\u00f9 il a pr\u00e9par\u00e9 et organis\u00e9 des concerts d\u2019oratorio.<\/p>\n<p>Il fait partie des conseils artistiques et des jurys de plusieurs concours et festivals de ch\u0153urs, nationaux et internationaux. Il est chef artistique des ateliers artistiques \u00ab\u00a0EUROCHOR 2001\u00a0\u00bb, professeur \u00e0 Podyplomowe Studium Ch\u00f3rmistrzowskim (fonctionnant aupr\u00e8s de l\u2019Acad\u00e9mie musicale de Bydgoszcz) ainsi qu\u2019au centre national de la culture de Varsovie et employ\u00e9 scientifique de la cath\u00e9drale \u00e0 la facult\u00e9 \u00ab Wydzia\u0142 Nauk Spo\u0142ecznych i Sztuki Uniwersytetu Warmi\u0144sko-Mazurskiego \u00bb \u00e0 Olsztyn.<\/p>\n<p>Il a \u00e9t\u00e9 critique de plusieurs th\u00e8ses de doctorat et de professeurs, promoteur de trois th\u00e8ses de doctorat. En 1999 il a obtenu de la part du Pr\u00e9sident de la Pologne le titre de professeur des arts et de la musique. Il participe aux travaux de l\u2019Acad\u00e9mie internationale de chant choral \u00ab In Terra Pax \u00bb depuis 2005. De 2007 \u00e0 2010, il en a \u00e9t\u00e9 le directeur artistique. En juillet 2010, appel\u00e9 \u00e0 diriger le philarmonique de Olsztyn, il a donc laiss\u00e9 sa place \u2026.<\/p>\n","protected":false},"excerpt":{"rendered":"<p>BENEDYKT BLONSKI : DIRECTEUR ARTISTIQUE DE 2007 A 2010 Benedykt BLONSKI est dipl\u00f4m\u00e9 de l\u2019Acad\u00e9mie de musique F. Chopina de Varsovie, \u00e0 la facult\u00e9 Wydzial Wychowania Muzycznego, dans la classe du professeur Andrzej Banasiewicza. Il exerce en tant que chef &hellip; <a href=\"http:\/\/www.interrapax.org\/fr\/retrospective\/chefs-de-choeur\/benedykt-blonski\/\">Continue reading <span class=\"meta-nav\">&rarr;<\/span><\/a><\/p>\n","protected":false},"author":2,"featured_media":0,"parent":568,"menu_order":0,"comment_status":"closed","ping_status":"open","template":"","meta":{"footnotes":""},"class_list":["post-1119","page","type-page","status-publish","hentry"],"_links":{"self":[{"href":"http:\/\/www.interrapax.org\/fr\/wp-json\/wp\/v2\/pages\/1119","targetHints":{"allow":["GET"]}}],"collection":[{"href":"http:\/\/www.interrapax.org\/fr\/wp-json\/wp\/v2\/pages"}],"about":[{"href":"http:\/\/www.interrapax.org\/fr\/wp-json\/wp\/v2\/types\/page"}],"author":[{"embeddable":true,"href":"http:\/\/www.interrapax.org\/fr\/wp-json\/wp\/v2\/users\/2"}],"replies":[{"embeddable":true,"href":"http:\/\/www.interrapax.org\/fr\/wp-json\/wp\/v2\/comments?post=1119"}],"version-history":[{"count":1,"href":"http:\/\/www.interrapax.org\/fr\/wp-json\/wp\/v2\/pages\/1119\/revisions"}],"predecessor-version":[{"id":1121,"href":"http:\/\/www.interrapax.org\/fr\/wp-json\/wp\/v2\/pages\/1119\/revisions\/1121"}],"up":[{"embeddable":true,"href":"http:\/\/www.interrapax.org\/fr\/wp-json\/wp\/v2\/pages\/568"}],"wp:attachment":[{"href":"http:\/\/www.interrapax.org\/fr\/wp-json\/wp\/v2\/media?parent=1119"}],"curies":[{"name":"wp","href":"https:\/\/api.w.org\/{rel}","templated":true}]}}