{"id":93,"date":"2011-07-18T19:18:04","date_gmt":"2011-07-18T19:18:04","guid":{"rendered":"http:\/\/www.interrapax.org\/?page_id=93"},"modified":"2022-05-24T19:25:07","modified_gmt":"2022-05-24T19:25:07","slug":"impressum","status":"publish","type":"page","link":"http:\/\/www.interrapax.org\/de\/impressum\/","title":{"rendered":"Impressum"},"content":{"rendered":"<h1>Impressum<\/h1>\n<p>F\u00f6rderverein f\u00fcr Chormusik &#8222;in terra pax&#8220; e. V.<\/p>\n<p>Vertretungsberechtigt iSd \u00a7 6 TDG ist<\/p>\n<p>F\u00f6rderverein f\u00fcr Chormusik &#8222;in terra pax&#8220; e. V.<br \/>\nDirk Coehne<br \/>\nHau\u00dfmannstr. 154<br \/>\n70188 Stuttgart<\/p>\n<p>Tel: +49 (0)711 850 15 94<br \/>\nE-Mail: germany@interrapax.org<\/p>\n","protected":false},"excerpt":{"rendered":"<p>Impressum F\u00f6rderverein f\u00fcr Chormusik &#8222;in terra pax&#8220; e. V. Vertretungsberechtigt iSd \u00a7 6 TDG ist F\u00f6rderverein f\u00fcr Chormusik &#8222;in terra pax&#8220; e. V. Dirk Coehne Hau\u00dfmannstr. 154 70188 Stuttgart Tel: +49 (0)711 850 15 94 E-Mail: germany@interrapax.org<\/p>\n","protected":false},"author":13,"featured_media":0,"parent":0,"menu_order":0,"comment_status":"closed","ping_status":"open","template":"","meta":{"footnotes":""},"class_list":["post-93","page","type-page","status-publish","hentry"],"_links":{"self":[{"href":"http:\/\/www.interrapax.org\/de\/wp-json\/wp\/v2\/pages\/93","targetHints":{"allow":["GET"]}}],"collection":[{"href":"http:\/\/www.interrapax.org\/de\/wp-json\/wp\/v2\/pages"}],"about":[{"href":"http:\/\/www.interrapax.org\/de\/wp-json\/wp\/v2\/types\/page"}],"author":[{"embeddable":true,"href":"http:\/\/www.interrapax.org\/de\/wp-json\/wp\/v2\/users\/13"}],"replies":[{"embeddable":true,"href":"http:\/\/www.interrapax.org\/de\/wp-json\/wp\/v2\/comments?post=93"}],"version-history":[{"count":6,"href":"http:\/\/www.interrapax.org\/de\/wp-json\/wp\/v2\/pages\/93\/revisions"}],"predecessor-version":[{"id":2476,"href":"http:\/\/www.interrapax.org\/de\/wp-json\/wp\/v2\/pages\/93\/revisions\/2476"}],"wp:attachment":[{"href":"http:\/\/www.interrapax.org\/de\/wp-json\/wp\/v2\/media?parent=93"}],"curies":[{"name":"wp","href":"https:\/\/api.w.org\/{rel}","templated":true}]}}