{"id":560,"date":"2012-02-04T01:27:13","date_gmt":"2012-02-04T01:27:13","guid":{"rendered":"http:\/\/www.interrapax.org\/?page_id=560"},"modified":"2012-05-13T20:34:19","modified_gmt":"2012-05-13T20:34:19","slug":"don-james","status":"publish","type":"page","link":"http:\/\/www.interrapax.org\/de\/ruckblick\/dirigenten-2\/don-james\/","title":{"rendered":"Don James"},"content":{"rendered":"<h1>Don James<\/h1>\n<p>Don James ist einer der bedeutendsten Dirigenten Kanadas. Er ist Dozent f\u00fcr Chor- und Orchesterleitung an der Universit\u00e4t von Toronto (Kanada), sowie an der Pazifik Universit\u00e4t und der Universit\u00e4t des Staates Washington, beide in Seattle (USA). Au\u00dferdem h\u00e4lt Don James Diplomkurse und Meisterklassen in Klaviervortrag, Musiktheorie und Musikliteratur und er ist im Vorstand der Chorvereinigung British Columbia (Kanada) t\u00e4tig.<\/p>\n<p>1975 gr\u00fcndete Don James, beginnend mit jungen S\u00e4ngern, die Powell River Musikakademie. Inzwischen umfasst dieses Programm 10 Ch\u00f6re, 5 Chorleiter und vier weitere Dozenten.<br \/>\nDon James ist au\u00dferdem Gr\u00fcnder und Musikalischer Direktor des Internationalen Chorfestivals in Kathaumixw (British Columbia, Kanada). H\u00e4ufig wird er eingeladen, um bei Festivals auf der ganzen Welt als Gastdirigent, Juror und Redner t\u00e4tig zu sein.<br \/>\nLange Jahre war er Pr\u00e4sident der Vereinigung kanadischer Chorleiter und Vorstandsmitglied des Internationalen Verbands der Chormusik. In Anerkennung seines Einsatzes f\u00fcr die Chormusik erhielt Don James den kanadischen &#8222;Willen Award&#8220; und ist Tr\u00e4ger des kanadischen Verdienstordens.<\/p>\n<p>1997 war Don James Dirigent der Deutsch-Polnischen Chorakademie &#8222;in terra pax&#8220;.<\/p>\n","protected":false},"excerpt":{"rendered":"<p>Don James Don James ist einer der bedeutendsten Dirigenten Kanadas. Er ist Dozent f\u00fcr Chor- und Orchesterleitung an der Universit\u00e4t von Toronto (Kanada), sowie an der Pazifik Universit\u00e4t und der Universit\u00e4t des Staates Washington, beide in Seattle (USA). Au\u00dferdem h\u00e4lt &hellip; <a href=\"http:\/\/www.interrapax.org\/de\/ruckblick\/dirigenten-2\/don-james\/\">Continue reading <span class=\"meta-nav\">&rarr;<\/span><\/a><\/p>\n","protected":false},"author":2,"featured_media":0,"parent":174,"menu_order":0,"comment_status":"closed","ping_status":"open","template":"","meta":{"footnotes":""},"class_list":["post-560","page","type-page","status-publish","hentry"],"_links":{"self":[{"href":"http:\/\/www.interrapax.org\/de\/wp-json\/wp\/v2\/pages\/560","targetHints":{"allow":["GET"]}}],"collection":[{"href":"http:\/\/www.interrapax.org\/de\/wp-json\/wp\/v2\/pages"}],"about":[{"href":"http:\/\/www.interrapax.org\/de\/wp-json\/wp\/v2\/types\/page"}],"author":[{"embeddable":true,"href":"http:\/\/www.interrapax.org\/de\/wp-json\/wp\/v2\/users\/2"}],"replies":[{"embeddable":true,"href":"http:\/\/www.interrapax.org\/de\/wp-json\/wp\/v2\/comments?post=560"}],"version-history":[{"count":2,"href":"http:\/\/www.interrapax.org\/de\/wp-json\/wp\/v2\/pages\/560\/revisions"}],"predecessor-version":[{"id":1067,"href":"http:\/\/www.interrapax.org\/de\/wp-json\/wp\/v2\/pages\/560\/revisions\/1067"}],"up":[{"embeddable":true,"href":"http:\/\/www.interrapax.org\/de\/wp-json\/wp\/v2\/pages\/174"}],"wp:attachment":[{"href":"http:\/\/www.interrapax.org\/de\/wp-json\/wp\/v2\/media?parent=560"}],"curies":[{"name":"wp","href":"https:\/\/api.w.org\/{rel}","templated":true}]}}