{"id":558,"date":"2012-02-04T01:26:32","date_gmt":"2012-02-04T01:26:32","guid":{"rendered":"http:\/\/www.interrapax.org\/?page_id=558"},"modified":"2012-05-13T20:36:03","modified_gmt":"2012-05-13T20:36:03","slug":"jurgen-fasbender","status":"publish","type":"page","link":"http:\/\/www.interrapax.org\/de\/ruckblick\/dirigenten-2\/jurgen-fasbender\/","title":{"rendered":"J\u00fcrgen Fa\u00dfbender"},"content":{"rendered":"<h1>J\u00fcrgen Fa\u00dfbender<\/h1>\n<p>J\u00fcrgen Fa\u00dfbender studierte Musik und Germanistik, wertvolle Impulse f\u00fcr seine Chorarbeit erhielt er durch langj\u00e4hrige Mitarbeit in semiprofessionellen Ensembles (Vokalensemble Frankfurt, Kammerchor Stuttgart, Studio Vocale Karlsruhe) und zahlreiche Fortbildungen (u.a. bei Eric Ericson, Werner Pfaff, Frieder Bernius und Wolfgang Sch\u00e4fer).<br \/>\nHeute arbeitet J\u00fcrgen Fa\u00dfbender als Leiter mehrerer qualifizierter Ch\u00f6re.<\/p>\n<p>Neben zahlreichen 1. Preisen bei Internationalen Wettbewerben (u.a. in Italien, Tschechien, Argentinien, Holland, sowie mit &#8222;Cantabile&#8220; Limburg der 1. Preis beim Internationalen Rundfunkwettbewerb &#8222;Let the Peoples sing&#8220; 1995), wurde er mehrfach mit einem Sonderpreis der Jury f\u00fcr besondere k\u00fcnstlerische Leistungen ausgezeichnet. Beim Deutschen Chorwettbewerb 1994 in Fulda belegte er mit seinen Ch\u00f6ren &#8222;Carpe diem&#8220; und &#8222;Cantabile&#8220; Limburg &#8211; erstmals in der Geschichte des Wettbewerbs &#8211; jeweils den 1. Platz in den Sonderkategorien M\u00e4nnerch\u00f6re und Frauench\u00f6re und erhielt zudem mit beiden Ch\u00f6ren eine Auszeichnung f\u00fcr die hervorragende Interpretation eines zeitgen\u00f6ssischen Chorwerkes.<\/p>\n<p>1995 wurde J\u00fcrgen Fa\u00dfbender Stipendiat des Deutschen Musikrates und erhielt anl\u00e4sslich des 1. Europ\u00e4ischen Chorsymposiums in Ljubljana (Slowenien) eine Einladung in die Meisterklasse Eric Ericsons. Hinzu kommen zahlreiche Einladungen als Juror bei nationalen und internationalen Chorwettbewerben, als Gastdirigent (Landesjugendchor Rheinland-Pfalz) und als Dozent (Landesmusikakademie Rheinland-Pfalz, Bayerischer S\u00e4ngerbund, Musica Mundi u.v.a.). Hinzu kommen zahlreiche Produktionen mehrerer CDs und Aufnahmen f\u00fcr Funk und Fernsehen.<br \/>\nJ\u00fcrgen Fa\u00dfbender ist Mitglied im Bundesmusikausschuss des Hessischen S\u00e4ngerbundes, des Musikbeirates des Deutschen Zentrums f\u00fcr Chormusik und der Literatur-Kommission des Deutschen Chorwettbewerbes.<\/p>\n<p>1997 war J\u00fcrgen Fa\u00dfbender Dirigent der Deutsch-Polnischen Chorakademie &#8222;in terra pax&#8220;.<\/p>\n","protected":false},"excerpt":{"rendered":"<p>J\u00fcrgen Fa\u00dfbender J\u00fcrgen Fa\u00dfbender studierte Musik und Germanistik, wertvolle Impulse f\u00fcr seine Chorarbeit erhielt er durch langj\u00e4hrige Mitarbeit in semiprofessionellen Ensembles (Vokalensemble Frankfurt, Kammerchor Stuttgart, Studio Vocale Karlsruhe) und zahlreiche Fortbildungen (u.a. bei Eric Ericson, Werner Pfaff, Frieder Bernius und &hellip; <a href=\"http:\/\/www.interrapax.org\/de\/ruckblick\/dirigenten-2\/jurgen-fasbender\/\">Continue reading <span class=\"meta-nav\">&rarr;<\/span><\/a><\/p>\n","protected":false},"author":2,"featured_media":0,"parent":174,"menu_order":0,"comment_status":"closed","ping_status":"open","template":"","meta":{"footnotes":""},"class_list":["post-558","page","type-page","status-publish","hentry"],"_links":{"self":[{"href":"http:\/\/www.interrapax.org\/de\/wp-json\/wp\/v2\/pages\/558","targetHints":{"allow":["GET"]}}],"collection":[{"href":"http:\/\/www.interrapax.org\/de\/wp-json\/wp\/v2\/pages"}],"about":[{"href":"http:\/\/www.interrapax.org\/de\/wp-json\/wp\/v2\/types\/page"}],"author":[{"embeddable":true,"href":"http:\/\/www.interrapax.org\/de\/wp-json\/wp\/v2\/users\/2"}],"replies":[{"embeddable":true,"href":"http:\/\/www.interrapax.org\/de\/wp-json\/wp\/v2\/comments?post=558"}],"version-history":[{"count":2,"href":"http:\/\/www.interrapax.org\/de\/wp-json\/wp\/v2\/pages\/558\/revisions"}],"predecessor-version":[{"id":1074,"href":"http:\/\/www.interrapax.org\/de\/wp-json\/wp\/v2\/pages\/558\/revisions\/1074"}],"up":[{"embeddable":true,"href":"http:\/\/www.interrapax.org\/de\/wp-json\/wp\/v2\/pages\/174"}],"wp:attachment":[{"href":"http:\/\/www.interrapax.org\/de\/wp-json\/wp\/v2\/media?parent=558"}],"curies":[{"name":"wp","href":"https:\/\/api.w.org\/{rel}","templated":true}]}}