{"id":556,"date":"2012-02-04T01:26:03","date_gmt":"2012-02-04T01:26:03","guid":{"rendered":"http:\/\/www.interrapax.org\/?page_id=556"},"modified":"2012-05-13T20:35:29","modified_gmt":"2012-05-13T20:35:29","slug":"jose-ramon-perez-cebrian","status":"publish","type":"page","link":"http:\/\/www.interrapax.org\/de\/ruckblick\/dirigenten-2\/jose-ramon-perez-cebrian\/","title":{"rendered":"Jose Ramon Perez Cebrian"},"content":{"rendered":"<h1>Jose Ramon Perez Cebrian<\/h1>\n<p>Jose Ramon Perez Cebrian wurde 1948 in Losa des Obispo in der N\u00e4he von Valencia in Spanien geboren. Er studierte Musik an der Musikakademie und an der Universit\u00e4t von Valencia. Beide Fakult\u00e4ten verliehen ihm den Titel des Professors.<\/p>\n<p>Herr Perez rief drei Ch\u00f6re ins Leben: Den gemischten Chor &#8222;Virgen de Loreto&#8220; der Universit\u00e4t Madrid, einen Kinderchor an der St. Stanislaw Koski Schule Madrid sowie an der Universit\u00e4t Valencia den Sant Yago Choir. Letzteren dirigierte er 20 Jahre lang: Zusammen wurde der erste Preis beim Internationalen Chorwettbewerb von Johannesburg-Roodeport (S\u00fcdafrika), der zweite Preis beim Festival in Powell River (Kanada) und viele weitere Preise in Spanien gewonnen.<\/p>\n<p>Er arbeitet als staatlicher Inspektor der Grundschulen in Valencia und ist Direktor des Festivals Millennium Pace, welches zweij\u00e4hrlich in Valencia stattfindet. Au\u00dferdem arbeitet er oft mit Orchestern und Ch\u00f6ren aus aller Welt zusammen, insbesondere aus Polen.<\/p>\n<p>Herr Perez wurde f\u00fcr seine Verdienste von der polnischen Regierung mit dem Orden Polnischer Kultur ausgezeichnet. Die Stadt Stettin ehrte ihn mit der Goldmedaille der Gesellschaft der Freunde der Stadt Stettin. Schlie\u00dflich erlangte er Diplome der Technischen Universit\u00e4t Stettin und des Marszalek Stettin.<\/p>\n<p>1998 war Jose Ramon Perez Cebrian Dirigent der Deutsch-Polnischen Chorakademie &#8222;in terra pax&#8220;.<\/p>\n","protected":false},"excerpt":{"rendered":"<p>Jose Ramon Perez Cebrian Jose Ramon Perez Cebrian wurde 1948 in Losa des Obispo in der N\u00e4he von Valencia in Spanien geboren. Er studierte Musik an der Musikakademie und an der Universit\u00e4t von Valencia. Beide Fakult\u00e4ten verliehen ihm den Titel &hellip; <a href=\"http:\/\/www.interrapax.org\/de\/ruckblick\/dirigenten-2\/jose-ramon-perez-cebrian\/\">Continue reading <span class=\"meta-nav\">&rarr;<\/span><\/a><\/p>\n","protected":false},"author":2,"featured_media":0,"parent":174,"menu_order":0,"comment_status":"closed","ping_status":"open","template":"","meta":{"footnotes":""},"class_list":["post-556","page","type-page","status-publish","hentry"],"_links":{"self":[{"href":"http:\/\/www.interrapax.org\/de\/wp-json\/wp\/v2\/pages\/556","targetHints":{"allow":["GET"]}}],"collection":[{"href":"http:\/\/www.interrapax.org\/de\/wp-json\/wp\/v2\/pages"}],"about":[{"href":"http:\/\/www.interrapax.org\/de\/wp-json\/wp\/v2\/types\/page"}],"author":[{"embeddable":true,"href":"http:\/\/www.interrapax.org\/de\/wp-json\/wp\/v2\/users\/2"}],"replies":[{"embeddable":true,"href":"http:\/\/www.interrapax.org\/de\/wp-json\/wp\/v2\/comments?post=556"}],"version-history":[{"count":2,"href":"http:\/\/www.interrapax.org\/de\/wp-json\/wp\/v2\/pages\/556\/revisions"}],"predecessor-version":[{"id":1073,"href":"http:\/\/www.interrapax.org\/de\/wp-json\/wp\/v2\/pages\/556\/revisions\/1073"}],"up":[{"embeddable":true,"href":"http:\/\/www.interrapax.org\/de\/wp-json\/wp\/v2\/pages\/174"}],"wp:attachment":[{"href":"http:\/\/www.interrapax.org\/de\/wp-json\/wp\/v2\/media?parent=556"}],"curies":[{"name":"wp","href":"https:\/\/api.w.org\/{rel}","templated":true}]}}