{"id":551,"date":"2012-02-04T01:24:56","date_gmt":"2012-02-04T01:24:56","guid":{"rendered":"http:\/\/www.interrapax.org\/?page_id=551"},"modified":"2012-05-13T20:37:45","modified_gmt":"2012-05-13T20:37:45","slug":"volker-schrewe-2","status":"publish","type":"page","link":"http:\/\/www.interrapax.org\/de\/ruckblick\/dirigenten-2\/volker-schrewe-2\/","title":{"rendered":"Volker Schrewe"},"content":{"rendered":"<h1>Volker Schrewe<\/h1>\n<p>Volker Schrewe wurde in G\u00fctersloh in Westfalen geboren und machte in der Knabenkantorei des Evangelisch Stiftischen Gymnasiums seine ersten Chorerfahrungen. Nach Schulmusikstudium an der NWD Musikakademie Detmold (Hauptf\u00e4cher Gesang und Chorleitung) und dem Staatsexamen f\u00fcr das Lehramt am Gymnasium an der Universit\u00e4t Hannover, begann er ein Gesang-studium an der Musikhochschule Detmold. Der K\u00fcnstlerischen Reifepr\u00fcfung folgten private Gesangstudien bei Prof. William Workman in Hamburg und Meisterkurse u. a. bei Theo Adam.<\/p>\n<p>Neben Konzertverpflichtungen als Solist, T\u00e4tigkeiten in verschiedenen Ensembles f\u00fcr Alte Musik und im Vokalquartett DROPS mit zahlreichen CD-, Rundfunk, und Fernsehproduktionen, war Volker Schrewe schon fr\u00fch auch als Dirigent verschiedener Ch\u00f6re t\u00e4tig. Er sang nahezu alle gro\u00dfen Oratorienpartien, zahllose Bach-Kantaten und widmet sich als Lieds\u00e4nger neben Kompositionen von Richard Strauss, Modest Mussorgsky, Robert Schumann, Franz Schubert und insbesondere den Balladen von Carl Loewe, auch der zeitgen\u00f6ssischen Musik, wie mehrere Urauff\u00fchrungen von Walter Steffens und Max Becksch\u00e4fer belegen.<\/p>\n<p>Volker Schrewe hat sich durch seine Vielseitigkeit als S\u00e4nger einen Namen gemacht, sowie durch seine Leistungen als Dirigent und Motor verschiedener kultureller Projekte, wie z.B. im Lortzing-Jahr 2001 die Gr\u00fcndung der \u201eNeuen Detmolder Liedertafel\u201c. Des Weiteren geh\u00f6ren Chor- und Orchesterkonzerte u.a. mit Sudetenphilharmonie, Detmolder Hornquartett, Nordwestdeutsche Philharmonie, Hilliard Ensemble, Panonia Orchester, Detmolder Orchester-gesellschaft, Blechbl\u00e4serensemble der Berliner Philharmoniker und ein Lehr-auftrag \u201eChorische Stimmbildung\u201c an der Hochschule f\u00fcr Musik Detmold zu seinem vielf\u00e4ltigen Aufgaben.<\/p>\n<p>Seit 2000 ist Volker Schrewe Dirigent des \u201ePhilharmonischen Chores Lippe e.V.\u201c und engagiert sich schon seit einigen Jahren f\u00fcr den Aufbau einer musikalischen Bildungs- und Begenungsst\u00e4tte im Kloster Marienm\u00fcnster, wo er auch seit etlichen Jahren lebt.<\/p>\n<p>2006 ist Volker Schrewe erstmals Dirigent der Deutsch-Polnischen Chorakademie \u201ein terra pax\u201c.<\/p>\n","protected":false},"excerpt":{"rendered":"<p>Volker Schrewe Volker Schrewe wurde in G\u00fctersloh in Westfalen geboren und machte in der Knabenkantorei des Evangelisch Stiftischen Gymnasiums seine ersten Chorerfahrungen. Nach Schulmusikstudium an der NWD Musikakademie Detmold (Hauptf\u00e4cher Gesang und Chorleitung) und dem Staatsexamen f\u00fcr das Lehramt am &hellip; <a href=\"http:\/\/www.interrapax.org\/de\/ruckblick\/dirigenten-2\/volker-schrewe-2\/\">Continue reading <span class=\"meta-nav\">&rarr;<\/span><\/a><\/p>\n","protected":false},"author":2,"featured_media":0,"parent":174,"menu_order":0,"comment_status":"closed","ping_status":"open","template":"","meta":{"footnotes":""},"class_list":["post-551","page","type-page","status-publish","hentry"],"_links":{"self":[{"href":"http:\/\/www.interrapax.org\/de\/wp-json\/wp\/v2\/pages\/551","targetHints":{"allow":["GET"]}}],"collection":[{"href":"http:\/\/www.interrapax.org\/de\/wp-json\/wp\/v2\/pages"}],"about":[{"href":"http:\/\/www.interrapax.org\/de\/wp-json\/wp\/v2\/types\/page"}],"author":[{"embeddable":true,"href":"http:\/\/www.interrapax.org\/de\/wp-json\/wp\/v2\/users\/2"}],"replies":[{"embeddable":true,"href":"http:\/\/www.interrapax.org\/de\/wp-json\/wp\/v2\/comments?post=551"}],"version-history":[{"count":2,"href":"http:\/\/www.interrapax.org\/de\/wp-json\/wp\/v2\/pages\/551\/revisions"}],"predecessor-version":[{"id":1080,"href":"http:\/\/www.interrapax.org\/de\/wp-json\/wp\/v2\/pages\/551\/revisions\/1080"}],"up":[{"embeddable":true,"href":"http:\/\/www.interrapax.org\/de\/wp-json\/wp\/v2\/pages\/174"}],"wp:attachment":[{"href":"http:\/\/www.interrapax.org\/de\/wp-json\/wp\/v2\/media?parent=551"}],"curies":[{"name":"wp","href":"https:\/\/api.w.org\/{rel}","templated":true}]}}