{"id":548,"date":"2012-02-03T23:46:12","date_gmt":"2012-02-03T23:46:12","guid":{"rendered":"http:\/\/www.interrapax.org\/?page_id=548"},"modified":"2012-05-13T20:34:35","modified_gmt":"2012-05-13T20:34:35","slug":"548-2","status":"publish","type":"page","link":"http:\/\/www.interrapax.org\/de\/ruckblick\/dirigenten-2\/548-2\/","title":{"rendered":"Harold Lenselink"},"content":{"rendered":"<h1>Harold Lenselink<\/h1>\n<p>Harold Lenselink studierte Klavier und Orchesterleitung an der Musikhochschule in Utrecht. Als Dozent f\u00fcr Chorleitung arbeitet er am Konservatorium Alkmaar und ist Mitarbeiter der holl\u00e4ndischen Chororganisation SNK\/UNISONO. Er arbeitet als Jurymitglied bei vielen Wettbewerben mit und ist musikalischer Berater verschiedener Organisationen in Holland.<\/p>\n<p>Viele Jahre war er Dirigent des Utrechter Universit\u00e4tschores und -orchesters (USKO) und Chorleiter des von ihm gegr\u00fcndete Vocal Jazz Ensembles &#8222;Umbellifera&#8220;.<\/p>\n<p>Als Gastdozent war Harold Lenselink aktiv u.a. bei der Bayerischen Musikakademie in Marktoberdorf und Hammelburg, der Staatlichen Hochschule f\u00fcr Musik Karlsruhe, der franz\u00f6sischen Chor Organisation &#8222;A Coeur Joie&#8220;und der holl\u00e4ndischen SNK.<\/p>\n<p>Als Gastdirigent und Leiter eigener Ensembles war er t\u00e4tig in ganz Europa und in Israel.<\/p>\n<p>Harold Lenselink hat Ateliers geleitet bei Festivals wie &#8222;Europa Cantat&#8220;, &#8222;Euro Chor&#8220;, &#8222;Choralies&#8220; in Vaison la Romaine (Frankreich), &#8222;Zimriya&#8220; in Jerusalem (Israel), Euro Treff Baden-W\u00fcrttemberg, Vokalwoche Wolfsberg (\u00d6sterreich), Kor72 (D\u00e4nemark), &#8222;European Symposium on Choral Music&#8220; in Ljubljana (Sowenien), &#8222;International Singing Week&#8220; in Veszprem (Ungarn) und &#8222;Internationaal Koorfestival&#8220; in Arnheim (Niederlande). Harold Lenselink hat viele Urauff\u00fchrungen von Werken holl\u00e4ndischer Komponisten geleitet.<\/p>\n<p>Als Bearbeiter von Vocal Jazz hat er einige Preise bekommen; genannt sei au\u00dferdem seine Auszeichnung anl\u00e4sslich des &#8222;Festival Internacional orquestras de Joventes&#8220; in Murcia (Spanien) f\u00fcr seine Interpretation der Matth\u00e4us Passion von J. S. Bach.<\/p>\n<p>1993 und 1996 war Harold Lenselink Dirigent der Deutsch-Polnischen Chorakademie &#8222;in terra pax&#8220;.<\/p>\n","protected":false},"excerpt":{"rendered":"<p>Harold Lenselink Harold Lenselink studierte Klavier und Orchesterleitung an der Musikhochschule in Utrecht. Als Dozent f\u00fcr Chorleitung arbeitet er am Konservatorium Alkmaar und ist Mitarbeiter der holl\u00e4ndischen Chororganisation SNK\/UNISONO. Er arbeitet als Jurymitglied bei vielen Wettbewerben mit und ist musikalischer &hellip; <a href=\"http:\/\/www.interrapax.org\/de\/ruckblick\/dirigenten-2\/548-2\/\">Continue reading <span class=\"meta-nav\">&rarr;<\/span><\/a><\/p>\n","protected":false},"author":2,"featured_media":0,"parent":174,"menu_order":0,"comment_status":"closed","ping_status":"closed","template":"","meta":{"footnotes":""},"class_list":["post-548","page","type-page","status-publish","hentry"],"_links":{"self":[{"href":"http:\/\/www.interrapax.org\/de\/wp-json\/wp\/v2\/pages\/548","targetHints":{"allow":["GET"]}}],"collection":[{"href":"http:\/\/www.interrapax.org\/de\/wp-json\/wp\/v2\/pages"}],"about":[{"href":"http:\/\/www.interrapax.org\/de\/wp-json\/wp\/v2\/types\/page"}],"author":[{"embeddable":true,"href":"http:\/\/www.interrapax.org\/de\/wp-json\/wp\/v2\/users\/2"}],"replies":[{"embeddable":true,"href":"http:\/\/www.interrapax.org\/de\/wp-json\/wp\/v2\/comments?post=548"}],"version-history":[{"count":4,"href":"http:\/\/www.interrapax.org\/de\/wp-json\/wp\/v2\/pages\/548\/revisions"}],"predecessor-version":[{"id":1068,"href":"http:\/\/www.interrapax.org\/de\/wp-json\/wp\/v2\/pages\/548\/revisions\/1068"}],"up":[{"embeddable":true,"href":"http:\/\/www.interrapax.org\/de\/wp-json\/wp\/v2\/pages\/174"}],"wp:attachment":[{"href":"http:\/\/www.interrapax.org\/de\/wp-json\/wp\/v2\/media?parent=548"}],"curies":[{"name":"wp","href":"https:\/\/api.w.org\/{rel}","templated":true}]}}