{"id":526,"date":"2012-02-03T23:35:41","date_gmt":"2012-02-03T23:35:41","guid":{"rendered":"http:\/\/www.interrapax.org\/?page_id=526"},"modified":"2012-05-13T20:37:16","modified_gmt":"2012-05-13T20:37:16","slug":"werner-pfaff","status":"publish","type":"page","link":"http:\/\/www.interrapax.org\/de\/ruckblick\/dirigenten-2\/werner-pfaff\/","title":{"rendered":"Werner Pfaff"},"content":{"rendered":"<h1>Werner Pfaff<\/h1>\n<p>Werner Pfaff studierte Dirigieren (sein wichtigster Lehrer war Hans Michael Beuerle), Klavier und Gesang sowie Musikwissenschaft, Germanistik und Philosophie. Weitere wichtige k\u00fcnstlerische Erfahrungen sammelte er unter dem Dirigat von Solti, Sinopoli, Chailly, Bertini, Inbal, Harnoncourt, Gielen, Marriner, Rostropowitsch, Penderecki und Ericson.<\/p>\n<p>Seit 1980 ist Werner Pfaff Leiter des STUDIO VOCALE KARLSRUHE: Mit diesem Ensemble errang er mehrere internationale 1. Preise, wurde zu vielen Festivals in Europa, Amerika und Asien eingeladen und spielte zahlreiche Fernseh- und Rundfunkproduktionen ein.<\/p>\n<p>Von 1989-96 war er Dozent f\u00fcr Dirigieren an der Musikhochschule Frankfurt am Main, von 1992-95 Dozent f\u00fcr Dirigieren an der Hochschule f\u00fcr Musik &#8222;Franz Liszt&#8220; in Weimar.<\/p>\n<p>Pfaff dirigierte verschiedene Orchester in Deutschland, Frankreich und der Tschechoslowakei und leitete auch verschiedene Barockorchester mit historischen Instrumenten.<\/p>\n<p>Er ist Gastdirigent von Rundfunkch\u00f6ren im In- und Ausland, professionellen (oder semiprofessionellen) Ch\u00f6ren weltweit wie &#8222;Seoul Motet Choir&#8220; (Korea), &#8222;Exaudi&#8220; (Havanna, Kuba), &#8222;Basler Madrigalisten&#8220; (Schweiz), &#8222;GCC Grupo de Canto Coral de Buenos Aires&#8220; (Argentinien), &#8222;Jauna Muzika&#8220; (Wilna, Litauen), &#8222;Cantigas&#8220; (Barcelona, Spanien); Musikhochschulch\u00f6ren in Caracas (Venezuela), Danzig (Polen), Basel (Schweiz), Wilna (Litauen); Internationalen Chorateliers in Kuba, Argentinien, Venezuela; &#8222;Zimriya&#8220; in Israel, &#8222;Europa Cantat 12&#8220; in D\u00e4nemark, Deutschland, Polen.<\/p>\n<p>Pfaff h\u00e4lt Dirigierkurse und Meisterklassen auf der ganzen Welt und ist Jurymitglied bei zahlreichen internationalen Chorwettbewerben, u.a. in Tours (Frankreich), Tolosa (Spanien), Riva del Garda (Italien), Trelew (Argentinien), Netanya (Israel), Miedzyzdroje (Polen) oder Zwickau.<\/p>\n<p>1991 war Werner Pfaff einer der Mitbegr\u00fcnder der &#8222;Deutsch-Polnischen Chorakademie &#8222;in terra pax&#8220; und ist seitdem einer der st\u00e4ndigen Dirigenten des Chores.<\/p>\n","protected":false},"excerpt":{"rendered":"<p>Werner Pfaff Werner Pfaff studierte Dirigieren (sein wichtigster Lehrer war Hans Michael Beuerle), Klavier und Gesang sowie Musikwissenschaft, Germanistik und Philosophie. Weitere wichtige k\u00fcnstlerische Erfahrungen sammelte er unter dem Dirigat von Solti, Sinopoli, Chailly, Bertini, Inbal, Harnoncourt, Gielen, Marriner, Rostropowitsch, &hellip; <a href=\"http:\/\/www.interrapax.org\/de\/ruckblick\/dirigenten-2\/werner-pfaff\/\">Continue reading <span class=\"meta-nav\">&rarr;<\/span><\/a><\/p>\n","protected":false},"author":2,"featured_media":0,"parent":174,"menu_order":0,"comment_status":"closed","ping_status":"open","template":"","meta":{"footnotes":""},"class_list":["post-526","page","type-page","status-publish","hentry"],"_links":{"self":[{"href":"http:\/\/www.interrapax.org\/de\/wp-json\/wp\/v2\/pages\/526","targetHints":{"allow":["GET"]}}],"collection":[{"href":"http:\/\/www.interrapax.org\/de\/wp-json\/wp\/v2\/pages"}],"about":[{"href":"http:\/\/www.interrapax.org\/de\/wp-json\/wp\/v2\/types\/page"}],"author":[{"embeddable":true,"href":"http:\/\/www.interrapax.org\/de\/wp-json\/wp\/v2\/users\/2"}],"replies":[{"embeddable":true,"href":"http:\/\/www.interrapax.org\/de\/wp-json\/wp\/v2\/comments?post=526"}],"version-history":[{"count":2,"href":"http:\/\/www.interrapax.org\/de\/wp-json\/wp\/v2\/pages\/526\/revisions"}],"predecessor-version":[{"id":1079,"href":"http:\/\/www.interrapax.org\/de\/wp-json\/wp\/v2\/pages\/526\/revisions\/1079"}],"up":[{"embeddable":true,"href":"http:\/\/www.interrapax.org\/de\/wp-json\/wp\/v2\/pages\/174"}],"wp:attachment":[{"href":"http:\/\/www.interrapax.org\/de\/wp-json\/wp\/v2\/media?parent=526"}],"curies":[{"name":"wp","href":"https:\/\/api.w.org\/{rel}","templated":true}]}}