{"id":518,"date":"2012-02-03T23:32:13","date_gmt":"2012-02-03T23:32:13","guid":{"rendered":"http:\/\/www.interrapax.org\/?page_id=518"},"modified":"2012-05-13T20:37:00","modified_gmt":"2012-05-13T20:37:00","slug":"volker-schmidt-gertenbach","status":"publish","type":"page","link":"http:\/\/www.interrapax.org\/de\/ruckblick\/dirigenten-2\/volker-schmidt-gertenbach\/","title":{"rendered":"Volker Schmidt-Gertenbach"},"content":{"rendered":"<h1>Volker Schmidt-Gertenbach<\/h1>\n<p>Volker Schmidt-Gertenbach war von 1974 bis 1989 Chefdirigent des G\u00f6ttinger Symphonie Orchesters, von 1981 bis 1984 auch st\u00e4ndiger Dirigent des Radio-Symphonie-Orchesters in Stavanger (Norwegen). Seither widmet er sich ausschlie\u00dflich seinen umfangreichen Verpflichtungen als Gastdirigent in aller Welt.<\/p>\n<p>K\u00fcnstler wie Wilhelm Kempff, Claudio Arrau, Alfred Brendel, Martha Argerich, Mstislav Rostropowitch, Heinrich Schiff und Frank Peter Zimmermann z\u00e4hlen zu jenen Pers\u00f6nlichkeiten, mit denen er mehrfach bzw. regelm\u00e4\u00dfig musiziert hat.<\/p>\n<p>Besonders verbunden ist er heute den weltber\u00fchmten Orchestern &#8222;Sinfonia Varsovia&#8220;, dem &#8222;Polnischen Kammerorchester&#8220; und &#8222;Cappella Istropolitana&#8220;. Mit ihnen hat er umfangreiche Konzertreisen durch die Bundesrepublik, Italien, die USA, Spanien und Japan absolviert.<\/p>\n<p>In St\u00e4dten wie Wien, Berlin, Rom, Chicago und Washington ist er ebenso aufgetreten, wie beim Schleswig-Holstein Musik-Festival, dem Eastern Music Festival (USA), dem Sommer-Festival von Menton (Frankreich), dem Rheingau Musik Festival und bei den Festspielen Mecklenburg-Vorpommern.<\/p>\n<p>Ferner war er als Gastdirigent in vielen L\u00e4ndern Europas, aber auch in \u00c4gypten, Israel, Korea, Japan, S\u00fcdafrika, Mexiko und den USA.<\/p>\n<p>\u00dcber 100 Werke hat er f\u00fcr die verschiedensten Rundfunkanstalten eingespielt, ist mehrfach im Fernsehen aufgetreten und hat sich auch auf dem Tontr\u00e4germarkt einen Namen gemacht.<\/p>\n<p>1998, 2001, 2002 war Volker Schmidt-Gertenbach Dirigent der Deutsch-Polnischen Chorakademie &#8222;in terra pax&#8220;.<\/p>\n","protected":false},"excerpt":{"rendered":"<p>Volker Schmidt-Gertenbach Volker Schmidt-Gertenbach war von 1974 bis 1989 Chefdirigent des G\u00f6ttinger Symphonie Orchesters, von 1981 bis 1984 auch st\u00e4ndiger Dirigent des Radio-Symphonie-Orchesters in Stavanger (Norwegen). Seither widmet er sich ausschlie\u00dflich seinen umfangreichen Verpflichtungen als Gastdirigent in aller Welt. K\u00fcnstler &hellip; <a href=\"http:\/\/www.interrapax.org\/de\/ruckblick\/dirigenten-2\/volker-schmidt-gertenbach\/\">Continue reading <span class=\"meta-nav\">&rarr;<\/span><\/a><\/p>\n","protected":false},"author":2,"featured_media":0,"parent":174,"menu_order":0,"comment_status":"closed","ping_status":"open","template":"","meta":{"footnotes":""},"class_list":["post-518","page","type-page","status-publish","hentry"],"_links":{"self":[{"href":"http:\/\/www.interrapax.org\/de\/wp-json\/wp\/v2\/pages\/518","targetHints":{"allow":["GET"]}}],"collection":[{"href":"http:\/\/www.interrapax.org\/de\/wp-json\/wp\/v2\/pages"}],"about":[{"href":"http:\/\/www.interrapax.org\/de\/wp-json\/wp\/v2\/types\/page"}],"author":[{"embeddable":true,"href":"http:\/\/www.interrapax.org\/de\/wp-json\/wp\/v2\/users\/2"}],"replies":[{"embeddable":true,"href":"http:\/\/www.interrapax.org\/de\/wp-json\/wp\/v2\/comments?post=518"}],"version-history":[{"count":2,"href":"http:\/\/www.interrapax.org\/de\/wp-json\/wp\/v2\/pages\/518\/revisions"}],"predecessor-version":[{"id":1078,"href":"http:\/\/www.interrapax.org\/de\/wp-json\/wp\/v2\/pages\/518\/revisions\/1078"}],"up":[{"embeddable":true,"href":"http:\/\/www.interrapax.org\/de\/wp-json\/wp\/v2\/pages\/174"}],"wp:attachment":[{"href":"http:\/\/www.interrapax.org\/de\/wp-json\/wp\/v2\/media?parent=518"}],"curies":[{"name":"wp","href":"https:\/\/api.w.org\/{rel}","templated":true}]}}