{"id":215,"date":"2011-07-24T17:15:01","date_gmt":"2011-07-24T17:15:01","guid":{"rendered":"http:\/\/www.interrapax.org\/?page_id=215"},"modified":"2023-04-08T07:47:46","modified_gmt":"2023-04-08T07:47:46","slug":"uber-uns","status":"publish","type":"page","link":"http:\/\/www.interrapax.org\/de\/uber-uns\/","title":{"rendered":"\u00dcber uns"},"content":{"rendered":"\n<h2 class=\"wp-block-heading\">\u00dcber <em>in terra pax<\/em><\/h2>\n\n\n\n<p><em>in terra pax<\/em> vereint Chorsingende aus ganz Europa zu einer unvergleichlichen musikalischen Erfahrung, die zusammenschwei\u00dft! Wir m\u00f6chten gemeinsam musizieren, Br\u00fccken bauen, neue Menschen kennenlernen und Freundschaften f\u00fcrs Leben schlie\u00dfen.<\/p>\n\n\n\n<p>Daf\u00fcr trifft sich die Chorakademie <em>in terra pax<\/em> jedes Jahr im Juni in Mi\u0119dzyzdroje an der polnischen Ostsee, um innerhalb einer Woche mit international renommierten Dirigent*innen ein stets neues, anspruchsvolles <em>a capella<\/em> Programm zu erarbeiten und es in mehreren Konzerten zu pr\u00e4sentieren.<\/p>\n\n\n\n<h2 class=\"wp-block-heading\"><span style=\"font-size: 16.0pt;\">Unsere Werte und Ziele<\/span><\/h2>\n\n\n\n<ul class=\"wp-block-list\">\n<li>Wir leben Vielfalt, Offenheit und Toleranz<\/li>\n\n\n\n<li>Wir m\u00f6chten Menschen aus ganz Europa zusammenbringen<\/li>\n\n\n\n<li>Wir glauben an die Kraft der Musik<\/li>\n\n\n\n<li>Wir m\u00f6chten uns mit Musizierenden aus der ganzen Welt verbinden<\/li>\n\n\n\n<li>Wir f\u00f6rdern junge Musiker*innen und Dirigent*innen<\/li>\n\n\n\n<li>Wir verbreiten und f\u00fchren Musik von wenig bekannten Komponist*innen auf<\/li>\n<\/ul>\n\n\n\n<h2 class=\"wp-block-heading\">Auftritte<\/h2>\n\n\n\n<p>Das Programm wird im Rahmen des <a rel=\"noreferrer noopener\" href=\"http:\/\/www.mfpch.eu\/participation.html\" target=\"_blank\">Internationalen Chorfestivals von Mi\u0119dzyzdroje<\/a> und in mehreren eigenen Konzerten aufgef\u00fchrt. Oft schlie\u00dft sich an die Probenphase eine Konzertreise mit weiteren Auff\u00fchrungen an. Zur jeweils aktuellen Konzertreise halten wir unsere Mitglieder per Email auf dem Laufenden.<\/p>\n\n\n\n<h2 class=\"wp-block-heading\">Kultur, Freizeit und Miteinander<\/h2>\n\n\n\n<p>Neben den intensiven Proben soll der Spa\u00df nicht zu kurz kommen! Deshalb gestalten wir ein buntes Programm aus Freizeitaktivit\u00e4ten wie gemeinsamen Theaterst\u00fccken und sportlichen Aktivit\u00e4ten f\u00fcr unsere Mitglieder. Auch f\u00fcr eine Mittagspause am Strand und einen Sprung in die Ostsee bleibt Zeit. Abends wird gemeinsam gefeiert oder am Strand der Sonnenuntergang angeschaut. Au\u00dferdem findet parallel zu<em> in terra pax<\/em> das <a rel=\"noreferrer noopener\" href=\"http:\/\/www.mfpch.eu\/participation.html\" target=\"_blank\">Internationale Chorfestival von Mi\u0119dzyzdroje<\/a> statt, dessen Konzerten man abends lauschen kann. <\/p>\n\n\n\n<p>Gaaanz wichtig, unbedingt probieren: Polnische Waffeln mit Obst und Schlagsahne!<\/p>\n\n\n\n<p><\/p>\n\n\n\n<h2 class=\"wp-block-heading\">Wir suchen neue S\u00e4nger*innen!<\/h2>\n\n\n\n<p>Wir suchen st\u00e4ndig neue Mitglieder in allen Stimmgruppen. Mehr Informationen findest du unter <a title=\"Mitmachen\" href=\"?page_id=241&amp;lang=de\">Mitmachen<\/a> und in den <a href=\"http:\/\/www.interrapax.org\/de\/mitmachen\/faq\/\" data-type=\"page\" data-id=\"1270\">FAQ<\/a>. Zur Anmeldung geht geht <a href=\"http:\/\/www.interrapax.org\/de\/mitmachen\/anmeldung\/\" data-type=\"page\" data-id=\"269\">hier<\/a>. <\/p>\n","protected":false},"excerpt":{"rendered":"<p>\u00dcber in terra pax in terra pax vereint Chorsingende aus ganz Europa zu einer unvergleichlichen musikalischen Erfahrung, die zusammenschwei\u00dft! Wir m\u00f6chten gemeinsam musizieren, Br\u00fccken bauen, neue Menschen kennenlernen und Freundschaften f\u00fcrs Leben schlie\u00dfen. Daf\u00fcr trifft sich die Chorakademie in terra &hellip; <a href=\"http:\/\/www.interrapax.org\/de\/uber-uns\/\">Continue reading <span class=\"meta-nav\">&rarr;<\/span><\/a><\/p>\n","protected":false},"author":13,"featured_media":0,"parent":0,"menu_order":0,"comment_status":"closed","ping_status":"open","template":"","meta":{"footnotes":""},"class_list":["post-215","page","type-page","status-publish","hentry"],"_links":{"self":[{"href":"http:\/\/www.interrapax.org\/de\/wp-json\/wp\/v2\/pages\/215","targetHints":{"allow":["GET"]}}],"collection":[{"href":"http:\/\/www.interrapax.org\/de\/wp-json\/wp\/v2\/pages"}],"about":[{"href":"http:\/\/www.interrapax.org\/de\/wp-json\/wp\/v2\/types\/page"}],"author":[{"embeddable":true,"href":"http:\/\/www.interrapax.org\/de\/wp-json\/wp\/v2\/users\/13"}],"replies":[{"embeddable":true,"href":"http:\/\/www.interrapax.org\/de\/wp-json\/wp\/v2\/comments?post=215"}],"version-history":[{"count":20,"href":"http:\/\/www.interrapax.org\/de\/wp-json\/wp\/v2\/pages\/215\/revisions"}],"predecessor-version":[{"id":2775,"href":"http:\/\/www.interrapax.org\/de\/wp-json\/wp\/v2\/pages\/215\/revisions\/2775"}],"wp:attachment":[{"href":"http:\/\/www.interrapax.org\/de\/wp-json\/wp\/v2\/media?parent=215"}],"curies":[{"name":"wp","href":"https:\/\/api.w.org\/{rel}","templated":true}]}}