{"id":2007,"date":"2018-09-20T12:32:42","date_gmt":"2018-09-20T12:32:42","guid":{"rendered":"http:\/\/www.interrapax.org\/?page_id=2007"},"modified":"2018-09-20T12:36:00","modified_gmt":"2018-09-20T12:36:00","slug":"datenschutzerklaerung","status":"publish","type":"page","link":"http:\/\/www.interrapax.org\/de\/datenschutzerklaerung\/","title":{"rendered":"Datenschutzerkl\u00e4rung"},"content":{"rendered":"<h1>Datenschutzerkl\u00e4rung<\/h1>\n<p>Der Schutz von personenbezogenen Daten ist uns wichtig. Wir halten die geltenden Datenschutzgesetze und unsere entsprechenden Erkl\u00e4rungen ein. Bei Fragen k\u00f6nnen Sie sich gerne jederzeit an uns wenden.<\/p>\n<p><strong>Verantwortliche Stelle<\/strong><br \/>\nDie verantwortliche Stelle f\u00fcr die Datenverarbeitung ist:<br \/>\nF\u00f6rderverein f\u00fcr Chormusik &#8222;in terra pax&#8220; e.V.<br \/>\nE-Mail: <a href=\"mailto:germany@interrapax.org\">germany@interrapax.org<\/a><\/p>\n<p><strong>Kontaktformular und E-Mail-Kontakt<\/strong><br \/>\nEs ist eine Kontaktaufnahme \u00fcber das bereitgestellte Kontaktformular oder die unter Kontakt genannte E-Mail-Adresse m\u00f6glich. In diesem Fall werden die \u00fcbermittelten personenbezogenen Daten des Nutzers (Name, Vorname, E-Mail) zum Zweck der Bearbeitung der Anfrage gespeichert.<br \/>\nDie Anfrage wird an den gesamten Vorstand des Vereins per unverschl\u00fcsselter E-Mail gesendet.<br \/>\nEs findet keine Speicherung oder Verwendung \u00fcber die Bearbeitung der Anfrage hinaus statt. Auf Wunsch kann ein Eintrag auf unseren E-Mail-Verteiler f\u00fcr zuk\u00fcnftige Projekte erfolgen. Hierzu speichern wir Name, Vorname, E-Mail-Adresse in verschl\u00fcsselter Form auf einem Cloud Storage Provider.<\/p>\n<p><strong>Daten von Teilnehmern unserer Projekte<\/strong><br \/>\nZur Organisation und Durchf\u00fchrung von Projekten ben\u00f6tigen wir einige personenbezogene Daten der Teilnehmer. Dies sind Stammdaten (Geschlecht, Name, Vorname, Adresse, E-Mail-Adresse, Telefonnummer) sowie projektspezifische Daten wie z.B. Stimmgruppe, Chorerfahrung, T-Shirt Gr\u00f6\u00dfe oder Ern\u00e4hrungsbesonderheiten. Die Pflichtdaten sind im Anmeldeformular gekennzeichnet, alle weiteren Angaben sind freiwillig. Die Daten werden per unverschl\u00fcsselter E-Mail versendet und in verschl\u00fcsselter Form auf einem Cloud Storage Provider abgelegt.<br \/>\nAlle an der Organisation und Durchf\u00fchrung von Projekten beteiligten Personen bekommen Zugriff auf die Daten, soweit sie f\u00fcr ihre Aufgaben n\u00f6tig sind. Insbesondere geben wir die Daten zu diesem Zweck an unsere polnischen und franz\u00f6sischen Partner weiter. An die Teilnehmer wird vor Beginn der Reise eine Teilnehmerliste mit Kontaktdaten (Name, Vorname, E-Mail-Adresse, Telefonnummer) geschickt um die Kommunikation in der Gruppe zu erleichtern. Pers\u00f6nliche Daten werden unter Umst\u00e4nden auch bei der Einreichung von F\u00f6rderantr\u00e4gen bzw. beim Nachweis der Verwendung von F\u00f6rdermitteln ben\u00f6tigt.<br \/>\nProjektdaten werden 10 Jahre nach Ende des Projekts gel\u00f6scht. Alle Teilnehmer unserer Projekte werden auf unseren E-Mail-Verteiler f\u00fcr zuk\u00fcnftige Projekte eingetragen (Name, Vorname, E-Mail-Adresse). Dieser Eintrag wird bei Widerspruch sofort gel\u00f6scht.<\/p>\n<p><strong>Daten von Vereinsmitgliedern<\/strong><br \/>\nZur Wahrnehmung von Vereinsaufgaben ben\u00f6tigen wir von unseren Mitgliedern Stammdaten (Name, Vorname, Adresse, E-Mail-Adresse, Telefonnummer) sowie Kontodaten und Status (Verdiener oder Nicht-Verdiener) f\u00fcr den Einzug der Mitgliedsbeitr\u00e4ge.<br \/>\nAlle Vereinsvorst\u00e4nde bekommen Zugriff auf die Daten. Der Zugriff wird beendet, sobald ein Vorstand sein Amt niederlegt.<br \/>\nStammdaten werden bis zu 5 Jahre nach Austritt aus dem Verein gespeichert. Eine Speicherung kann dar\u00fcber hinaus erfolgen, wenn dies durch Verordnungen, Gesetze oder sonstigen Vorschriften vorgeschrieben ist.<\/p>\n<p><strong>Daten von Spendern<\/strong><br \/>\nZur Austellung von Spendenbescheinigung ben\u00f6tigen wir Name, Vorname und Postadresse des Spenders, sowie Tag und Betrag der Spende. Diese Daten werden von uns in verschl\u00fcsselter Form auf einem Cloud Storage Provider gespeichert bis die Steuerpr\u00fcfung der Gemeinn\u00fctzigkeit f\u00fcr das entsprechende Jahr erfolgt ist. Leider ist es uns aus gesetzlichen Gr\u00fcnden nicht m\u00f6glich diese Daten vorher zu l\u00f6schen, selbst wenn eine entsprechende Anfrage gestellt wird.<\/p>\n<p><strong>Datenverarbeitung auf unserer Website<\/strong><br \/>\nBei jedem Zugriff eines Nutzers auf unsere Website und bei jedem Abruf einer Datei werden Zugriffsdaten \u00fcber diesen Vorgang in einer Protokolldatei auf Servern unsere Dienstleister gespeichert. Der Anbieter beh\u00e4lt sich vor, die Protokolldaten nachtr\u00e4glich zu \u00fcberpr\u00fcfen, wenn aufgrund konkreter Anhaltspunkte der berechtigte Verdacht einer rechtswidrigen Nutzung besteht. Eine weitere Auswertung oder die Weitergabe an Dritte findet nicht statt.<br \/>\nF\u00fcr Integration und Darstellung von Videoinhalten nutzt unsere Website Plugins von YouTube. Anbieter des Videoportals ist die YouTube, LLC, 901 Cherry Ave., San Bruno, CA 94066, USA. Bei Aufruf einer Seite mit integriertem YouTube-Plugin wird eine Verbindung zu den Servern von YouTube hergestellt. YouTube erf\u00e4hrt hierdurch, welche unserer Seiten Sie aufgerufen haben. YouTube kann Ihr Surfverhalten direkt Ihrem pers\u00f6nlichen Profil zuzuordnen, sollten Sie in Ihrem YouTube Konto eingeloggt sein. Durch vorheriges Ausloggen haben Sie die M\u00f6glichkeit, dies zu unterbinden. Die Nutzung von YouTube erfolgt im Interesse einer ansprechenden Darstellung unserer Online-Angebote. Dies stellt ein berechtigtes Interesse im Sinne von Art. 6 Abs. 1 lit. f DSGVO dar. Einzelheiten zum Umgang mit Nutzerdaten finden Sie in der Datenschutzerkl\u00e4rung von YouTube unter: <a href=\"https:\/\/www.google.de\/intl\/de\/policies\/privacy\">https:\/\/www.google.de\/intl\/de\/policies\/privacy<\/a>.<\/p>\n","protected":false},"excerpt":{"rendered":"<p>Datenschutzerkl\u00e4rung Der Schutz von personenbezogenen Daten ist uns wichtig. Wir halten die geltenden Datenschutzgesetze und unsere entsprechenden Erkl\u00e4rungen ein. Bei Fragen k\u00f6nnen Sie sich gerne jederzeit an uns wenden. Verantwortliche Stelle Die verantwortliche Stelle f\u00fcr die Datenverarbeitung ist: F\u00f6rderverein f\u00fcr &hellip; <a href=\"http:\/\/www.interrapax.org\/de\/datenschutzerklaerung\/\">Continue reading <span class=\"meta-nav\">&rarr;<\/span><\/a><\/p>\n","protected":false},"author":2,"featured_media":0,"parent":0,"menu_order":0,"comment_status":"closed","ping_status":"closed","template":"","meta":{"footnotes":""},"class_list":["post-2007","page","type-page","status-publish","hentry"],"_links":{"self":[{"href":"http:\/\/www.interrapax.org\/de\/wp-json\/wp\/v2\/pages\/2007","targetHints":{"allow":["GET"]}}],"collection":[{"href":"http:\/\/www.interrapax.org\/de\/wp-json\/wp\/v2\/pages"}],"about":[{"href":"http:\/\/www.interrapax.org\/de\/wp-json\/wp\/v2\/types\/page"}],"author":[{"embeddable":true,"href":"http:\/\/www.interrapax.org\/de\/wp-json\/wp\/v2\/users\/2"}],"replies":[{"embeddable":true,"href":"http:\/\/www.interrapax.org\/de\/wp-json\/wp\/v2\/comments?post=2007"}],"version-history":[{"count":8,"href":"http:\/\/www.interrapax.org\/de\/wp-json\/wp\/v2\/pages\/2007\/revisions"}],"predecessor-version":[{"id":2015,"href":"http:\/\/www.interrapax.org\/de\/wp-json\/wp\/v2\/pages\/2007\/revisions\/2015"}],"wp:attachment":[{"href":"http:\/\/www.interrapax.org\/de\/wp-json\/wp\/v2\/media?parent=2007"}],"curies":[{"name":"wp","href":"https:\/\/api.w.org\/{rel}","templated":true}]}}