{"id":200,"date":"2011-07-24T15:26:57","date_gmt":"2011-07-24T15:26:57","guid":{"rendered":"http:\/\/www.interrapax.org\/?page_id=200"},"modified":"2019-03-11T20:26:57","modified_gmt":"2019-03-11T20:26:57","slug":"szymon-wyrzykowski","status":"publish","type":"page","link":"http:\/\/www.interrapax.org\/de\/ruckblick\/dirigenten-2\/szymon-wyrzykowski\/","title":{"rendered":"Szymon Wyrzykowski"},"content":{"rendered":"<h1>Szymon Wyrzykowski<\/h1>\n<p><img loading=\"lazy\" decoding=\"async\" class=\"size-medium wp-image-2037 alignleft\" src=\"http:\/\/www.interrapax.org\/wp-content\/uploads\/Interrapax-2-199x300.jpg\" alt=\"\" width=\"199\" height=\"300\" srcset=\"http:\/\/www.interrapax.org\/wp-content\/uploads\/Interrapax-2-199x300.jpg 199w, http:\/\/www.interrapax.org\/wp-content\/uploads\/Interrapax-2.jpg 499w\" sizes=\"auto, (max-width: 199px) 100vw, 199px\" \/>Szymon Wyrzykowski begann seine Musikausbildung im Alter von 6 Jahren und beendete alle Etappen mit Auszeichnungen. Zwischen 1998 und 2001 studierte er an der Musikakademie in Poznan, Abteilung Stettin, im Fach Chorleitung bei Professor Jan Szyrocki und 2006 schloss er ein weiteres Studiums an der Fakult\u00e4t f\u00fcr Musiktheorie, Dirigieren und Komposition der Musikakademie in Warschau (Symphonie und Oper) bei Professor Antoni Wit ab.<\/p>\n<p>Im Jahr 2008 begann er seine Doktorarbeit an der musikalischen Universit\u00e4t Warschau im Fach Dirigieren die er 2015 abschloss. Seit seinem 17. Lebensjahr leitet er verschiedene Instrumental- und Vokalensembles in ganz Polen. Er dirigierte Orchester und Ch\u00f6re wie: \u00bbSinfonia Varsovia\u00ab, Philharmonie in Stettin, \u015awi\u0119tokrzyska und Cz\u0119stochowska, Orchester \u00bbAkademie\u00ab, Orchester \u00bbBaltic Neopolis\u00ab, Chor und Orchester der Mozartgesellschaft, Chor \u00bbAllegrezza del Canto\u00ab.<\/p>\n<p>Szymon Wyrzykowski ist einer der Gr\u00fcnder der Mozartgesellschaft 2003 und ist ihr k\u00fcnstlerischer Leiter. Im Rahmen seiner T\u00e4tigkeit in der Mozartgesellschaft hat er \u00fcber 40 Oratorienkonzerte in gr\u00f6\u00dferen polnischen St\u00e4dten organisiert und aufgef\u00fchrt und plant bis zum Jahr 2020 alle sakralen Werke Mozarts in der originalen (liturgischen) Version aufzuf\u00fchren. Er arbeitete zusammen mit Pers\u00f6nlichkeiten wie: Jan Szyrocki, Kurt Masur, Richard Zielinski, Billy Harper, Marek Tracz, Pawe\u0142 \u0141ukaszewski, Andrzej Nikodemowicz, Ernest Bryll und Krzysztof Kolberger.<\/p>\n<p>Seit Oktober 2006 ist er Dirigent und k\u00fcnstlerischer Leiter des Akademischen Chores \u00bbProf. Jan Szyrocki\u00ab der Technischen Universit\u00e4t Szczecin\/Stettin mit dem er viele Reisen unternahm, z.B. nach Litauen, Wei\u00dfrussland, Slovakei, Deutschland, Frankreich, Spanien, Norwegen und Chile. Zum 60-j\u00e4hrigen Bestehen der Hochschule f\u00fchrte er im September 2006 mit dem Chor die &#8222;Kr\u00f6nungsmesse&#8220; von W.A. Mozart auf. Im Januar 2007 leitete er in der Kathedrale zu Stettin das schon zur Tradition gewordene &#8222;Weihnachtsmysterium&#8220;. Unter seiner Leitung gewann der Chor drei Chorwettbewerbe und er selbst gewann dreimal den Preis f\u00fcr den besten Dirigenten.<\/p>\n<p>Seit 2011 ist Szymon Dirigent von \u00bbin terra pax\u00ab, im Jahr 2015 hat er die k\u00fcnstlerische Leitung der Akademie \u00fcbernommen.<\/p>\n","protected":false},"excerpt":{"rendered":"<p>Szymon Wyrzykowski Szymon Wyrzykowski begann seine Musikausbildung im Alter von 6 Jahren und beendete alle Etappen mit Auszeichnungen. Zwischen 1998 und 2001 studierte er an der Musikakademie in Poznan, Abteilung Stettin, im Fach Chorleitung bei Professor Jan Szyrocki und 2006 &hellip; <a href=\"http:\/\/www.interrapax.org\/de\/ruckblick\/dirigenten-2\/szymon-wyrzykowski\/\">Continue reading <span class=\"meta-nav\">&rarr;<\/span><\/a><\/p>\n","protected":false},"author":13,"featured_media":0,"parent":174,"menu_order":0,"comment_status":"closed","ping_status":"closed","template":"","meta":{"footnotes":""},"class_list":["post-200","page","type-page","status-publish","hentry"],"_links":{"self":[{"href":"http:\/\/www.interrapax.org\/de\/wp-json\/wp\/v2\/pages\/200","targetHints":{"allow":["GET"]}}],"collection":[{"href":"http:\/\/www.interrapax.org\/de\/wp-json\/wp\/v2\/pages"}],"about":[{"href":"http:\/\/www.interrapax.org\/de\/wp-json\/wp\/v2\/types\/page"}],"author":[{"embeddable":true,"href":"http:\/\/www.interrapax.org\/de\/wp-json\/wp\/v2\/users\/13"}],"replies":[{"embeddable":true,"href":"http:\/\/www.interrapax.org\/de\/wp-json\/wp\/v2\/comments?post=200"}],"version-history":[{"count":5,"href":"http:\/\/www.interrapax.org\/de\/wp-json\/wp\/v2\/pages\/200\/revisions"}],"predecessor-version":[{"id":2324,"href":"http:\/\/www.interrapax.org\/de\/wp-json\/wp\/v2\/pages\/200\/revisions\/2324"}],"up":[{"embeddable":true,"href":"http:\/\/www.interrapax.org\/de\/wp-json\/wp\/v2\/pages\/174"}],"wp:attachment":[{"href":"http:\/\/www.interrapax.org\/de\/wp-json\/wp\/v2\/media?parent=200"}],"curies":[{"name":"wp","href":"https:\/\/api.w.org\/{rel}","templated":true}]}}