{"id":1818,"date":"2012-03-02T15:32:53","date_gmt":"2012-03-02T15:32:53","guid":{"rendered":"http:\/\/www.interrapax.org\/?page_id=1818"},"modified":"2020-06-11T09:04:18","modified_gmt":"2020-06-11T09:04:18","slug":"lorganisation-in-terra-pax","status":"publish","type":"page","link":"http:\/\/www.interrapax.org\/de\/contact-2\/lorganisation-in-terra-pax\/","title":{"rendered":"L&#8217;organisation In Terra Pax"},"content":{"rendered":"<p><strong>ORGANIGRAME<\/strong><\/p>\n<p align=\"center\"><strong>Chef de ch\u0153ur et directeur artistique:<\/strong><br \/>\nSzymon Wyrzykowski<\/p>\n<p align=\"center\"><strong>Directeur de l\u2019organisation:<\/strong><br \/>\nGrzegorz Bosy<\/p>\n<div align=\"center\">\n<table border=\"1\" width=\"88%\" cellpadding=\"0\">\n<tbody>\n<tr>\n<td nowrap=\"nowrap\" width=\"31%\">\n<p align=\"center\"><strong><span style=\"text-decoration: underline;\">L\u2019organisation en Pologne<\/span><\/strong><\/p>\n<\/td>\n<td nowrap=\"nowrap\" width=\"29%\">\n<p align=\"center\"><strong><span style=\"text-decoration: underline;\">L\u2019organisation en Allemagne:<\/span><\/strong><\/p>\n<\/td>\n<td nowrap=\"nowrap\" width=\"36%\">\n<p align=\"center\"><strong><span style=\"text-decoration: underline;\">L\u2019organisation en France:<\/span><\/strong><\/p>\n<\/td>\n<\/tr>\n<tr>\n<td valign=\"top\" width=\"31%\">\n<p style=\"text-align: left;\"><strong>Grzegorz Bosy<br \/>\nKatarzyna <\/strong><strong><strong><strong>Wilkonska<\/strong><\/strong><\/strong><\/p>\n<p style=\"text-align: left;\"><strong>. . . . . .<\/strong><\/p>\n<p style=\"text-align: left;\">Ch\u0153ur acad\u00e9mique de l\u2019universit\u00e9 technique de Szczecin &#8222;Jan Szyrocki&#8220; CHAPS<\/p>\n<\/td>\n<td valign=\"top\" width=\"29%\"><strong>Holger Rode<\/strong><strong><strong><strong><br \/>\nWiltrud Kessler<\/strong><\/strong><\/strong><strong>. . . . . .<\/strong><\/p>\n<p>Association d\u00e9clar\u00e9e pour la protection de l\u2019acad\u00e9mie germano-polonaise &#8222;in terra pax&#8220;<\/td>\n<td valign=\"top\" width=\"36%\"><strong>Julien VINCENT \u00a0 \u00a0\u00a0<\/strong><strong> Beno\u00eet ROCH Emmanuelle DA COSTA<br \/>\n<\/strong><strong><br \/>\n. . . . . .<\/strong><\/p>\n<p>Pr\u00e9sident, tr\u00e9sorier et secr\u00e9taire des amis d\u2019In Terra Pax, association cr\u00e9\u00e9e en 2010 par Bernard STURM<\/p>\n<div>\n<\/div>\n<p><strong>\u2020 Bernard Sturm<\/strong><br \/>\nGroupe Vocal Universitaire de St. Etienne<\/td>\n<\/tr>\n<\/tbody>\n<\/table>\n<\/div>\n<p><strong> LA DELEGATION POLONAISE<\/strong><\/p>\n<p><strong>Grzegorz BOSY<\/strong> est \u00e0 l\u2019heure actuelle le directeur g\u00e9n\u00e9ral de l\u2019organisation d\u2019<strong>In Terra Pax<\/strong> et \u0153uvre depuis sa cr\u00e9ation pour accueillir chaque ann\u00e9e les choristes de l\u2019Acad\u00e9mie Internationale. Il est \u00e9paul\u00e9 par <strong>Barbara Prokesch <\/strong>depuis de nombreuses ann\u00e9es, et depuis quelque temps ils ont \u00e9t\u00e9 rejoints par<strong> Katarzyna Wilkonska<\/strong> qui parle couramment le fran\u00e7ais et facilite donc nos \u00e9changes internationaux !<\/p>\n<p><strong>LA D\u00c9L\u00c9GATION ALLEMANDE<\/strong><\/p>\n<p>C\u2019est depuis 2011 que Holger Rode et Wiltrud Kessler ont repris le flambeau pour repr\u00e9senter l\u2019Allemagne.<\/p>\n<p><strong>LA D\u00c9L\u00c9GATION FRAN\u00c7AISE<\/strong><\/p>\n<ul>\n<li>Association In Terra Pax Singers<\/li>\n<\/ul>\n<p>Pr\u00e9sident : Julien VINCENT , Secr\u00e9taire : Emmanuelle DA COSTA, Tr\u00e9sorier : Beno\u00eet ROCH<\/p>\n<p><strong>\u00a0<\/strong><\/p>\n<p><strong>\u00a0<\/strong><\/p>\n<p align=\"center\"><em>.<\/em><\/p>\n<p align=\"center\">\n<p align=\"center\">\n","protected":false},"excerpt":{"rendered":"<p>ORGANIGRAME Chef de ch\u0153ur et directeur artistique: Szymon Wyrzykowski Directeur de l\u2019organisation: Grzegorz Bosy L\u2019organisation en Pologne L\u2019organisation en Allemagne: L\u2019organisation en France: Grzegorz Bosy Katarzyna Wilkonska . . . . . . Ch\u0153ur acad\u00e9mique de l\u2019universit\u00e9 technique de Szczecin &hellip; <a href=\"http:\/\/www.interrapax.org\/de\/contact-2\/lorganisation-in-terra-pax\/\">Continue reading <span class=\"meta-nav\">&rarr;<\/span><\/a><\/p>\n","protected":false},"author":12,"featured_media":0,"parent":33,"menu_order":0,"comment_status":"closed","ping_status":"closed","template":"","meta":{"footnotes":""},"class_list":["post-1818","page","type-page","status-publish","hentry"],"_links":{"self":[{"href":"http:\/\/www.interrapax.org\/de\/wp-json\/wp\/v2\/pages\/1818","targetHints":{"allow":["GET"]}}],"collection":[{"href":"http:\/\/www.interrapax.org\/de\/wp-json\/wp\/v2\/pages"}],"about":[{"href":"http:\/\/www.interrapax.org\/de\/wp-json\/wp\/v2\/types\/page"}],"author":[{"embeddable":true,"href":"http:\/\/www.interrapax.org\/de\/wp-json\/wp\/v2\/users\/12"}],"replies":[{"embeddable":true,"href":"http:\/\/www.interrapax.org\/de\/wp-json\/wp\/v2\/comments?post=1818"}],"version-history":[{"count":7,"href":"http:\/\/www.interrapax.org\/de\/wp-json\/wp\/v2\/pages\/1818\/revisions"}],"predecessor-version":[{"id":2419,"href":"http:\/\/www.interrapax.org\/de\/wp-json\/wp\/v2\/pages\/1818\/revisions\/2419"}],"up":[{"embeddable":true,"href":"http:\/\/www.interrapax.org\/de\/wp-json\/wp\/v2\/pages\/33"}],"wp:attachment":[{"href":"http:\/\/www.interrapax.org\/de\/wp-json\/wp\/v2\/media?parent=1818"}],"curies":[{"name":"wp","href":"https:\/\/api.w.org\/{rel}","templated":true}]}}