{"id":174,"date":"2011-07-24T15:07:45","date_gmt":"2011-07-24T15:07:45","guid":{"rendered":"http:\/\/www.interrapax.org\/?page_id=174"},"modified":"2023-03-23T15:17:19","modified_gmt":"2023-03-23T15:17:19","slug":"dirigenten-2","status":"publish","type":"page","link":"http:\/\/www.interrapax.org\/de\/ruckblick\/dirigenten-2\/","title":{"rendered":"Dirigenten"},"content":{"rendered":"<h1>Dirigent*innen<\/h1>\n<p>Dies ist eine Liste der Dirigent*innen, die im Laufe der Jahre mit<em> in terra pax<\/em> gearbeitet haben. Die Biographien beschreiben jeweils den Stand zu der Zeit als die Person Dirigent*in bei\u00a0 war. Bitte habt Verst\u00e4ndnis daf\u00fcr, dass sie nicht aktualisiert werden.<\/p>\n<p>Aktuelle Dirigenten:<\/p>\n<ul>\n<li><a title=\"Szymon Wyrzykowski\" href=\"?page_id=200&amp;lang=de\">Szymon Wyrzykowski <\/a> (k\u00fcnstlerischer Leiter)<\/li>\n<\/ul>\n<p>Dirigent*innen der vergangenen Jahre:<\/p>\n<ul>\n<li><a href=\"http:\/\/www.interrapax.org\/de\/matthias-beckert\/\">Matthias Beckert<\/a><\/li>\n<li><a href=\"http:\/\/www.interrapax.org\/de\/iryna-dusheyko\/\">Iryna Dusheyko<\/a><\/li>\n<li><a href=\"http:\/\/www.interrapax.org\/de\/2634-2\/\">Monika Ba\u017e\u00edkov\u00e1<\/a><\/li>\n<li><a title=\"Christiane B\u00fcttig\" href=\"?page_id=2291&amp;lang=de\">Christiane B\u00fcttig<\/a><\/li>\n<li><a title=\"Jean-Baptiste Bertrand\" href=\"?page_id=169&amp;lang=de\">Jean-Baptiste Bertrand<\/a><\/li>\n<li><a title=\"Benedykt B\u0142o\u0144ski\" href=\"?page_id=162&amp;lang=de\">Benedykt B\u0142o\u0144ski<\/a><\/li>\n<li><a title=\"J\u00fcrgen Fa\u00dfbender\" href=\"?page_id=558&amp;lang=de\">J\u00fcrgen Fa\u00dfbender<\/a><\/li>\n<li><a title=\"Don James\" href=\"?page_id=560&amp;lang=de\">Don James<\/a><\/li>\n<li><a title=\"Harold Lenselink\" href=\"?page_id=548&amp;lang=de\">Harold Lenselink<\/a><\/li>\n<li><a title=\"Jan Liermann\" href=\"?page_id=1650\">Jan Liermann<\/a><\/li>\n<li><a title=\"Jan Pasveer\" href=\"?page_id=562&amp;lang=de\">Jan Pasveer<\/a><\/li>\n<li><a title=\"Jose Ramon Perez Cebrian\" href=\"?page_id=556&amp;lang=de\">Jose Ramon Perez Cebrian<\/a><\/li>\n<li><a title=\"Werner Pfaff\" href=\"?page_id=526&amp;lang=de\">Werner Pfaff<\/a><\/li>\n<li>Felipe Salazar (Kolumbien)<\/li>\n<li><a title=\"Volker Schmidt-Gertenbach\" href=\"?page_id=518&amp;lang=de\">Volker Schmidt-Gertenbach<\/a><\/li>\n<li><a title=\"Volker Schrewe\" href=\"?page_id=551&amp;lang=de\">Volker Schrewe<\/a><\/li>\n<li><a title=\"Jan Szyrocki\" href=\"?page_id=166&amp;lang=de\">Jan Szyrocki<\/a><\/li>\n<li><a title=\"Bronislawa Wietrzny\" href=\"?page_id=564&amp;lang=de\">Bronislawa Wietrzny<\/a><\/li>\n<li><a title=\"Martin Winkler\" href=\"?page_id=554&amp;lang=de\">Martin Winkler<\/a><\/li>\n<li><a title=\"Richard Zielinski\" href=\"?page_id=172&amp;lang=de\">Richard Zielinski<\/a><\/li>\n<\/ul>\n","protected":false},"excerpt":{"rendered":"<p>Dirigent*innen Dies ist eine Liste der Dirigent*innen, die im Laufe der Jahre mit in terra pax gearbeitet haben. Die Biographien beschreiben jeweils den Stand zu der Zeit als die Person Dirigent*in bei\u00a0 war. Bitte habt Verst\u00e4ndnis daf\u00fcr, dass sie nicht &hellip; <a href=\"http:\/\/www.interrapax.org\/de\/ruckblick\/dirigenten-2\/\">Continue reading <span class=\"meta-nav\">&rarr;<\/span><\/a><\/p>\n","protected":false},"author":13,"featured_media":0,"parent":212,"menu_order":0,"comment_status":"closed","ping_status":"open","template":"","meta":{"footnotes":""},"class_list":["post-174","page","type-page","status-publish","hentry"],"_links":{"self":[{"href":"http:\/\/www.interrapax.org\/de\/wp-json\/wp\/v2\/pages\/174","targetHints":{"allow":["GET"]}}],"collection":[{"href":"http:\/\/www.interrapax.org\/de\/wp-json\/wp\/v2\/pages"}],"about":[{"href":"http:\/\/www.interrapax.org\/de\/wp-json\/wp\/v2\/types\/page"}],"author":[{"embeddable":true,"href":"http:\/\/www.interrapax.org\/de\/wp-json\/wp\/v2\/users\/13"}],"replies":[{"embeddable":true,"href":"http:\/\/www.interrapax.org\/de\/wp-json\/wp\/v2\/comments?post=174"}],"version-history":[{"count":23,"href":"http:\/\/www.interrapax.org\/de\/wp-json\/wp\/v2\/pages\/174\/revisions"}],"predecessor-version":[{"id":2749,"href":"http:\/\/www.interrapax.org\/de\/wp-json\/wp\/v2\/pages\/174\/revisions\/2749"}],"up":[{"embeddable":true,"href":"http:\/\/www.interrapax.org\/de\/wp-json\/wp\/v2\/pages\/212"}],"wp:attachment":[{"href":"http:\/\/www.interrapax.org\/de\/wp-json\/wp\/v2\/media?parent=174"}],"curies":[{"name":"wp","href":"https:\/\/api.w.org\/{rel}","templated":true}]}}