{"id":172,"date":"2011-07-24T15:07:14","date_gmt":"2011-07-24T15:07:14","guid":{"rendered":"http:\/\/www.interrapax.org\/?page_id=172"},"modified":"2012-05-13T20:36:29","modified_gmt":"2012-05-13T20:36:29","slug":"richard-zielinski","status":"publish","type":"page","link":"http:\/\/www.interrapax.org\/de\/ruckblick\/dirigenten-2\/richard-zielinski\/","title":{"rendered":"Richard Zielinski"},"content":{"rendered":"<h1>Richard Zielinski<\/h1>\n<p>Richard Zielinski studierte bei Donald Neuen, Don V. Moses und Jan Szyrocki. Er erlangte einen Bachelor-Abschluss in Musikerziehung an der Universit\u00e4t von Wisconsin (USA), mehrere Master\u2019s degrees in Chorleitung und Vokalvortrag der Eastman Musikschule und ist Doktor der musikalischen K\u00fcnste, verliehen von der Universit\u00e4t von Illinois (USA).<\/p>\n<p>Dr. Zielinski ist Professor und Direktor f\u00fcr chorische Aktivit\u00e4ten an der Musikalischen Fakult\u00e4t der Universit\u00e4t von S\u00fcd-Florida (Tampa, USA). Dort leitet er den Kammerchor der USF, lehrt Chorleitung und \u00fcberwacht und delegiert alle chorische Aktivit\u00e4t. Neben dieser akademischen Aufgabe arbeitet Dr. Zielinski als musikalischer und k\u00fcnstlerischer Direktor des Master Chorale of Tampa Bay. Dieses ist ein aus 150 ausgew\u00e4hlten Stimmen bestehender, ebenfalls an der Universit\u00e4t beheimateter Chor, welcher in erster Linie als erster Chor des Florida Orchestra fungiert. Oktober 2003 wurde Dr. Zielinski zum Dirigenten und k\u00fcnstlerischen Leiter des auf der ganzen Welt renommierten Akademischen Chores der Technischen Universit\u00e4t Stettin \u201eJan Szyrocki\u201c (Polen) ernannt und behielt diesen Posten bis Juni 2005 inne.<\/p>\n<p>Seinen Forschungsschwerpunkt setzt Dr. Zielinski auf Techniken der Choreinstudierung und auf Musik des 20. Jahrhunderts, insbesondere auf Polnische Chormusik. Daf\u00fcr erhielt er einige Auszeichnungen, u.a. von der National Endowment for the Humanities und der Kosciuszko Stiftung, au\u00dferdem gewann der Wilkspreis f\u00fcr Forschung an Polnischer Musik. Erst k\u00fcrzlich ver\u00f6ffentlichte Dr. Zielinski ein Kapitel im Lehrbuch Essays In Polish Music (Hrsg. Dr. Maria Anna Harley) \u00fcber Karol Szymanowskis Stabat Mater.<\/p>\n<p>Dr. Zielinski ist Direktor und k\u00fcnstlerischer Leiter des Internationalen Chorliedfestivals von Mi\u0119dzyzdroje (Polen), stellv. Direktor und Dirigent des Klassischen Musikfestivals in Eisenstadt (\u00d6sterreich) und seit 10 Jahren k\u00fcnstlerischer Direktor und Dirigent des Fond du Lac summer music festival und des Philharmonischen Orchesters Wisconsin (USA).<\/p>\n<p>Dr. Zielinski dirigierte Chorprogramme an den Universit\u00e4ten von Indiana, New York und Georgia. Er arbeitete als Musikdirektor der Elegin Choral Union (Illinois, USA), des Vermilion Festival Chorus (Illinois, USA), des Choral Guild of Atlanta (Georgia, USA) und der Terre Haute Masterworks (Illinois, USA). Er arbeitete zusammen mit den Komponisten Samuel Adler, Libby Larsen, James Oliverio und Krystoff Penderecki und nahm an unz\u00e4hligen nordamerikanischen und internationalen Musikfestivals und Wettbewerben teil.<\/p>\n<p>Seit 2001 war Dr. Zielinski Dirigent bei In Terra Pax. In den Jahren 2003-2006 war er auch k\u00fcnstlerischer Leiter des Chores.<\/p>\n","protected":false},"excerpt":{"rendered":"<p>Richard Zielinski Richard Zielinski studierte bei Donald Neuen, Don V. Moses und Jan Szyrocki. Er erlangte einen Bachelor-Abschluss in Musikerziehung an der Universit\u00e4t von Wisconsin (USA), mehrere Master\u2019s degrees in Chorleitung und Vokalvortrag der Eastman Musikschule und ist Doktor der &hellip; <a href=\"http:\/\/www.interrapax.org\/de\/ruckblick\/dirigenten-2\/richard-zielinski\/\">Continue reading <span class=\"meta-nav\">&rarr;<\/span><\/a><\/p>\n","protected":false},"author":13,"featured_media":0,"parent":174,"menu_order":0,"comment_status":"closed","ping_status":"open","template":"","meta":{"footnotes":""},"class_list":["post-172","page","type-page","status-publish","hentry"],"_links":{"self":[{"href":"http:\/\/www.interrapax.org\/de\/wp-json\/wp\/v2\/pages\/172","targetHints":{"allow":["GET"]}}],"collection":[{"href":"http:\/\/www.interrapax.org\/de\/wp-json\/wp\/v2\/pages"}],"about":[{"href":"http:\/\/www.interrapax.org\/de\/wp-json\/wp\/v2\/types\/page"}],"author":[{"embeddable":true,"href":"http:\/\/www.interrapax.org\/de\/wp-json\/wp\/v2\/users\/13"}],"replies":[{"embeddable":true,"href":"http:\/\/www.interrapax.org\/de\/wp-json\/wp\/v2\/comments?post=172"}],"version-history":[{"count":2,"href":"http:\/\/www.interrapax.org\/de\/wp-json\/wp\/v2\/pages\/172\/revisions"}],"predecessor-version":[{"id":1076,"href":"http:\/\/www.interrapax.org\/de\/wp-json\/wp\/v2\/pages\/172\/revisions\/1076"}],"up":[{"embeddable":true,"href":"http:\/\/www.interrapax.org\/de\/wp-json\/wp\/v2\/pages\/174"}],"wp:attachment":[{"href":"http:\/\/www.interrapax.org\/de\/wp-json\/wp\/v2\/media?parent=172"}],"curies":[{"name":"wp","href":"https:\/\/api.w.org\/{rel}","templated":true}]}}