{"id":169,"date":"2011-07-24T15:06:49","date_gmt":"2011-07-24T15:06:49","guid":{"rendered":"http:\/\/www.interrapax.org\/?page_id=169"},"modified":"2013-07-23T23:48:35","modified_gmt":"2013-07-23T23:48:35","slug":"jean-baptiste-bertrand","status":"publish","type":"page","link":"http:\/\/www.interrapax.org\/de\/ruckblick\/dirigenten-2\/jean-baptiste-bertrand\/","title":{"rendered":"Jean-Baptiste Bertrand"},"content":{"rendered":"<h1>Jean-Baptiste Bertrand<\/h1>\n<p><img loading=\"lazy\" decoding=\"async\" class=\"alignleft  wp-image-1392\" alt=\"Jean-Baptiste\" src=\"http:\/\/www.interrapax.org\/wp-content\/uploads\/Interrapax-3-199x300.jpg\" width=\"139\" height=\"210\" srcset=\"http:\/\/www.interrapax.org\/wp-content\/uploads\/Interrapax-3-199x300.jpg 199w, http:\/\/www.interrapax.org\/wp-content\/uploads\/Interrapax-3.jpg 499w\" sizes=\"auto, (max-width: 139px) 100vw, 139px\" \/> Jean-Baptiste Bertrand studierte Komposition, Dirigieren und Klavierjazz in Lyon und Grenoble als Sch\u00fcler von Daniel Kawka, Philippe Caillard, Fran\u00e7ois Lusignant und Alfio Origlio. Seine chormusikalischen F\u00e4higkeiten konnte er am Konservatorium in Stockholm vertiefen, sowie beim Chor des schwedischen Nationalsenders, Leitung Eric Ericson. Weitere wichtige Erfahrungen sammelte er auf Studienreisen nach Polen, wo er sich unter Prof. Jan Szyrocki weiterbilden konnte.<\/p>\n<p>Jean-Baptiste Bertrand arbeitet als Dozent f\u00fcr &#8222;K\u00fcnstlerische Leitung im Bereich Chormusik&#8220; und als Studienrat f\u00fcr Musikerziehung. Seit 1996 ist er musikalischer Leiter der Universit\u00e4tschores &#8222;Groupe Vocal Universitaire&#8220; von St Etienne, 2003 rief er den Kammerchor &#8222;Ikonos&#8220; ins Leben. Au\u00dferdem nahm er im Jahr 2003 das Dirigentenamt der &#8222;Ma\u00eetrise de la Loire&#8220; an.<br \/>\nDavor gr\u00fcndete er einen Kurs f\u00fcr Chormusik, den er selbst unterrichtete, und entwickelte ein Ausbildungsprogramm f\u00fcr angehende Chorleiter an der &#8222;Ecole Nationale de la Magistrature&#8220; in St. Etienne.<\/p>\n<p>Sein Augenmerk richtet Bertrand auf a-cappella-Musik, insbesondere auf zeitgen\u00f6ssische Musik der \u00f6stlichen Staaten. So war er 2002 Gastdirigent beim internationalen Festival &#8222;Universitas Cantat&#8220; in Posen (Polen). Er kooperierte mit vielen zeitgen\u00f6ssischen K\u00fcnstlern wie etwa Jean Pierre Sciau, Romain Didier, Matthieu Burgard, Marek Jasinski oder A. Koszewski. Er hat mehrere Werke f\u00fcr Chor und\/oder Orchester einstudiert oder dirigiert, so Haydns &#8222;Stabat mater&#8220; mit dem Kammerorchester Lyon, den 42. Psalm Mendelssohns, die Oper &#8222;Astr\u00e9e&#8220; von Collasse, Haydns &#8222;Sch\u00f6pfung&#8220;, &#8222;Carmina Burana&#8220; von Orff, &#8222;Pinocchio&#8220; (R. Didier), das &#8222;Requiem&#8220; von G. Faur\u00e9 sowie &#8222;Membra Jesus Nostri&#8220; von D. Buxtehude (in Zusammenarbeit mit Gilles Cantagrel). Von diesen Projekten sind teilweise CDs ver\u00f6ffentlicht worden.<\/p>\n<p>2003 (in Frankreich) war Jean-Baptiste Bertrand Dirigent der Deutsch-Polnischen Chorakademie &#8222;in terra pax&#8220;; In den Jahren 2004 und 2006 hat er mit dem Chor in Miedzyzdroje gearbeitet.<\/p>\n","protected":false},"excerpt":{"rendered":"<p>Jean-Baptiste Bertrand Jean-Baptiste Bertrand studierte Komposition, Dirigieren und Klavierjazz in Lyon und Grenoble als Sch\u00fcler von Daniel Kawka, Philippe Caillard, Fran\u00e7ois Lusignant und Alfio Origlio. Seine chormusikalischen F\u00e4higkeiten konnte er am Konservatorium in Stockholm vertiefen, sowie beim Chor des schwedischen &hellip; <a href=\"http:\/\/www.interrapax.org\/de\/ruckblick\/dirigenten-2\/jean-baptiste-bertrand\/\">Continue reading <span class=\"meta-nav\">&rarr;<\/span><\/a><\/p>\n","protected":false},"author":13,"featured_media":0,"parent":174,"menu_order":0,"comment_status":"closed","ping_status":"open","template":"","meta":{"footnotes":""},"class_list":["post-169","page","type-page","status-publish","hentry"],"_links":{"self":[{"href":"http:\/\/www.interrapax.org\/de\/wp-json\/wp\/v2\/pages\/169","targetHints":{"allow":["GET"]}}],"collection":[{"href":"http:\/\/www.interrapax.org\/de\/wp-json\/wp\/v2\/pages"}],"about":[{"href":"http:\/\/www.interrapax.org\/de\/wp-json\/wp\/v2\/types\/page"}],"author":[{"embeddable":true,"href":"http:\/\/www.interrapax.org\/de\/wp-json\/wp\/v2\/users\/13"}],"replies":[{"embeddable":true,"href":"http:\/\/www.interrapax.org\/de\/wp-json\/wp\/v2\/comments?post=169"}],"version-history":[{"count":11,"href":"http:\/\/www.interrapax.org\/de\/wp-json\/wp\/v2\/pages\/169\/revisions"}],"predecessor-version":[{"id":1402,"href":"http:\/\/www.interrapax.org\/de\/wp-json\/wp\/v2\/pages\/169\/revisions\/1402"}],"up":[{"embeddable":true,"href":"http:\/\/www.interrapax.org\/de\/wp-json\/wp\/v2\/pages\/174"}],"wp:attachment":[{"href":"http:\/\/www.interrapax.org\/de\/wp-json\/wp\/v2\/media?parent=169"}],"curies":[{"name":"wp","href":"https:\/\/api.w.org\/{rel}","templated":true}]}}