{"id":166,"date":"2011-07-24T15:06:22","date_gmt":"2011-07-24T15:06:22","guid":{"rendered":"http:\/\/www.interrapax.org\/?page_id=166"},"modified":"2012-05-13T20:35:03","modified_gmt":"2012-05-13T20:35:03","slug":"jan-szyrocki","status":"publish","type":"page","link":"http:\/\/www.interrapax.org\/de\/ruckblick\/dirigenten-2\/jan-szyrocki\/","title":{"rendered":"Jan Szyrocki"},"content":{"rendered":"<h1>Jan Szyrocki<\/h1>\n<p>Jan Szyrocki gr\u00fcndete im Jahre 1952 als Student den Akademischen Chor der Technischen Universit\u00e4t Szczecin (Stettin \/ Polen). Seit dieser Zeit war er auch 51 Jahre lang Dirigent und k\u00fcnstlerischer Leiter dieses inzwischen weltweit renommierten Chores. 1968 war er Stipendiat der K\u00f6niglichen Musikhochschule in Den Haag (Niederlande) und der Hochschule f\u00fcr Musik und Darstellende Kunst in Wien (\u00d6sterreich). Sein musikalisches Studium beendete er mit Auszeichnung im Jahre 1975 an der Fakult\u00e4t f\u00fcr Musiktheorie, Dirigieren und Komposition an der Staatlichen Musikhochschule in Poznan bei Professor Stefan Stuligrosz.<\/p>\n<p>Jan Szyrocki war seit 1965 Pr\u00e4sident des polnischen Chor- und Orchesterverbandes f\u00fcr den Bereich Szczecin und war 1966 Mitbegr\u00fcnder und bis 2003 auch k\u00fcnstlerischer Leiter des j\u00e4hrlich stattfindenden Internationalen Chorfestivals in Miedzyzdroje. Prof. Szyrocki war auch Mitbegr\u00fcnder und Dirigent des Stettiner Knabenchores &#8222;Slowiki&#8220; (&#8222;Nachtigallen&#8220;).<\/p>\n<p>Er war Gr\u00fcnder und Leiter der 1985 entstandenen Abteilung Musikkultur an der Technischen Universit\u00e4t in Szczecin. Er arbeitete als Professor an der Musikakademie Poznan, Abteilung Szczecin, deren Leiter er bis 1995 war. Von 1995 bis 1898 war er au\u00dferdem Chordirektor an der Nationaloper in Warszawa (Warschau \/ Polen). Bei unz\u00e4hligen nationalen und internationalen Chorwettbewerben wurde er als Jurymitglied berufen. Daneben leitete er Seminare f\u00fcr Chorleiter und Dirigenten im In- und Ausland und war als Berater bei vielen ausl\u00e4ndischen Ch\u00f6ren t\u00e4tig.<\/p>\n<p>Prof. Szyrocki wurde f\u00fcr seine Verdienste mit zahlreichen Orden und Ehrungen ausgezeichnet.<\/p>\n<p>1991 geh\u00f6rte Prof. Szyrocki zu den Mitbegr\u00fcndern der Deutsch-Polnischen Chorakademie &#8222;in terra pax&#8220; und war allj\u00e4hrlich Dirigent und k\u00fcnstlerischer Leiter der Chorakademie.<\/p>\n<p>Zu unserem unermesslichen Bedauern ging unser ma\u00dfgeblicher Initiator und Motivator am 09. April 2003 nach schwerer Krankheit von uns.<\/p>\n","protected":false},"excerpt":{"rendered":"<p>Jan Szyrocki Jan Szyrocki gr\u00fcndete im Jahre 1952 als Student den Akademischen Chor der Technischen Universit\u00e4t Szczecin (Stettin \/ Polen). Seit dieser Zeit war er auch 51 Jahre lang Dirigent und k\u00fcnstlerischer Leiter dieses inzwischen weltweit renommierten Chores. 1968 war &hellip; <a href=\"http:\/\/www.interrapax.org\/de\/ruckblick\/dirigenten-2\/jan-szyrocki\/\">Continue reading <span class=\"meta-nav\">&rarr;<\/span><\/a><\/p>\n","protected":false},"author":13,"featured_media":0,"parent":174,"menu_order":0,"comment_status":"closed","ping_status":"closed","template":"","meta":{"footnotes":""},"class_list":["post-166","page","type-page","status-publish","hentry"],"_links":{"self":[{"href":"http:\/\/www.interrapax.org\/de\/wp-json\/wp\/v2\/pages\/166","targetHints":{"allow":["GET"]}}],"collection":[{"href":"http:\/\/www.interrapax.org\/de\/wp-json\/wp\/v2\/pages"}],"about":[{"href":"http:\/\/www.interrapax.org\/de\/wp-json\/wp\/v2\/types\/page"}],"author":[{"embeddable":true,"href":"http:\/\/www.interrapax.org\/de\/wp-json\/wp\/v2\/users\/13"}],"replies":[{"embeddable":true,"href":"http:\/\/www.interrapax.org\/de\/wp-json\/wp\/v2\/comments?post=166"}],"version-history":[{"count":2,"href":"http:\/\/www.interrapax.org\/de\/wp-json\/wp\/v2\/pages\/166\/revisions"}],"predecessor-version":[{"id":1071,"href":"http:\/\/www.interrapax.org\/de\/wp-json\/wp\/v2\/pages\/166\/revisions\/1071"}],"up":[{"embeddable":true,"href":"http:\/\/www.interrapax.org\/de\/wp-json\/wp\/v2\/pages\/174"}],"wp:attachment":[{"href":"http:\/\/www.interrapax.org\/de\/wp-json\/wp\/v2\/media?parent=166"}],"curies":[{"name":"wp","href":"https:\/\/api.w.org\/{rel}","templated":true}]}}