{"id":1650,"date":"2015-11-15T21:40:27","date_gmt":"2015-11-15T21:40:27","guid":{"rendered":"http:\/\/www.interrapax.org\/?page_id=1650"},"modified":"2015-11-15T21:48:59","modified_gmt":"2015-11-15T21:48:59","slug":"jan-liermann","status":"publish","type":"page","link":"http:\/\/www.interrapax.org\/de\/ruckblick\/dirigenten-2\/jan-liermann\/","title":{"rendered":"Jan Liermann"},"content":{"rendered":"<h1>Jan Liermann<\/h1>\n<p>Jan Liermann (*1987) studierte Schulmusik und Musikwissenschaft mit Hauptfach Chorleitung an der Folkwang Universit\u00e4t der K\u00fcnste in Essen. Wertvolle Impulse erhielt er von Prof. Morten Schuldt-Jensen (Freiburg), Prof. Harald Jers (Mannheim) und Dr. Matthias Lotzmann (Wuppertal). Die aktive Teilnahme an Meisterkursen bei Peter Phillips (Tallis Scholars), dem Hilliard Ensemble und den Swingle Singers bereicherte seine Ausbildung.<br \/>\nAls Chorleiter und S\u00e4nger in diversen Ensembles ist es ihm besonders wichtig, sich nicht auf ein Genre zu beschr\u00e4nken: Dementsprechend reicht sein musikalisches Spektrum von der mittelalterlichen Choralschola \u00fcber klassischen Kammerchor und Vokalsolistenensemble bis hin zur Jazz-A-Cappella-Band. <\/p>\n<p>2012 gr\u00fcndete er in Essen den Kammerchor \u201eNyKl\u00e5ng\u201c, in dem junge S\u00e4nger zusammenkommen, um gemeinsam anspruchsvolle A-Cappella-Programme zu erarbeiten und aufzuf\u00fchren. Dabei ist es den Mitgliedern des Ensembles \u2013 neben der rein technischen Umsetzung des Notentexts \u2013 ein besonderes Anliegen, die Zuh\u00f6rer in ihren Konzerten emotional anzusprechen und zu ber\u00fchren.<\/p>\n","protected":false},"excerpt":{"rendered":"<p>Jan Liermann Jan Liermann (*1987) studierte Schulmusik und Musikwissenschaft mit Hauptfach Chorleitung an der Folkwang Universit\u00e4t der K\u00fcnste in Essen. Wertvolle Impulse erhielt er von Prof. Morten Schuldt-Jensen (Freiburg), Prof. Harald Jers (Mannheim) und Dr. Matthias Lotzmann (Wuppertal). Die aktive &hellip; <a href=\"http:\/\/www.interrapax.org\/de\/ruckblick\/dirigenten-2\/jan-liermann\/\">Continue reading <span class=\"meta-nav\">&rarr;<\/span><\/a><\/p>\n","protected":false},"author":2,"featured_media":0,"parent":174,"menu_order":0,"comment_status":"closed","ping_status":"open","template":"","meta":{"footnotes":""},"class_list":["post-1650","page","type-page","status-publish","hentry"],"_links":{"self":[{"href":"http:\/\/www.interrapax.org\/de\/wp-json\/wp\/v2\/pages\/1650","targetHints":{"allow":["GET"]}}],"collection":[{"href":"http:\/\/www.interrapax.org\/de\/wp-json\/wp\/v2\/pages"}],"about":[{"href":"http:\/\/www.interrapax.org\/de\/wp-json\/wp\/v2\/types\/page"}],"author":[{"embeddable":true,"href":"http:\/\/www.interrapax.org\/de\/wp-json\/wp\/v2\/users\/2"}],"replies":[{"embeddable":true,"href":"http:\/\/www.interrapax.org\/de\/wp-json\/wp\/v2\/comments?post=1650"}],"version-history":[{"count":2,"href":"http:\/\/www.interrapax.org\/de\/wp-json\/wp\/v2\/pages\/1650\/revisions"}],"predecessor-version":[{"id":1661,"href":"http:\/\/www.interrapax.org\/de\/wp-json\/wp\/v2\/pages\/1650\/revisions\/1661"}],"up":[{"embeddable":true,"href":"http:\/\/www.interrapax.org\/de\/wp-json\/wp\/v2\/pages\/174"}],"wp:attachment":[{"href":"http:\/\/www.interrapax.org\/de\/wp-json\/wp\/v2\/media?parent=1650"}],"curies":[{"name":"wp","href":"https:\/\/api.w.org\/{rel}","templated":true}]}}